{"id":5951,"date":"2020-06-05T17:56:10","date_gmt":"2020-06-05T14:56:10","guid":{"rendered":"https:\/\/www.ksttukku.fi\/kauppa\/?post_type=product&#038;p=5951"},"modified":"2022-04-14T15:26:28","modified_gmt":"2022-04-14T12:26:28","slug":"konstsmide-terassivalot-3kpl-kaapelit-7469-000","status":"publish","type":"product","link":"https:\/\/www.ksttukku.fi\/kauppa\/tuote\/konstsmide-terassivalot-3kpl-kaapelit-7469-000\/","title":{"rendered":"Konstsmide terassivalot 3kpl +kaapelit 7469-000"},"content":{"rendered":"<p>Paketti sis\u00e4lt\u00e4\u00e4 3 kpl ledvaloja ja liit\u00e4nt\u00e4kaapelit<\/p>\n<p>Muuntaja myyd\u00e4\u00e4n erikseen<\/p>\n<p>Teho: 3 x 0,72 W<\/p>\n<p>J\u00e4nnite: 12 V<\/p>\n<p>V\u00e4ril\u00e4mp\u00f6tila: 3000 K<\/p>\n<p>Mitat: \u2205 70 mm, korkeus 45 mm<\/p>\n","protected":false},"excerpt":{"rendered":"<p>Paketti sis\u00e4lt\u00e4\u00e4 3 kpl ledvaloja ja liit\u00e4nt\u00e4kaapelit Muuntaja myyd\u00e4\u00e4n erikseen Teho: 3 x 0,72 W J\u00e4nnite: 12 V V\u00e4ril\u00e4mp\u00f6tila: 3000 K Mitat: \u2205 70 mm, korkeus 45 mm<\/p>\n","protected":false},"featured_media":5952,"comment_status":"closed","ping_status":"closed","template":"","meta":[],"product_brand":[],"product_cat":[59,36],"product_tag":[],"class_list":{"0":"post-5951","1":"product","2":"type-product","3":"status-publish","4":"has-post-thumbnail","6":"product_cat-terassivalaisimet","7":"product_cat-ulkovalaisimet","9":"first","10":"instock","11":"taxable","12":"shipping-taxable","13":"purchasable","14":"product-type-simple"},"_links":{"self":[{"href":"https:\/\/www.ksttukku.fi\/kauppa\/wp-json\/wp\/v2\/product\/5951","targetHints":{"allow":["GET"]}}],"collection":[{"href":"https:\/\/www.ksttukku.fi\/kauppa\/wp-json\/wp\/v2\/product"}],"about":[{"href":"https:\/\/www.ksttukku.fi\/kauppa\/wp-json\/wp\/v2\/types\/product"}],"replies":[{"embeddable":true,"href":"https:\/\/www.ksttukku.fi\/kauppa\/wp-json\/wp\/v2\/comments?post=5951"}],"wp:featuredmedia":[{"embeddable":true,"href":"https:\/\/www.ksttukku.fi\/kauppa\/wp-json\/wp\/v2\/media\/5952"}],"wp:attachment":[{"href":"https:\/\/www.ksttukku.fi\/kauppa\/wp-json\/wp\/v2\/media?parent=5951"}],"wp:term":[{"taxonomy":"product_brand","embeddable":true,"href":"https:\/\/www.ksttukku.fi\/kauppa\/wp-json\/wp\/v2\/product_brand?post=5951"},{"taxonomy":"product_cat","embeddable":true,"href":"https:\/\/www.ksttukku.fi\/kauppa\/wp-json\/wp\/v2\/product_cat?post=5951"},{"taxonomy":"product_tag","embeddable":true,"href":"https:\/\/www.ksttukku.fi\/kauppa\/wp-json\/wp\/v2\/product_tag?post=5951"}],"curies":[{"name":"wp","href":"https:\/\/api.w.org\/{rel}","templated":true}]}}