{"id":5979,"date":"2020-06-09T13:18:32","date_gmt":"2020-06-09T10:18:32","guid":{"rendered":"https:\/\/www.ksttukku.fi\/kauppa\/?post_type=product&#038;p=5979"},"modified":"2020-06-09T13:56:01","modified_gmt":"2020-06-09T10:56:01","slug":"valopeili-frost-700x900mm-musta","status":"publish","type":"product","link":"https:\/\/www.ksttukku.fi\/kauppa\/tuote\/valopeili-frost-700x900mm-musta\/","title":{"rendered":"Valopeili Frost 700x900mm musta"},"content":{"rendered":"<p>Uudistunut Frost-S ledvalopeili 700 x 900 x 32 mm musta. Mustaksi anodisoituun alumiinikehykseen sivulle upotettu lednauha heijastaa valoa ep\u00e4suorasti. Peili asennetaan sein\u00e4\u00e4n asennuskiskon varaan ja voidaan asentaa sek\u00e4 vaaka- ett\u00e4 pystysuuntaan. Mukana toimitetaan lukitushela peilin kiinte\u00e4\u00e4 asennusta varten sek\u00e4 IP44 liitin, joka mahtuu peilin taakse. 22,4W, 4000K, IP44, sis\u00e4lt\u00e4\u00e4 Osram teknologiaa, takuu 3 vuotta. Peiliin on mahdollista asentaa my\u00f6s Ebir valaisin, kuten uusi Esther 500mm mustana, peilin kehyksess\u00e4 on kiinnityspalat t\u00e4t\u00e4 varten.<\/p>\n","protected":false},"excerpt":{"rendered":"<p>Uudistunut Frost-S ledvalopeili 700 x 900 x 32 mm musta. Mustaksi anodisoituun alumiinikehykseen sivulle upotettu lednauha heijastaa valoa ep\u00e4suorasti. Peili asennetaan sein\u00e4\u00e4n asennuskiskon varaan ja voidaan asentaa sek\u00e4 vaaka- ett\u00e4 pystysuuntaan. Mukana toimitetaan lukitushela peilin kiinte\u00e4\u00e4 asennusta varten sek\u00e4 IP44 liitin, joka mahtuu peilin taakse. 22,4W, 4000K, IP44, sis\u00e4lt\u00e4\u00e4 Osram teknologiaa, takuu 3 vuotta. Peiliin [&hellip;]<\/p>\n","protected":false},"featured_media":5980,"comment_status":"closed","ping_status":"closed","template":"","meta":[],"product_brand":[],"product_cat":[150,237],"product_tag":[],"class_list":{"0":"post-5979","1":"product","2":"type-product","3":"status-publish","4":"has-post-thumbnail","6":"product_cat-kylpyhuone","7":"product_cat-valopeilit","9":"first","10":"instock","11":"taxable","12":"shipping-taxable","13":"purchasable","14":"product-type-simple"},"_links":{"self":[{"href":"https:\/\/www.ksttukku.fi\/kauppa\/wp-json\/wp\/v2\/product\/5979","targetHints":{"allow":["GET"]}}],"collection":[{"href":"https:\/\/www.ksttukku.fi\/kauppa\/wp-json\/wp\/v2\/product"}],"about":[{"href":"https:\/\/www.ksttukku.fi\/kauppa\/wp-json\/wp\/v2\/types\/product"}],"replies":[{"embeddable":true,"href":"https:\/\/www.ksttukku.fi\/kauppa\/wp-json\/wp\/v2\/comments?post=5979"}],"wp:featuredmedia":[{"embeddable":true,"href":"https:\/\/www.ksttukku.fi\/kauppa\/wp-json\/wp\/v2\/media\/5980"}],"wp:attachment":[{"href":"https:\/\/www.ksttukku.fi\/kauppa\/wp-json\/wp\/v2\/media?parent=5979"}],"wp:term":[{"taxonomy":"product_brand","embeddable":true,"href":"https:\/\/www.ksttukku.fi\/kauppa\/wp-json\/wp\/v2\/product_brand?post=5979"},{"taxonomy":"product_cat","embeddable":true,"href":"https:\/\/www.ksttukku.fi\/kauppa\/wp-json\/wp\/v2\/product_cat?post=5979"},{"taxonomy":"product_tag","embeddable":true,"href":"https:\/\/www.ksttukku.fi\/kauppa\/wp-json\/wp\/v2\/product_tag?post=5979"}],"curies":[{"name":"wp","href":"https:\/\/api.w.org\/{rel}","templated":true}]}}