{"id":599,"date":"2018-02-19T13:40:33","date_gmt":"2018-02-19T11:40:33","guid":{"rendered":"http:\/\/www.ksttukku.fi\/kauppa\/?post_type=product&#038;p=599"},"modified":"2019-09-06T13:03:58","modified_gmt":"2019-09-06T10:03:58","slug":"garda-rottinki-poytavalaisin-ip44","status":"publish","type":"product","link":"https:\/\/www.ksttukku.fi\/kauppa\/tuote\/garda-rottinki-poytavalaisin-ip44\/","title":{"rendered":"Garda rottinki p\u00f6yt\u00e4valaisin IP44"},"content":{"rendered":"<p>Garda p\u00f6yt\u00e4- ja lattiavalaisin ulkok\u00e4ytt\u00f6\u00f6n patiolle, terasseille ja parvekkeille. My\u00f6s sis\u00e4k\u00e4ytt\u00f6\u00f6n, esim. aulojen ja eteistilojen sisustusvalaisuun. Valaisimen kupu on s\u00e4\u00e4nkest\u00e4v\u00e4\u00e4 UV-suojattua polyrottinkipunosta.<\/p>\n<p>Valaisimen mitat: \u2205 224 mm, korkeus 530 mm<\/p>\n<p>Valonl\u00e4hde: E27 (ei sis\u00e4lly pakkaukseen)<\/p>\n<p>V\u00e4ri: Runko harmaa, kupu ruskea<\/p>\n<p>Johdon pituus 3 m<\/p>\n","protected":false},"excerpt":{"rendered":"<p>Garda p\u00f6yt\u00e4- ja lattiavalaisin ulkok\u00e4ytt\u00f6\u00f6n patiolle, terasseille ja parvekkeille. My\u00f6s sis\u00e4k\u00e4ytt\u00f6\u00f6n, esim. aulojen ja eteistilojen sisustusvalaisuun. Valaisimen kupu on s\u00e4\u00e4nkest\u00e4v\u00e4\u00e4 UV-suojattua polyrottinkipunosta. Valaisimen mitat: \u2205 224 mm, korkeus 530 mm Valonl\u00e4hde: E27 (ei sis\u00e4lly pakkaukseen) V\u00e4ri: Runko harmaa, kupu ruskea Johdon pituus 3 m<\/p>\n","protected":false},"featured_media":600,"comment_status":"closed","ping_status":"closed","template":"","meta":[],"product_brand":[],"product_cat":[59,36,34],"product_tag":[],"class_list":{"0":"post-599","1":"product","2":"type-product","3":"status-publish","4":"has-post-thumbnail","6":"product_cat-terassivalaisimet","7":"product_cat-ulkovalaisimet","8":"product_cat-valaisimet","10":"first","11":"outofstock","12":"taxable","13":"shipping-taxable","14":"purchasable","15":"product-type-simple"},"_links":{"self":[{"href":"https:\/\/www.ksttukku.fi\/kauppa\/wp-json\/wp\/v2\/product\/599","targetHints":{"allow":["GET"]}}],"collection":[{"href":"https:\/\/www.ksttukku.fi\/kauppa\/wp-json\/wp\/v2\/product"}],"about":[{"href":"https:\/\/www.ksttukku.fi\/kauppa\/wp-json\/wp\/v2\/types\/product"}],"replies":[{"embeddable":true,"href":"https:\/\/www.ksttukku.fi\/kauppa\/wp-json\/wp\/v2\/comments?post=599"}],"wp:featuredmedia":[{"embeddable":true,"href":"https:\/\/www.ksttukku.fi\/kauppa\/wp-json\/wp\/v2\/media\/600"}],"wp:attachment":[{"href":"https:\/\/www.ksttukku.fi\/kauppa\/wp-json\/wp\/v2\/media?parent=599"}],"wp:term":[{"taxonomy":"product_brand","embeddable":true,"href":"https:\/\/www.ksttukku.fi\/kauppa\/wp-json\/wp\/v2\/product_brand?post=599"},{"taxonomy":"product_cat","embeddable":true,"href":"https:\/\/www.ksttukku.fi\/kauppa\/wp-json\/wp\/v2\/product_cat?post=599"},{"taxonomy":"product_tag","embeddable":true,"href":"https:\/\/www.ksttukku.fi\/kauppa\/wp-json\/wp\/v2\/product_tag?post=599"}],"curies":[{"name":"wp","href":"https:\/\/api.w.org\/{rel}","templated":true}]}}