{"id":5991,"date":"2020-06-10T13:40:29","date_gmt":"2020-06-10T10:40:29","guid":{"rendered":"https:\/\/www.ksttukku.fi\/kauppa\/?post_type=product&#038;p=5991"},"modified":"2020-06-12T11:43:05","modified_gmt":"2020-06-12T08:43:05","slug":"otokka-magneettioviverho-93x235cm","status":"publish","type":"product","link":"https:\/\/www.ksttukku.fi\/kauppa\/tuote\/otokka-magneettioviverho-93x235cm\/","title":{"rendered":"\u00d6t\u00f6kk\u00e4 magneettioviverho 93x235cm"},"content":{"rendered":"<ul>\n<li>Sopii kaikkiin vakio-oviin (ei k\u00e4y tuplaoviin)<\/li>\n<li>Helppo asentaa<\/li>\n<li>Sulkeutuu itsest\u00e4\u00e4n keskell\u00e4 olevan magneetin avulla<\/li>\n<li>Patentoitu kiinnitysj\u00e4rjestelm\u00e4<\/li>\n<li>Tarra kiinnitet\u00e4\u00e4n listaan (tai sein\u00e4\u00e4n) pinta-asennuksena<\/li>\n<li>Kiinniketarran v\u00e4ri: valkoinen<\/li>\n<li>Asennusohjeet pakkauksessa<\/li>\n<li>Paketti sis\u00e4lt\u00e4\u00e4: 2 lamellia ja kiinniketarrat asennusta varten<\/li>\n<\/ul>\n","protected":false},"excerpt":{"rendered":"<p>Sopii kaikkiin vakio-oviin (ei k\u00e4y tuplaoviin) Helppo asentaa Sulkeutuu itsest\u00e4\u00e4n keskell\u00e4 olevan magneetin avulla Patentoitu kiinnitysj\u00e4rjestelm\u00e4 Tarra kiinnitet\u00e4\u00e4n listaan (tai sein\u00e4\u00e4n) pinta-asennuksena Kiinniketarran v\u00e4ri: valkoinen Asennusohjeet pakkauksessa Paketti sis\u00e4lt\u00e4\u00e4: 2 lamellia ja kiinniketarrat asennusta varten<\/p>\n","protected":false},"featured_media":5994,"comment_status":"closed","ping_status":"closed","template":"","meta":[],"product_brand":[],"product_cat":[351],"product_tag":[],"class_list":{"0":"post-5991","1":"product","2":"type-product","3":"status-publish","4":"has-post-thumbnail","6":"product_cat-hyttysansat-ja-karkottimet","8":"first","9":"instock","10":"sale","11":"taxable","12":"shipping-taxable","13":"purchasable","14":"product-type-variable"},"_links":{"self":[{"href":"https:\/\/www.ksttukku.fi\/kauppa\/wp-json\/wp\/v2\/product\/5991","targetHints":{"allow":["GET"]}}],"collection":[{"href":"https:\/\/www.ksttukku.fi\/kauppa\/wp-json\/wp\/v2\/product"}],"about":[{"href":"https:\/\/www.ksttukku.fi\/kauppa\/wp-json\/wp\/v2\/types\/product"}],"replies":[{"embeddable":true,"href":"https:\/\/www.ksttukku.fi\/kauppa\/wp-json\/wp\/v2\/comments?post=5991"}],"wp:featuredmedia":[{"embeddable":true,"href":"https:\/\/www.ksttukku.fi\/kauppa\/wp-json\/wp\/v2\/media\/5994"}],"wp:attachment":[{"href":"https:\/\/www.ksttukku.fi\/kauppa\/wp-json\/wp\/v2\/media?parent=5991"}],"wp:term":[{"taxonomy":"product_brand","embeddable":true,"href":"https:\/\/www.ksttukku.fi\/kauppa\/wp-json\/wp\/v2\/product_brand?post=5991"},{"taxonomy":"product_cat","embeddable":true,"href":"https:\/\/www.ksttukku.fi\/kauppa\/wp-json\/wp\/v2\/product_cat?post=5991"},{"taxonomy":"product_tag","embeddable":true,"href":"https:\/\/www.ksttukku.fi\/kauppa\/wp-json\/wp\/v2\/product_tag?post=5991"}],"curies":[{"name":"wp","href":"https:\/\/api.w.org\/{rel}","templated":true}]}}