{"id":6043,"date":"2020-06-25T13:11:39","date_gmt":"2020-06-25T10:11:39","guid":{"rendered":"https:\/\/www.ksttukku.fi\/kauppa\/?post_type=product&#038;p=6043"},"modified":"2021-03-01T18:26:24","modified_gmt":"2021-03-01T16:26:24","slug":"himalaya-led-kattotuuletinvalaisin-valkoinen","status":"publish","type":"product","link":"https:\/\/www.ksttukku.fi\/kauppa\/tuote\/himalaya-led-kattotuuletinvalaisin-valkoinen\/","title":{"rendered":"Himalaya led-kattotuuletinvalaisin valkoinen"},"content":{"rendered":"<p>Valaisinta ja tuuletinta voi s\u00e4\u00e4t\u00e4\u00e4 mukana tulevalla kauko-ohjaimella tai \u00e4lypuhelimella.<\/p>\n<p>Tuulettimessa kolme nopeutta ja py\u00f6rimissuunnanvaihto<\/p>\n<p>Valon v\u00e4ri\u00e4 (v\u00e4ril\u00e4mp\u00f6tilaa kelvinasteina) voi s\u00e4\u00e4t\u00e4\u00e4 portaattomasti.<\/p>\n<p>V\u00e4ril\u00e4mp\u00f6tila: 2700 &#8211; 5000 K<\/p>\n<p>Teho: Valaisin 70 W, moottori 35W<\/p>\n<p>Valovirta: 4900 lm<\/p>\n<p>Mitat: \u2205 630 mm, korkeus 186 mm<\/p>\n<p>V\u00e4ri: valkoinen<\/p>\n","protected":false},"excerpt":{"rendered":"<p>Valaisinta ja tuuletinta voi s\u00e4\u00e4t\u00e4\u00e4 mukana tulevalla kauko-ohjaimella tai \u00e4lypuhelimella. Tuulettimessa kolme nopeutta ja py\u00f6rimissuunnanvaihto Valon v\u00e4ri\u00e4 (v\u00e4ril\u00e4mp\u00f6tilaa kelvinasteina) voi s\u00e4\u00e4t\u00e4\u00e4 portaattomasti. V\u00e4ril\u00e4mp\u00f6tila: 2700 &#8211; 5000 K Teho: Valaisin 70 W, moottori 35W Valovirta: 4900 lm Mitat: \u2205 630 mm, korkeus 186 mm V\u00e4ri: valkoinen<\/p>\n","protected":false},"featured_media":6040,"comment_status":"closed","ping_status":"closed","template":"","meta":[],"product_brand":[],"product_cat":[175,260],"product_tag":[],"class_list":{"0":"post-6043","1":"product","2":"type-product","3":"status-publish","4":"has-post-thumbnail","6":"product_cat-tuuletinvalaisimet","7":"product_cat-kattotuulettimet","9":"first","10":"instock","11":"taxable","12":"shipping-taxable","13":"purchasable","14":"product-type-simple"},"_links":{"self":[{"href":"https:\/\/www.ksttukku.fi\/kauppa\/wp-json\/wp\/v2\/product\/6043","targetHints":{"allow":["GET"]}}],"collection":[{"href":"https:\/\/www.ksttukku.fi\/kauppa\/wp-json\/wp\/v2\/product"}],"about":[{"href":"https:\/\/www.ksttukku.fi\/kauppa\/wp-json\/wp\/v2\/types\/product"}],"replies":[{"embeddable":true,"href":"https:\/\/www.ksttukku.fi\/kauppa\/wp-json\/wp\/v2\/comments?post=6043"}],"wp:featuredmedia":[{"embeddable":true,"href":"https:\/\/www.ksttukku.fi\/kauppa\/wp-json\/wp\/v2\/media\/6040"}],"wp:attachment":[{"href":"https:\/\/www.ksttukku.fi\/kauppa\/wp-json\/wp\/v2\/media?parent=6043"}],"wp:term":[{"taxonomy":"product_brand","embeddable":true,"href":"https:\/\/www.ksttukku.fi\/kauppa\/wp-json\/wp\/v2\/product_brand?post=6043"},{"taxonomy":"product_cat","embeddable":true,"href":"https:\/\/www.ksttukku.fi\/kauppa\/wp-json\/wp\/v2\/product_cat?post=6043"},{"taxonomy":"product_tag","embeddable":true,"href":"https:\/\/www.ksttukku.fi\/kauppa\/wp-json\/wp\/v2\/product_tag?post=6043"}],"curies":[{"name":"wp","href":"https:\/\/api.w.org\/{rel}","templated":true}]}}