{"id":6050,"date":"2020-06-25T17:37:14","date_gmt":"2020-06-25T14:37:14","guid":{"rendered":"https:\/\/www.ksttukku.fi\/kauppa\/?post_type=product&#038;p=6050"},"modified":"2025-08-05T10:23:47","modified_gmt":"2025-08-05T07:23:47","slug":"mag-pro-airtools-otsonaattori-7000mg-hr","status":"publish","type":"product","link":"https:\/\/www.ksttukku.fi\/kauppa\/tuote\/mag-pro-airtools-otsonaattori-7000mg-hr\/","title":{"rendered":"Mag-Pro Airtools otsonaattori 7000mg\/hr"},"content":{"rendered":"<p>Huom! THL ja TTL suosittelevat v\u00e4hint\u00e4\u00e4n 24 tunnin varoaikaa ennen tilojen ottamista k\u00e4ytt\u00f6\u00f6n otsonoinnnin j\u00e4lkeen. K\u00e4siteltyyn tilaan ei saa menn\u00e4 40 minuutin sis\u00e4ll\u00e4 otsonoinnin p\u00e4\u00e4tytty\u00e4. Tilat tulee tuulettaa tehokkaasti otsonoinnin varoaikojen j\u00e4lkeen. Otsonoinnilla voidaan esim. rakennuksista, autoista, veneist\u00e4, asuntovaunuista ja saunasta poistaa hajuja ja ummehtuneisuutta ja osaltaan desinfioida kohdetta. Otsoni tehoaa eloper\u00e4isiin hajuihin. Otsoni tuhoaa kaikkia tunnettuja home- ja hiivasieni\u00e4 sek\u00e4 bakteereja sek\u00e4 viruksia. Optimaalinen alue on noin 150 m\u00b2. T\u00e4rkeimm\u00e4t ominaisuudet: Ajastin: 3h Materiaali: kotelo metallia Optimaalinen alue: noin 150 m\u00b2 Teho: 85 W Ilmam\u00e4\u00e4r\u00e4: max. 180 m3 \/ h Otsonilevy: keraaminen 1 kpl 95 X 70 mm Aktiivihappi: 7000 mg \/ h \u00c4\u00e4nitaso: 40 dB Sis\u00e4lt\u00e4\u00e4: EMI-filtteri<\/p>\n","protected":false},"excerpt":{"rendered":"<p>Otsonoinnilla voidaan rakennuksista, autoista, veneist\u00e4, asuntovaunuista, saunasta yms. kohteista poistaa hajuja ja ummehtuneisuutta ja osaltaan desinfioida kohdetta. Otsoni tehoaa eloper\u00e4isiin hajuihin. Otsoni tuhoaa kaikkia tunnettuja home- ja hiivasieni\u00e4 sek\u00e4 bakteereja sek\u00e4 viruksia. Optimaalinen alue: noin 150m\u00b2<\/p>\n","protected":false},"featured_media":6051,"comment_status":"closed","ping_status":"closed","template":"","meta":[],"product_brand":[],"product_cat":[356],"product_tag":[],"class_list":{"0":"post-6050","1":"product","2":"type-product","3":"status-publish","4":"has-post-thumbnail","6":"product_cat-otsonaattorit","8":"first","9":"outofstock","10":"taxable","11":"shipping-taxable","12":"purchasable","13":"product-type-simple"},"_links":{"self":[{"href":"https:\/\/www.ksttukku.fi\/kauppa\/wp-json\/wp\/v2\/product\/6050","targetHints":{"allow":["GET"]}}],"collection":[{"href":"https:\/\/www.ksttukku.fi\/kauppa\/wp-json\/wp\/v2\/product"}],"about":[{"href":"https:\/\/www.ksttukku.fi\/kauppa\/wp-json\/wp\/v2\/types\/product"}],"replies":[{"embeddable":true,"href":"https:\/\/www.ksttukku.fi\/kauppa\/wp-json\/wp\/v2\/comments?post=6050"}],"wp:featuredmedia":[{"embeddable":true,"href":"https:\/\/www.ksttukku.fi\/kauppa\/wp-json\/wp\/v2\/media\/6051"}],"wp:attachment":[{"href":"https:\/\/www.ksttukku.fi\/kauppa\/wp-json\/wp\/v2\/media?parent=6050"}],"wp:term":[{"taxonomy":"product_brand","embeddable":true,"href":"https:\/\/www.ksttukku.fi\/kauppa\/wp-json\/wp\/v2\/product_brand?post=6050"},{"taxonomy":"product_cat","embeddable":true,"href":"https:\/\/www.ksttukku.fi\/kauppa\/wp-json\/wp\/v2\/product_cat?post=6050"},{"taxonomy":"product_tag","embeddable":true,"href":"https:\/\/www.ksttukku.fi\/kauppa\/wp-json\/wp\/v2\/product_tag?post=6050"}],"curies":[{"name":"wp","href":"https:\/\/api.w.org\/{rel}","templated":true}]}}