{"id":606,"date":"2018-02-19T16:58:28","date_gmt":"2018-02-19T14:58:28","guid":{"rendered":"http:\/\/www.ksttukku.fi\/kauppa\/?post_type=product&#038;p=606"},"modified":"2022-07-20T11:10:30","modified_gmt":"2022-07-20T08:10:30","slug":"firenze-seinavalaisin-valkoinen-2","status":"publish","type":"product","link":"https:\/\/www.ksttukku.fi\/kauppa\/tuote\/firenze-seinavalaisin-valkoinen-2\/","title":{"rendered":"Firenze sein\u00e4valaisin 7212-250 valkoinen"},"content":{"rendered":"<p>Firenze-sein\u00e4valaisimet sopivat mainiosti suomalaiseen pientalomilj\u00f6\u00f6seen \u2013 yksin tai yhdess\u00e4 Firenze- pylv\u00e4svalaisimien kanssa, mustana tai valkoisena.<\/p>\n<p>Valaisimen mitat: 23,5 x 30 x 48 (cm)<\/p>\n<p>IP-luokitus: IP43<\/p>\n<p>Kanta: E27<\/p>\n<p>V\u00e4ri: valkoinen<\/p>\n","protected":false},"excerpt":{"rendered":"<p>Firenze-sein\u00e4valaisimet sopivat mainiosti suomalaiseen pientalomilj\u00f6\u00f6seen \u2013 yksin tai yhdess\u00e4 Firenze- pylv\u00e4svalaisimien kanssa, mustana tai valkoisena. Valaisimen mitat: 23,5 x 30 x 48 (cm) IP-luokitus: IP43 Kanta: E27 V\u00e4ri: valkoinen<\/p>\n","protected":false},"featured_media":602,"comment_status":"closed","ping_status":"closed","template":"","meta":[],"product_brand":[],"product_cat":[37,36],"product_tag":[],"class_list":{"0":"post-606","1":"product","2":"type-product","3":"status-publish","4":"has-post-thumbnail","6":"product_cat-seinavalaisimet","7":"product_cat-ulkovalaisimet","9":"first","10":"instock","11":"taxable","12":"shipping-taxable","13":"purchasable","14":"product-type-simple"},"_links":{"self":[{"href":"https:\/\/www.ksttukku.fi\/kauppa\/wp-json\/wp\/v2\/product\/606","targetHints":{"allow":["GET"]}}],"collection":[{"href":"https:\/\/www.ksttukku.fi\/kauppa\/wp-json\/wp\/v2\/product"}],"about":[{"href":"https:\/\/www.ksttukku.fi\/kauppa\/wp-json\/wp\/v2\/types\/product"}],"replies":[{"embeddable":true,"href":"https:\/\/www.ksttukku.fi\/kauppa\/wp-json\/wp\/v2\/comments?post=606"}],"wp:featuredmedia":[{"embeddable":true,"href":"https:\/\/www.ksttukku.fi\/kauppa\/wp-json\/wp\/v2\/media\/602"}],"wp:attachment":[{"href":"https:\/\/www.ksttukku.fi\/kauppa\/wp-json\/wp\/v2\/media?parent=606"}],"wp:term":[{"taxonomy":"product_brand","embeddable":true,"href":"https:\/\/www.ksttukku.fi\/kauppa\/wp-json\/wp\/v2\/product_brand?post=606"},{"taxonomy":"product_cat","embeddable":true,"href":"https:\/\/www.ksttukku.fi\/kauppa\/wp-json\/wp\/v2\/product_cat?post=606"},{"taxonomy":"product_tag","embeddable":true,"href":"https:\/\/www.ksttukku.fi\/kauppa\/wp-json\/wp\/v2\/product_tag?post=606"}],"curies":[{"name":"wp","href":"https:\/\/api.w.org\/{rel}","templated":true}]}}