{"id":6060,"date":"2020-06-26T17:33:36","date_gmt":"2020-06-26T14:33:36","guid":{"rendered":"https:\/\/www.ksttukku.fi\/kauppa\/?post_type=product&#038;p=6060"},"modified":"2022-05-03T10:49:43","modified_gmt":"2022-05-03T07:49:43","slug":"poytatuuletin-15cm-usb-ladattava","status":"publish","type":"product","link":"https:\/\/www.ksttukku.fi\/kauppa\/tuote\/poytatuuletin-15cm-usb-ladattava\/","title":{"rendered":"P\u00f6yt\u00e4tuuletin 15cm usb-ladattava"},"content":{"rendered":"<p>Tyylik\u00e4s p\u00f6yt\u00e4tuuletin viilent\u00e4\u00e4 tehokkaasti erilaisia tiloja. K\u00e4yt\u00e4nn\u00f6llisen muotoilunsa sek\u00e4 kevyen painonsa ansiosta tuuletinta on helppo siirrell\u00e4. USB-ladattava 4000 mAh akku kest\u00e4\u00e4 t\u00e4ydell\u00e4 latauksella 3-13 h tuuletustehosta riippuen. Tuulettimessa on 4 eri nopeutta sek\u00e4 LED-virranilmaisin. V\u00e4ri: valkoinen. Sis. latauskaapelin. Materiaali: ABS.<\/p>\n","protected":false},"excerpt":{"rendered":"<p>Tyylik\u00e4s p\u00f6yt\u00e4tuuletin viilent\u00e4\u00e4 tehokkaasti erilaisia tiloja. K\u00e4yt\u00e4nn\u00f6llisen muotoilunsa sek\u00e4 kevyen painonsa ansiosta tuuletinta on helppo siirrell\u00e4. USB-ladattava 4000 mAh akku kest\u00e4\u00e4 t\u00e4ydell\u00e4 latauksella 3-13 h tuuletustehosta riippuen. Tuulettimessa on 4 eri nopeutta sek\u00e4 LED-virranilmaisin. V\u00e4ri: valkoinen. Sis. latauskaapelin. Materiaali: ABS.<\/p>\n","protected":false},"featured_media":6061,"comment_status":"closed","ping_status":"closed","template":"","meta":[],"product_brand":[],"product_cat":[259],"product_tag":[],"class_list":{"0":"post-6060","1":"product","2":"type-product","3":"status-publish","4":"has-post-thumbnail","6":"product_cat-lattia-ja-poytatuulettimet","8":"first","9":"instock","10":"taxable","11":"shipping-taxable","12":"purchasable","13":"product-type-simple"},"_links":{"self":[{"href":"https:\/\/www.ksttukku.fi\/kauppa\/wp-json\/wp\/v2\/product\/6060","targetHints":{"allow":["GET"]}}],"collection":[{"href":"https:\/\/www.ksttukku.fi\/kauppa\/wp-json\/wp\/v2\/product"}],"about":[{"href":"https:\/\/www.ksttukku.fi\/kauppa\/wp-json\/wp\/v2\/types\/product"}],"replies":[{"embeddable":true,"href":"https:\/\/www.ksttukku.fi\/kauppa\/wp-json\/wp\/v2\/comments?post=6060"}],"wp:featuredmedia":[{"embeddable":true,"href":"https:\/\/www.ksttukku.fi\/kauppa\/wp-json\/wp\/v2\/media\/6061"}],"wp:attachment":[{"href":"https:\/\/www.ksttukku.fi\/kauppa\/wp-json\/wp\/v2\/media?parent=6060"}],"wp:term":[{"taxonomy":"product_brand","embeddable":true,"href":"https:\/\/www.ksttukku.fi\/kauppa\/wp-json\/wp\/v2\/product_brand?post=6060"},{"taxonomy":"product_cat","embeddable":true,"href":"https:\/\/www.ksttukku.fi\/kauppa\/wp-json\/wp\/v2\/product_cat?post=6060"},{"taxonomy":"product_tag","embeddable":true,"href":"https:\/\/www.ksttukku.fi\/kauppa\/wp-json\/wp\/v2\/product_tag?post=6060"}],"curies":[{"name":"wp","href":"https:\/\/api.w.org\/{rel}","templated":true}]}}