{"id":6063,"date":"2020-06-27T11:58:19","date_gmt":"2020-06-27T08:58:19","guid":{"rendered":"https:\/\/www.ksttukku.fi\/kauppa\/?post_type=product&#038;p=6063"},"modified":"2024-07-02T12:44:13","modified_gmt":"2024-07-02T09:44:13","slug":"led-energie-maa-terassivalaisin-ip67","status":"publish","type":"product","link":"https:\/\/www.ksttukku.fi\/kauppa\/tuote\/led-energie-maa-terassivalaisin-ip67\/","title":{"rendered":"Led Energie maa\/terassivalaisin IP67"},"content":{"rendered":"<p>Suosittu LED-maa\/terassivalo koristaa ja valaisee pihaa tai terassia. Ketjutettavissa.<\/p>\n<p>Koko 11 x 15 cm. Sis\u00e4lt\u00e4\u00e4 asennuslaipan.<\/p>\n<p>J\u00e4nnite: 220 &#8211; 240 V 50 Hz<\/p>\n<p>Avautumiskulma 90 astetta<\/p>\n<p>Valonl\u00e4hde: GU10 max 28W<\/p>\n","protected":false},"excerpt":{"rendered":"<p>Suosittu LED-maa\/terassivalo koristaa ja valaisee pihaa tai terassia. Ketjutettavissa. Koko 11 x 15 cm. Sis\u00e4lt\u00e4\u00e4 asennuslaipan. J\u00e4nnite: 220 &#8211; 240 V 50 Hz Avautumiskulma 90 astetta Valonl\u00e4hde: GU10 max 28W<\/p>\n","protected":false},"featured_media":6064,"comment_status":"closed","ping_status":"closed","template":"","meta":[],"product_brand":[],"product_cat":[59],"product_tag":[],"class_list":{"0":"post-6063","1":"product","2":"type-product","3":"status-publish","4":"has-post-thumbnail","6":"product_cat-terassivalaisimet","8":"first","9":"instock","10":"taxable","11":"shipping-taxable","12":"purchasable","13":"product-type-simple"},"_links":{"self":[{"href":"https:\/\/www.ksttukku.fi\/kauppa\/wp-json\/wp\/v2\/product\/6063","targetHints":{"allow":["GET"]}}],"collection":[{"href":"https:\/\/www.ksttukku.fi\/kauppa\/wp-json\/wp\/v2\/product"}],"about":[{"href":"https:\/\/www.ksttukku.fi\/kauppa\/wp-json\/wp\/v2\/types\/product"}],"replies":[{"embeddable":true,"href":"https:\/\/www.ksttukku.fi\/kauppa\/wp-json\/wp\/v2\/comments?post=6063"}],"wp:featuredmedia":[{"embeddable":true,"href":"https:\/\/www.ksttukku.fi\/kauppa\/wp-json\/wp\/v2\/media\/6064"}],"wp:attachment":[{"href":"https:\/\/www.ksttukku.fi\/kauppa\/wp-json\/wp\/v2\/media?parent=6063"}],"wp:term":[{"taxonomy":"product_brand","embeddable":true,"href":"https:\/\/www.ksttukku.fi\/kauppa\/wp-json\/wp\/v2\/product_brand?post=6063"},{"taxonomy":"product_cat","embeddable":true,"href":"https:\/\/www.ksttukku.fi\/kauppa\/wp-json\/wp\/v2\/product_cat?post=6063"},{"taxonomy":"product_tag","embeddable":true,"href":"https:\/\/www.ksttukku.fi\/kauppa\/wp-json\/wp\/v2\/product_tag?post=6063"}],"curies":[{"name":"wp","href":"https:\/\/api.w.org\/{rel}","templated":true}]}}