{"id":6065,"date":"2020-06-27T12:35:57","date_gmt":"2020-06-27T09:35:57","guid":{"rendered":"https:\/\/www.ksttukku.fi\/kauppa\/?post_type=product&#038;p=6065"},"modified":"2020-06-27T12:35:58","modified_gmt":"2020-06-27T09:35:58","slug":"led-energie-terassivalaisin-4-suuntaan-valaiseva","status":"publish","type":"product","link":"https:\/\/www.ksttukku.fi\/kauppa\/tuote\/led-energie-terassivalaisin-4-suuntaan-valaiseva\/","title":{"rendered":"Led Energie terassivalaisin 4-suuntaan valaiseva"},"content":{"rendered":"<p>Nelj\u00e4\u00e4n suuntaan valaiseva upotettava terassivalaisin. Sopii erinomaisesti esim. terassien ja portaikkojen korostusvalaistukseen. Valaisimen voi asentaa asennuskotelolla tai ilman.<\/p>\n<p>T\u00e4rkeimm\u00e4t ominaisuudet:<\/p>\n<p>J\u00e4nnite: 230V\/50Hz<\/p>\n<p>Suojausluokka: Luokka I IP65<\/p>\n<p>Valonl\u00e4hde: GU10 max. 7W (ei sis\u00e4lly pakkaukseen)<\/p>\n<p>Materiaalit: runko alumiinia, kupu lasia, asennuskotelo muovia<\/p>\n<p>Mitat: Kokonaishalkaisija: 100 mm Korkeus asennuskotelolla: 160 mm 25 mm valaisimesta j\u00e4\u00e4 terassilaudan yl\u00e4puolelle<\/p>\n","protected":false},"excerpt":{"rendered":"<p>Nelj\u00e4\u00e4n suuntaan valaiseva upotettava terassivalaisin. Sopii erinomaisesti esim. terassien ja portaikkojen korostusvalaistukseen. Valaisimen voi asentaa asennuskotelolla tai ilman. T\u00e4rkeimm\u00e4t ominaisuudet: J\u00e4nnite: 230V\/50Hz Suojausluokka: Luokka I IP65 Valonl\u00e4hde: GU10 max. 7W (ei sis\u00e4lly pakkaukseen) Materiaalit: runko alumiinia, kupu lasia, asennuskotelo muovia Mitat: Kokonaishalkaisija: 100 mm Korkeus asennuskotelolla: 160 mm 25 mm valaisimesta j\u00e4\u00e4 terassilaudan yl\u00e4puolelle<\/p>\n","protected":false},"featured_media":6066,"comment_status":"closed","ping_status":"closed","template":"","meta":[],"product_brand":[],"product_cat":[59],"product_tag":[],"class_list":{"0":"post-6065","1":"product","2":"type-product","3":"status-publish","4":"has-post-thumbnail","6":"product_cat-terassivalaisimet","8":"first","9":"instock","10":"taxable","11":"shipping-taxable","12":"purchasable","13":"product-type-simple"},"_links":{"self":[{"href":"https:\/\/www.ksttukku.fi\/kauppa\/wp-json\/wp\/v2\/product\/6065","targetHints":{"allow":["GET"]}}],"collection":[{"href":"https:\/\/www.ksttukku.fi\/kauppa\/wp-json\/wp\/v2\/product"}],"about":[{"href":"https:\/\/www.ksttukku.fi\/kauppa\/wp-json\/wp\/v2\/types\/product"}],"replies":[{"embeddable":true,"href":"https:\/\/www.ksttukku.fi\/kauppa\/wp-json\/wp\/v2\/comments?post=6065"}],"wp:featuredmedia":[{"embeddable":true,"href":"https:\/\/www.ksttukku.fi\/kauppa\/wp-json\/wp\/v2\/media\/6066"}],"wp:attachment":[{"href":"https:\/\/www.ksttukku.fi\/kauppa\/wp-json\/wp\/v2\/media?parent=6065"}],"wp:term":[{"taxonomy":"product_brand","embeddable":true,"href":"https:\/\/www.ksttukku.fi\/kauppa\/wp-json\/wp\/v2\/product_brand?post=6065"},{"taxonomy":"product_cat","embeddable":true,"href":"https:\/\/www.ksttukku.fi\/kauppa\/wp-json\/wp\/v2\/product_cat?post=6065"},{"taxonomy":"product_tag","embeddable":true,"href":"https:\/\/www.ksttukku.fi\/kauppa\/wp-json\/wp\/v2\/product_tag?post=6065"}],"curies":[{"name":"wp","href":"https:\/\/api.w.org\/{rel}","templated":true}]}}