{"id":6077,"date":"2020-06-29T15:23:42","date_gmt":"2020-06-29T12:23:42","guid":{"rendered":"https:\/\/www.ksttukku.fi\/kauppa\/?post_type=product&#038;p=6077"},"modified":"2020-06-29T15:46:29","modified_gmt":"2020-06-29T12:46:29","slug":"lisalamppu-terassivalosarjaan-ip65-04w","status":"publish","type":"product","link":"https:\/\/www.ksttukku.fi\/kauppa\/tuote\/lisalamppu-terassivalosarjaan-ip65-04w\/","title":{"rendered":"Lis\u00e4lamppu terassivalosarjaan IP65 0,4W"},"content":{"rendered":"<p>Lis\u00e4valo terassi-\/ porrasvalosarjaan. Valaisimen kehys on ruostumatonta ter\u00e4st\u00e4, runko muovia.<\/p>\n<p>Kaapeli: 2 x 0,70 m, 2 x 0,3 mm2<\/p>\n<p>Valaisimen mitat: Halkaisija: 45 mm, korkeus: 40 mm<\/p>\n<p>Valaisimen upotusaukon halkaisija: 40 mm<\/p>\n<p>J\u00e4nnite: 12V DC<\/p>\n<p>Teho: 0,4 W<\/p>\n<p>Valovirta: 25 lm<\/p>\n<p>V\u00e4ril\u00e4mp\u00f6tila: 3000 K<\/p>\n<p>&nbsp;<\/p>\n","protected":false},"excerpt":{"rendered":"<p>Lis\u00e4valo terassi-\/ porrasvalosarjaan. Valaisimen kehys on ruostumatonta ter\u00e4st\u00e4, runko muovia. Kaapeli: 2 x 0,70 m, 2 x 0,3 mm2 Valaisimen mitat: Halkaisija: 45 mm, korkeus: 40 mm Valaisimen upotusaukon halkaisija: 40 mm J\u00e4nnite: 12V DC Teho: 0,4 W Valovirta: 25 lm V\u00e4ril\u00e4mp\u00f6tila: 3000 K &nbsp;<\/p>\n","protected":false},"featured_media":6080,"comment_status":"closed","ping_status":"closed","template":"","meta":[],"product_brand":[],"product_cat":[59],"product_tag":[],"class_list":{"0":"post-6077","1":"product","2":"type-product","3":"status-publish","4":"has-post-thumbnail","6":"product_cat-terassivalaisimet","8":"first","9":"instock","10":"taxable","11":"shipping-taxable","12":"purchasable","13":"product-type-simple"},"_links":{"self":[{"href":"https:\/\/www.ksttukku.fi\/kauppa\/wp-json\/wp\/v2\/product\/6077","targetHints":{"allow":["GET"]}}],"collection":[{"href":"https:\/\/www.ksttukku.fi\/kauppa\/wp-json\/wp\/v2\/product"}],"about":[{"href":"https:\/\/www.ksttukku.fi\/kauppa\/wp-json\/wp\/v2\/types\/product"}],"replies":[{"embeddable":true,"href":"https:\/\/www.ksttukku.fi\/kauppa\/wp-json\/wp\/v2\/comments?post=6077"}],"wp:featuredmedia":[{"embeddable":true,"href":"https:\/\/www.ksttukku.fi\/kauppa\/wp-json\/wp\/v2\/media\/6080"}],"wp:attachment":[{"href":"https:\/\/www.ksttukku.fi\/kauppa\/wp-json\/wp\/v2\/media?parent=6077"}],"wp:term":[{"taxonomy":"product_brand","embeddable":true,"href":"https:\/\/www.ksttukku.fi\/kauppa\/wp-json\/wp\/v2\/product_brand?post=6077"},{"taxonomy":"product_cat","embeddable":true,"href":"https:\/\/www.ksttukku.fi\/kauppa\/wp-json\/wp\/v2\/product_cat?post=6077"},{"taxonomy":"product_tag","embeddable":true,"href":"https:\/\/www.ksttukku.fi\/kauppa\/wp-json\/wp\/v2\/product_tag?post=6077"}],"curies":[{"name":"wp","href":"https:\/\/api.w.org\/{rel}","templated":true}]}}