{"id":6091,"date":"2020-07-02T17:52:39","date_gmt":"2020-07-02T14:52:39","guid":{"rendered":"https:\/\/www.ksttukku.fi\/kauppa\/?post_type=product&#038;p=6091"},"modified":"2020-07-02T17:54:27","modified_gmt":"2020-07-02T14:54:27","slug":"lisalamppu-terassi-porrasvalosarjaan-mattakromi","status":"publish","type":"product","link":"https:\/\/www.ksttukku.fi\/kauppa\/tuote\/lisalamppu-terassi-porrasvalosarjaan-mattakromi\/","title":{"rendered":"Lis\u00e4lamppu terassi-\/ porrasvalosarjaan mattakromi"},"content":{"rendered":"<p>J\u00e4nnite: 12V DC<\/p>\n<p>Teho: 1W<\/p>\n<p>Valovirta: 9 lm<\/p>\n<p>V\u00e4ril\u00e4mp\u00f6tila(: 3000 K<\/p>\n<p>IP-luokka: IP65<\/p>\n<p>Koko: \u2205 33 mm<\/p>\n<p>Takuu: 3 vuotta<\/p>\n","protected":false},"excerpt":{"rendered":"<p>J\u00e4nnite: 12V DC Teho: 1W Valovirta: 9 lm V\u00e4ril\u00e4mp\u00f6tila(: 3000 K IP-luokka: IP65 Koko: \u2205 33 mm Takuu: 3 vuotta<\/p>\n","protected":false},"featured_media":6089,"comment_status":"closed","ping_status":"closed","template":"","meta":[],"product_brand":[],"product_cat":[59,36],"product_tag":[],"class_list":{"0":"post-6091","1":"product","2":"type-product","3":"status-publish","4":"has-post-thumbnail","6":"product_cat-terassivalaisimet","7":"product_cat-ulkovalaisimet","9":"first","10":"instock","11":"taxable","12":"shipping-taxable","13":"purchasable","14":"product-type-simple"},"_links":{"self":[{"href":"https:\/\/www.ksttukku.fi\/kauppa\/wp-json\/wp\/v2\/product\/6091","targetHints":{"allow":["GET"]}}],"collection":[{"href":"https:\/\/www.ksttukku.fi\/kauppa\/wp-json\/wp\/v2\/product"}],"about":[{"href":"https:\/\/www.ksttukku.fi\/kauppa\/wp-json\/wp\/v2\/types\/product"}],"replies":[{"embeddable":true,"href":"https:\/\/www.ksttukku.fi\/kauppa\/wp-json\/wp\/v2\/comments?post=6091"}],"wp:featuredmedia":[{"embeddable":true,"href":"https:\/\/www.ksttukku.fi\/kauppa\/wp-json\/wp\/v2\/media\/6089"}],"wp:attachment":[{"href":"https:\/\/www.ksttukku.fi\/kauppa\/wp-json\/wp\/v2\/media?parent=6091"}],"wp:term":[{"taxonomy":"product_brand","embeddable":true,"href":"https:\/\/www.ksttukku.fi\/kauppa\/wp-json\/wp\/v2\/product_brand?post=6091"},{"taxonomy":"product_cat","embeddable":true,"href":"https:\/\/www.ksttukku.fi\/kauppa\/wp-json\/wp\/v2\/product_cat?post=6091"},{"taxonomy":"product_tag","embeddable":true,"href":"https:\/\/www.ksttukku.fi\/kauppa\/wp-json\/wp\/v2\/product_tag?post=6091"}],"curies":[{"name":"wp","href":"https:\/\/api.w.org\/{rel}","templated":true}]}}