{"id":6094,"date":"2020-07-03T13:17:15","date_gmt":"2020-07-03T10:17:15","guid":{"rendered":"https:\/\/www.ksttukku.fi\/kauppa\/?post_type=product&#038;p=6094"},"modified":"2020-07-03T16:21:45","modified_gmt":"2020-07-03T13:21:45","slug":"led-energie-terassi-porrasvalosarja-4x1w-tummanharmaa","status":"publish","type":"product","link":"https:\/\/www.ksttukku.fi\/kauppa\/tuote\/led-energie-terassi-porrasvalosarja-4x1w-tummanharmaa\/","title":{"rendered":"Led Energie terassi-\/ porrasvalosarja 4x1W tummanharmaa"},"content":{"rendered":"<p>4-osainen terassi-\/ porrasvalosarja. Kussakin valossa 1 m johto. Mukana 12W liit\u00e4nt\u00e4laite, jossa 3 m virtajohto. Takuu: 3 vuotta<\/p>\n<p>J\u00e4nnite: 12 V DC<\/p>\n<p>Teho: 4 x 1 W<\/p>\n<p>Valovirta: 4 x 10 lm<\/p>\n<p>V\u00e4ril\u00e4mp\u00f6tila: 3000 K<\/p>\n<p>IP-luokka: IP67<\/p>\n<p>Suojausluokka: Luokka III<\/p>\n<p>Valaisimen koko: \u2205 50 mm, korkeus 43 mm<\/p>\n<p>V\u00e4ri: tummanharmaa<\/p>\n","protected":false},"excerpt":{"rendered":"<p>4-osainen terassi-\/ porrasvalosarja. Kussakin valossa 1 m johto. Mukana 12W liit\u00e4nt\u00e4laite, jossa 3 m virtajohto. Takuu: 3 vuotta J\u00e4nnite: 12 V DC Teho: 4 x 1 W Valovirta: 4 x 10 lm V\u00e4ril\u00e4mp\u00f6tila: 3000 K IP-luokka: IP67 Suojausluokka: Luokka III Valaisimen koko: \u2205 50 mm, korkeus 43 mm V\u00e4ri: tummanharmaa<\/p>\n","protected":false},"featured_media":6095,"comment_status":"closed","ping_status":"closed","template":"","meta":[],"product_brand":[],"product_cat":[59,36],"product_tag":[],"class_list":{"0":"post-6094","1":"product","2":"type-product","3":"status-publish","4":"has-post-thumbnail","6":"product_cat-terassivalaisimet","7":"product_cat-ulkovalaisimet","9":"first","10":"instock","11":"taxable","12":"shipping-taxable","13":"purchasable","14":"product-type-simple"},"_links":{"self":[{"href":"https:\/\/www.ksttukku.fi\/kauppa\/wp-json\/wp\/v2\/product\/6094","targetHints":{"allow":["GET"]}}],"collection":[{"href":"https:\/\/www.ksttukku.fi\/kauppa\/wp-json\/wp\/v2\/product"}],"about":[{"href":"https:\/\/www.ksttukku.fi\/kauppa\/wp-json\/wp\/v2\/types\/product"}],"replies":[{"embeddable":true,"href":"https:\/\/www.ksttukku.fi\/kauppa\/wp-json\/wp\/v2\/comments?post=6094"}],"wp:featuredmedia":[{"embeddable":true,"href":"https:\/\/www.ksttukku.fi\/kauppa\/wp-json\/wp\/v2\/media\/6095"}],"wp:attachment":[{"href":"https:\/\/www.ksttukku.fi\/kauppa\/wp-json\/wp\/v2\/media?parent=6094"}],"wp:term":[{"taxonomy":"product_brand","embeddable":true,"href":"https:\/\/www.ksttukku.fi\/kauppa\/wp-json\/wp\/v2\/product_brand?post=6094"},{"taxonomy":"product_cat","embeddable":true,"href":"https:\/\/www.ksttukku.fi\/kauppa\/wp-json\/wp\/v2\/product_cat?post=6094"},{"taxonomy":"product_tag","embeddable":true,"href":"https:\/\/www.ksttukku.fi\/kauppa\/wp-json\/wp\/v2\/product_tag?post=6094"}],"curies":[{"name":"wp","href":"https:\/\/api.w.org\/{rel}","templated":true}]}}