{"id":6124,"date":"2020-07-07T13:18:12","date_gmt":"2020-07-07T10:18:12","guid":{"rendered":"https:\/\/www.ksttukku.fi\/kauppa\/?post_type=product&#038;p=6124"},"modified":"2022-08-26T13:50:19","modified_gmt":"2022-08-26T10:50:19","slug":"airam-pro-ledputki-150cn-24w-3600lm-4000k-25kpl","status":"publish","type":"product","link":"https:\/\/www.ksttukku.fi\/kauppa\/tuote\/airam-pro-ledputki-150cn-24w-3600lm-4000k-25kpl\/","title":{"rendered":"Airam Pro ledputki 150cn 24W 3600lm 4000K (10kpl)"},"content":{"rendered":"<p>Pitk\u00e4 polttoik\u00e4 50 000 tuntia.<br \/>\nValotehokkuus jopa 150 lm\/W<br \/>\nLasikupu: helppo asentaa (ei taivu).<br \/>\nT\u00e4ysin tasainen rakenne kannan ja putken v\u00e4lill\u00e4: vahva kesto kuljetuksissa.<br \/>\nV\u00e4rintoistoindeksi CRI &gt; 80.<br \/>\nJos valaisimessa on kompensointikondensaattori, sen poistaminen parantaa tehokerrointa (Pf).<\/p>\n<p>Teho: 24 W<\/p>\n<p>Valovirta: 3600 lm<\/p>\n<p>Mitat: Pituus 150 cm<\/p>\n<p>V\u00e4ril\u00e4mp\u00f6tila: 4000 K<\/p>\n","protected":false},"excerpt":{"rendered":"<p>Pakkauksessa 10 kpl ledputkia<\/p>\n","protected":false},"featured_media":6125,"comment_status":"closed","ping_status":"closed","template":"","meta":[],"product_brand":[],"product_cat":[185,262],"product_tag":[],"class_list":{"0":"post-6124","1":"product","2":"type-product","3":"status-publish","4":"has-post-thumbnail","6":"product_cat-lamput","7":"product_cat-tukkupakkaukset","9":"first","10":"instock","11":"sale","12":"taxable","13":"shipping-taxable","14":"purchasable","15":"product-type-simple"},"_links":{"self":[{"href":"https:\/\/www.ksttukku.fi\/kauppa\/wp-json\/wp\/v2\/product\/6124","targetHints":{"allow":["GET"]}}],"collection":[{"href":"https:\/\/www.ksttukku.fi\/kauppa\/wp-json\/wp\/v2\/product"}],"about":[{"href":"https:\/\/www.ksttukku.fi\/kauppa\/wp-json\/wp\/v2\/types\/product"}],"replies":[{"embeddable":true,"href":"https:\/\/www.ksttukku.fi\/kauppa\/wp-json\/wp\/v2\/comments?post=6124"}],"wp:featuredmedia":[{"embeddable":true,"href":"https:\/\/www.ksttukku.fi\/kauppa\/wp-json\/wp\/v2\/media\/6125"}],"wp:attachment":[{"href":"https:\/\/www.ksttukku.fi\/kauppa\/wp-json\/wp\/v2\/media?parent=6124"}],"wp:term":[{"taxonomy":"product_brand","embeddable":true,"href":"https:\/\/www.ksttukku.fi\/kauppa\/wp-json\/wp\/v2\/product_brand?post=6124"},{"taxonomy":"product_cat","embeddable":true,"href":"https:\/\/www.ksttukku.fi\/kauppa\/wp-json\/wp\/v2\/product_cat?post=6124"},{"taxonomy":"product_tag","embeddable":true,"href":"https:\/\/www.ksttukku.fi\/kauppa\/wp-json\/wp\/v2\/product_tag?post=6124"}],"curies":[{"name":"wp","href":"https:\/\/api.w.org\/{rel}","templated":true}]}}