{"id":6173,"date":"2020-07-28T18:38:59","date_gmt":"2020-07-28T15:38:59","guid":{"rendered":"https:\/\/www.ksttukku.fi\/kauppa\/?post_type=product&#038;p=6173"},"modified":"2020-07-29T15:57:48","modified_gmt":"2020-07-29T12:57:48","slug":"hidden-kattokruunu","status":"publish","type":"product","link":"https:\/\/www.ksttukku.fi\/kauppa\/tuote\/hidden-kattokruunu\/","title":{"rendered":"Hidden kattokruunu"},"content":{"rendered":"<p>Tony Irvingin suunnittelema hidden kattokruunu on n\u00e4ytt\u00e4v\u00e4 valaisin jossa on kirkkaita ja savunv\u00e4risi\u00e4 prismoja. Alin py\u00f6re\u00e4 prisma toimitetaan nelj\u00e4n\u00e4 eri v\u00e4risen\u00e4 (keltainen, viininpunainen, violetti ja topaasi)<\/p>\n<p>Korkeus: 42 cm<br \/>\nHalkaisija: 40 cm<br \/>\nKorkeus\u00a0 ketjuineen 192 cm.<br \/>\nValonl\u00e4hde: 3 x E14 (ei sis\u00e4lly pakkaukseen)<\/p>\n","protected":false},"excerpt":{"rendered":"<p>Tony Irvingin suunnittelema hidden kattokruunu on n\u00e4ytt\u00e4v\u00e4 valaisin jossa on kirkkaita ja savunv\u00e4risi\u00e4 prismoja. Alin py\u00f6re\u00e4 prisma toimitetaan nelj\u00e4n\u00e4 eri v\u00e4risen\u00e4 (keltainen, viininpunainen, violetti ja topaasi) Korkeus: 42 cm Halkaisija: 40 cm Korkeus\u00a0 ketjuineen 192 cm. Valonl\u00e4hde: 3 x E14 (ei sis\u00e4lly pakkaukseen)<\/p>\n","protected":false},"featured_media":6176,"comment_status":"closed","ping_status":"closed","template":"","meta":[],"product_brand":[],"product_cat":[49,35,34],"product_tag":[],"class_list":{"0":"post-6173","1":"product","2":"type-product","3":"status-publish","4":"has-post-thumbnail","6":"product_cat-riippuvalaisimet","7":"product_cat-sisavalaisimet","8":"product_cat-valaisimet","10":"first","11":"instock","12":"taxable","13":"shipping-taxable","14":"purchasable","15":"product-type-simple"},"_links":{"self":[{"href":"https:\/\/www.ksttukku.fi\/kauppa\/wp-json\/wp\/v2\/product\/6173","targetHints":{"allow":["GET"]}}],"collection":[{"href":"https:\/\/www.ksttukku.fi\/kauppa\/wp-json\/wp\/v2\/product"}],"about":[{"href":"https:\/\/www.ksttukku.fi\/kauppa\/wp-json\/wp\/v2\/types\/product"}],"replies":[{"embeddable":true,"href":"https:\/\/www.ksttukku.fi\/kauppa\/wp-json\/wp\/v2\/comments?post=6173"}],"wp:featuredmedia":[{"embeddable":true,"href":"https:\/\/www.ksttukku.fi\/kauppa\/wp-json\/wp\/v2\/media\/6176"}],"wp:attachment":[{"href":"https:\/\/www.ksttukku.fi\/kauppa\/wp-json\/wp\/v2\/media?parent=6173"}],"wp:term":[{"taxonomy":"product_brand","embeddable":true,"href":"https:\/\/www.ksttukku.fi\/kauppa\/wp-json\/wp\/v2\/product_brand?post=6173"},{"taxonomy":"product_cat","embeddable":true,"href":"https:\/\/www.ksttukku.fi\/kauppa\/wp-json\/wp\/v2\/product_cat?post=6173"},{"taxonomy":"product_tag","embeddable":true,"href":"https:\/\/www.ksttukku.fi\/kauppa\/wp-json\/wp\/v2\/product_tag?post=6173"}],"curies":[{"name":"wp","href":"https:\/\/api.w.org\/{rel}","templated":true}]}}