{"id":6226,"date":"2020-08-04T13:19:30","date_gmt":"2020-08-04T10:19:30","guid":{"rendered":"https:\/\/www.ksttukku.fi\/kauppa\/?post_type=product&#038;p=6226"},"modified":"2021-07-01T00:01:04","modified_gmt":"2021-06-30T21:01:04","slug":"skyler-kattotuuletinvalaisin-valkoinen","status":"publish","type":"product","link":"https:\/\/www.ksttukku.fi\/kauppa\/tuote\/skyler-kattotuuletinvalaisin-valkoinen\/","title":{"rendered":"Skyler kattotuuletinvalaisin valkoinen"},"content":{"rendered":"<div class=\"product-detail\">\n<div class=\"text\">\n<p>SKYLER LED &#8211; kattotuuletinvalaisimessa on valkoinen kehys, tuuletin ja sen ymp\u00e4rille sis\u00e4\u00e4nrakennettu LED-valonl\u00e4hde. Valon v\u00e4ril\u00e4mp\u00f6tila s\u00e4\u00e4dett\u00e4viss\u00e4 (3000K &#8211; 6000 K). Valon tehoa ja tuulettimen nopeutta voidaan my\u00f6s s\u00e4\u00e4t\u00e4\u00e4 mukana tulevalla kaukos\u00e4\u00e4timell\u00e4. Hiljanen dc moottori 30W.<\/p>\n<\/div>\n<\/div>\n<div class=\"product-table\">\n<div class=\"row\">\n<div class=\"col-5\">Rungon v\u00e4ri: valkoinen<\/div>\n<\/div>\n<div class=\"row\">\n<div class=\"col-7\">Mitat: \u2205 590 mm, korkeus 210 mm<\/div>\n<\/div>\n<div class=\"row\">\n<div class=\"col-7\">Valaisimen teho 40W, 3000 lm<\/div>\n<\/div>\n<div class=\"row\">\n<div class=\"col-5\"><\/div>\n<\/div>\n<\/div>\n","protected":false},"excerpt":{"rendered":"<p>SKYLER LED &#8211; kattotuuletinvalaisimessa on valkoinen kehys, tuuletin ja sen ymp\u00e4rille sis\u00e4\u00e4nrakennettu LED-valonl\u00e4hde. Valon v\u00e4ril\u00e4mp\u00f6tila s\u00e4\u00e4dett\u00e4viss\u00e4 (3000K &#8211; 6000 K). Valon tehoa ja tuulettimen nopeutta voidaan my\u00f6s s\u00e4\u00e4t\u00e4\u00e4 mukana tulevalla kaukos\u00e4\u00e4timell\u00e4. Hiljanen dc moottori 30W. Rungon v\u00e4ri: valkoinen Mitat: \u2205 590 mm, korkeus 210 mm Valaisimen teho 40W, 3000 lm<\/p>\n","protected":false},"featured_media":6227,"comment_status":"closed","ping_status":"closed","template":"","meta":[],"product_brand":[],"product_cat":[175,260],"product_tag":[],"class_list":{"0":"post-6226","1":"product","2":"type-product","3":"status-publish","4":"has-post-thumbnail","6":"product_cat-tuuletinvalaisimet","7":"product_cat-kattotuulettimet","9":"first","10":"instock","11":"taxable","12":"shipping-taxable","13":"purchasable","14":"product-type-simple"},"_links":{"self":[{"href":"https:\/\/www.ksttukku.fi\/kauppa\/wp-json\/wp\/v2\/product\/6226","targetHints":{"allow":["GET"]}}],"collection":[{"href":"https:\/\/www.ksttukku.fi\/kauppa\/wp-json\/wp\/v2\/product"}],"about":[{"href":"https:\/\/www.ksttukku.fi\/kauppa\/wp-json\/wp\/v2\/types\/product"}],"replies":[{"embeddable":true,"href":"https:\/\/www.ksttukku.fi\/kauppa\/wp-json\/wp\/v2\/comments?post=6226"}],"wp:featuredmedia":[{"embeddable":true,"href":"https:\/\/www.ksttukku.fi\/kauppa\/wp-json\/wp\/v2\/media\/6227"}],"wp:attachment":[{"href":"https:\/\/www.ksttukku.fi\/kauppa\/wp-json\/wp\/v2\/media?parent=6226"}],"wp:term":[{"taxonomy":"product_brand","embeddable":true,"href":"https:\/\/www.ksttukku.fi\/kauppa\/wp-json\/wp\/v2\/product_brand?post=6226"},{"taxonomy":"product_cat","embeddable":true,"href":"https:\/\/www.ksttukku.fi\/kauppa\/wp-json\/wp\/v2\/product_cat?post=6226"},{"taxonomy":"product_tag","embeddable":true,"href":"https:\/\/www.ksttukku.fi\/kauppa\/wp-json\/wp\/v2\/product_tag?post=6226"}],"curies":[{"name":"wp","href":"https:\/\/api.w.org\/{rel}","templated":true}]}}