{"id":6267,"date":"2020-08-10T13:28:04","date_gmt":"2020-08-10T10:28:04","guid":{"rendered":"https:\/\/www.ksttukku.fi\/kauppa\/?post_type=product&#038;p=6267"},"modified":"2022-11-21T17:58:24","modified_gmt":"2022-11-21T15:58:24","slug":"pyyhekoukku-base-200-musta-1-os-tarrakiinnitys","status":"publish","type":"product","link":"https:\/\/www.ksttukku.fi\/kauppa\/tuote\/pyyhekoukku-base-200-musta-1-os-tarrakiinnitys\/","title":{"rendered":"Pyyhekoukku Base 200 musta 1-os tarrakiinnitys"},"content":{"rendered":"<p>Matta mustan v\u00e4rinen Base 200 -sarjan pyyhekoukku 1- osainen. Koukku asennetaan ilman reikien poraamista liimataustakiinnityksell\u00e4. Hyv\u00e4 tarttuvuus materiaaleihin. Asentaessa t\u00e4rke\u00e4\u00e4 puhdistaa tausta huolellisesti liasta. Leveys 45, korkeus 45 ja syvyys 30 mm. Materiaali ruostumatonta ter\u00e4st\u00e4.<\/p>\n","protected":false},"excerpt":{"rendered":"<p>Matta mustan v\u00e4rinen Base 200 -sarjan pyyhekoukku 1- osainen. Koukku asennetaan ilman reikien poraamista liimataustakiinnityksell\u00e4. Hyv\u00e4 tarttuvuus materiaaleihin. Asentaessa t\u00e4rke\u00e4\u00e4 puhdistaa tausta huolellisesti liasta. Leveys 45, korkeus 45 ja syvyys 30 mm. Materiaali ruostumatonta ter\u00e4st\u00e4.<\/p>\n","protected":false},"featured_media":6268,"comment_status":"closed","ping_status":"closed","template":"","meta":[],"product_brand":[],"product_cat":[360],"product_tag":[],"class_list":{"0":"post-6267","1":"product","2":"type-product","3":"status-publish","4":"has-post-thumbnail","6":"product_cat-pyyhekoukut-ja-tarvikkeet","8":"first","9":"instock","10":"taxable","11":"shipping-taxable","12":"purchasable","13":"product-type-simple"},"_links":{"self":[{"href":"https:\/\/www.ksttukku.fi\/kauppa\/wp-json\/wp\/v2\/product\/6267","targetHints":{"allow":["GET"]}}],"collection":[{"href":"https:\/\/www.ksttukku.fi\/kauppa\/wp-json\/wp\/v2\/product"}],"about":[{"href":"https:\/\/www.ksttukku.fi\/kauppa\/wp-json\/wp\/v2\/types\/product"}],"replies":[{"embeddable":true,"href":"https:\/\/www.ksttukku.fi\/kauppa\/wp-json\/wp\/v2\/comments?post=6267"}],"wp:featuredmedia":[{"embeddable":true,"href":"https:\/\/www.ksttukku.fi\/kauppa\/wp-json\/wp\/v2\/media\/6268"}],"wp:attachment":[{"href":"https:\/\/www.ksttukku.fi\/kauppa\/wp-json\/wp\/v2\/media?parent=6267"}],"wp:term":[{"taxonomy":"product_brand","embeddable":true,"href":"https:\/\/www.ksttukku.fi\/kauppa\/wp-json\/wp\/v2\/product_brand?post=6267"},{"taxonomy":"product_cat","embeddable":true,"href":"https:\/\/www.ksttukku.fi\/kauppa\/wp-json\/wp\/v2\/product_cat?post=6267"},{"taxonomy":"product_tag","embeddable":true,"href":"https:\/\/www.ksttukku.fi\/kauppa\/wp-json\/wp\/v2\/product_tag?post=6267"}],"curies":[{"name":"wp","href":"https:\/\/api.w.org\/{rel}","templated":true}]}}