{"id":6299,"date":"2020-08-14T18:15:56","date_gmt":"2020-08-14T15:15:56","guid":{"rendered":"https:\/\/www.ksttukku.fi\/kauppa\/?post_type=product&#038;p=6299"},"modified":"2021-11-30T18:59:52","modified_gmt":"2021-11-30T16:59:52","slug":"valopeili-emma-800x700mm-ip44","status":"publish","type":"product","link":"https:\/\/www.ksttukku.fi\/kauppa\/tuote\/valopeili-emma-800x700mm-ip44\/","title":{"rendered":"Valopeili Emma 800x700mm IP44"},"content":{"rendered":"<p>Ledvalopeili Emma 800 x 700 mm luo yhten\u00e4isen valaistuksen kasvoille. Peili on k\u00e4\u00e4nnett\u00e4viss\u00e4; leveydess\u00e4 800 mm peilin integroidut valoalueet yl\u00e4- ja alareunassa, k\u00e4\u00e4nnettyn\u00e4 leveydess\u00e4 700 mm valoalueet ovat sivulla. 5700K, 12W, 1730 lm, IP44. K\u00e4ytt\u00f6ik\u00e4 36 000h, korroosiosuojattu, 5 vuoden takuu.<\/p>\n","protected":false},"excerpt":{"rendered":"<p>Ledvalopeili Emma 800 x 700 mm luo yhten\u00e4isen valaistuksen kasvoille. Peili on k\u00e4\u00e4nnett\u00e4viss\u00e4; leveydess\u00e4 800 mm peilin integroidut valoalueet yl\u00e4- ja alareunassa, k\u00e4\u00e4nnettyn\u00e4 leveydess\u00e4 700 mm valoalueet ovat sivulla. 5700K, 12W, 1730 lm, IP44. K\u00e4ytt\u00f6ik\u00e4 36 000h, korroosiosuojattu, 5 vuoden takuu.<\/p>\n","protected":false},"featured_media":6300,"comment_status":"closed","ping_status":"closed","template":"","meta":[],"product_brand":[],"product_cat":[150,237],"product_tag":[],"class_list":{"0":"post-6299","1":"product","2":"type-product","3":"status-publish","4":"has-post-thumbnail","6":"product_cat-kylpyhuone","7":"product_cat-valopeilit","9":"first","10":"instock","11":"sale","12":"taxable","13":"shipping-taxable","14":"purchasable","15":"product-type-simple"},"_links":{"self":[{"href":"https:\/\/www.ksttukku.fi\/kauppa\/wp-json\/wp\/v2\/product\/6299","targetHints":{"allow":["GET"]}}],"collection":[{"href":"https:\/\/www.ksttukku.fi\/kauppa\/wp-json\/wp\/v2\/product"}],"about":[{"href":"https:\/\/www.ksttukku.fi\/kauppa\/wp-json\/wp\/v2\/types\/product"}],"replies":[{"embeddable":true,"href":"https:\/\/www.ksttukku.fi\/kauppa\/wp-json\/wp\/v2\/comments?post=6299"}],"wp:featuredmedia":[{"embeddable":true,"href":"https:\/\/www.ksttukku.fi\/kauppa\/wp-json\/wp\/v2\/media\/6300"}],"wp:attachment":[{"href":"https:\/\/www.ksttukku.fi\/kauppa\/wp-json\/wp\/v2\/media?parent=6299"}],"wp:term":[{"taxonomy":"product_brand","embeddable":true,"href":"https:\/\/www.ksttukku.fi\/kauppa\/wp-json\/wp\/v2\/product_brand?post=6299"},{"taxonomy":"product_cat","embeddable":true,"href":"https:\/\/www.ksttukku.fi\/kauppa\/wp-json\/wp\/v2\/product_cat?post=6299"},{"taxonomy":"product_tag","embeddable":true,"href":"https:\/\/www.ksttukku.fi\/kauppa\/wp-json\/wp\/v2\/product_tag?post=6299"}],"curies":[{"name":"wp","href":"https:\/\/api.w.org\/{rel}","templated":true}]}}