{"id":6311,"date":"2020-08-17T17:05:04","date_gmt":"2020-08-17T14:05:04","guid":{"rendered":"https:\/\/www.ksttukku.fi\/kauppa\/?post_type=product&#038;p=6311"},"modified":"2025-06-05T15:40:03","modified_gmt":"2025-06-05T12:40:03","slug":"herstal-manola-kattokruunu-20-os-kromi","status":"publish","type":"product","link":"https:\/\/www.ksttukku.fi\/kauppa\/tuote\/herstal-manola-kattokruunu-20-os-kromi\/","title":{"rendered":"Herstal Manola kattokruunu 20-os kromi"},"content":{"rendered":"<p>N\u00e4ytt\u00e4v\u00e4 20-haarainen kattokruunu<\/p>\n<p>Materiaali: metallia<\/p>\n<p>V\u00e4ri kromi<\/p>\n<p>Sis. valonl\u00e4hteet, 12 x E14 Deco LED 2,5W, 2000K, 130 lm, himmennett\u00e4v\u00e4.<\/p>\n<p>Ripustusjohdon pituus 2,5 m<\/p>\n<p>Mitat: 67.0 cm x 70.0 cm x 70.0 cm<\/p>\n","protected":false},"excerpt":{"rendered":"<p>Toimitusaika noin 2 viikkoa<\/p>\n<p>Ilmainen toimitus<\/p>\n","protected":false},"featured_media":6314,"comment_status":"closed","ping_status":"closed","template":"","meta":[],"product_brand":[],"product_cat":[49,35,34],"product_tag":[],"class_list":{"0":"post-6311","1":"product","2":"type-product","3":"status-publish","4":"has-post-thumbnail","6":"product_cat-riippuvalaisimet","7":"product_cat-sisavalaisimet","8":"product_cat-valaisimet","10":"first","11":"instock","12":"taxable","13":"shipping-taxable","14":"purchasable","15":"product-type-simple"},"_links":{"self":[{"href":"https:\/\/www.ksttukku.fi\/kauppa\/wp-json\/wp\/v2\/product\/6311","targetHints":{"allow":["GET"]}}],"collection":[{"href":"https:\/\/www.ksttukku.fi\/kauppa\/wp-json\/wp\/v2\/product"}],"about":[{"href":"https:\/\/www.ksttukku.fi\/kauppa\/wp-json\/wp\/v2\/types\/product"}],"replies":[{"embeddable":true,"href":"https:\/\/www.ksttukku.fi\/kauppa\/wp-json\/wp\/v2\/comments?post=6311"}],"wp:featuredmedia":[{"embeddable":true,"href":"https:\/\/www.ksttukku.fi\/kauppa\/wp-json\/wp\/v2\/media\/6314"}],"wp:attachment":[{"href":"https:\/\/www.ksttukku.fi\/kauppa\/wp-json\/wp\/v2\/media?parent=6311"}],"wp:term":[{"taxonomy":"product_brand","embeddable":true,"href":"https:\/\/www.ksttukku.fi\/kauppa\/wp-json\/wp\/v2\/product_brand?post=6311"},{"taxonomy":"product_cat","embeddable":true,"href":"https:\/\/www.ksttukku.fi\/kauppa\/wp-json\/wp\/v2\/product_cat?post=6311"},{"taxonomy":"product_tag","embeddable":true,"href":"https:\/\/www.ksttukku.fi\/kauppa\/wp-json\/wp\/v2\/product_tag?post=6311"}],"curies":[{"name":"wp","href":"https:\/\/api.w.org\/{rel}","templated":true}]}}