{"id":6323,"date":"2020-08-21T13:14:22","date_gmt":"2020-08-21T10:14:22","guid":{"rendered":"https:\/\/www.ksttukku.fi\/kauppa\/?post_type=product&#038;p=6323"},"modified":"2025-05-08T10:43:24","modified_gmt":"2025-05-08T07:43:24","slug":"riippuvalaisin-metsa-musta","status":"publish","type":"product","link":"https:\/\/www.ksttukku.fi\/kauppa\/tuote\/riippuvalaisin-metsa-musta\/","title":{"rendered":"Mets\u00e4 riippuvalaisin musta"},"content":{"rendered":"<div class=\"product-detail\">\n<div class=\"text\">\n<p>METS\u00c4-riippuvalaisin on mutoilultaan moderni ja raikas. Valo suodattuu alumiinisen varjostimen takaa kauniisti luoden tilaan pehmeytt\u00e4 ja tyyli\u00e4. Se sopii erityisen hyvin ruokap\u00f6yd\u00e4n ylle sill\u00e4 se siroaa valoa juuri sopivalla voimakkuudella. T\u00e4m\u00e4 valaisin luo todellisen vaikutuksen.<\/p>\n<\/div>\n<\/div>\n<div class=\"product-table\">\n<div class=\"row\">\n<div class=\"col-5\">V\u00e4ri: Musta<\/div>\n<\/div>\n<div class=\"row\">\n<div class=\"col-7\">Mitat: \u2205 400 mm, varjostimen korkeus 250 mm, max kokonaiskorkeus 1600 mm<\/div>\n<\/div>\n<div class=\"row\">\n<div class=\"col-5\">Lampunkanta: 1 x E27 (pakkaus ei sis\u00e4ll\u00e4 lamppua)<\/div>\n<\/div>\n<div class=\"row\">\n<div class=\"col-7\">Asennustapa: Koukkukiinnitys, sis\u00e4lt\u00e4\u00e4 pistokkeen<\/div>\n<\/div>\n<\/div>\n","protected":false},"excerpt":{"rendered":"<p>METS\u00c4-riippuvalaisin on mutoilultaan moderni ja raikas. Valo suodattuu alumiinisen varjostimen takaa kauniisti luoden tilaan pehmeytt\u00e4 ja tyyli\u00e4. Se sopii erityisen hyvin ruokap\u00f6yd\u00e4n ylle sill\u00e4 se siroaa valoa juuri sopivalla voimakkuudella. T\u00e4m\u00e4 valaisin luo todellisen vaikutuksen. V\u00e4ri: Musta Mitat: \u2205 400 mm, varjostimen korkeus 250 mm, max kokonaiskorkeus 1600 mm Lampunkanta: 1 x E27 (pakkaus ei [&hellip;]<\/p>\n","protected":false},"featured_media":6324,"comment_status":"closed","ping_status":"closed","template":"","meta":[],"product_brand":[],"product_cat":[49,35,34],"product_tag":[],"class_list":{"0":"post-6323","1":"product","2":"type-product","3":"status-publish","4":"has-post-thumbnail","6":"product_cat-riippuvalaisimet","7":"product_cat-sisavalaisimet","8":"product_cat-valaisimet","10":"first","11":"instock","12":"taxable","13":"shipping-taxable","14":"purchasable","15":"product-type-simple"},"_links":{"self":[{"href":"https:\/\/www.ksttukku.fi\/kauppa\/wp-json\/wp\/v2\/product\/6323","targetHints":{"allow":["GET"]}}],"collection":[{"href":"https:\/\/www.ksttukku.fi\/kauppa\/wp-json\/wp\/v2\/product"}],"about":[{"href":"https:\/\/www.ksttukku.fi\/kauppa\/wp-json\/wp\/v2\/types\/product"}],"replies":[{"embeddable":true,"href":"https:\/\/www.ksttukku.fi\/kauppa\/wp-json\/wp\/v2\/comments?post=6323"}],"wp:featuredmedia":[{"embeddable":true,"href":"https:\/\/www.ksttukku.fi\/kauppa\/wp-json\/wp\/v2\/media\/6324"}],"wp:attachment":[{"href":"https:\/\/www.ksttukku.fi\/kauppa\/wp-json\/wp\/v2\/media?parent=6323"}],"wp:term":[{"taxonomy":"product_brand","embeddable":true,"href":"https:\/\/www.ksttukku.fi\/kauppa\/wp-json\/wp\/v2\/product_brand?post=6323"},{"taxonomy":"product_cat","embeddable":true,"href":"https:\/\/www.ksttukku.fi\/kauppa\/wp-json\/wp\/v2\/product_cat?post=6323"},{"taxonomy":"product_tag","embeddable":true,"href":"https:\/\/www.ksttukku.fi\/kauppa\/wp-json\/wp\/v2\/product_tag?post=6323"}],"curies":[{"name":"wp","href":"https:\/\/api.w.org\/{rel}","templated":true}]}}