{"id":6348,"date":"2020-08-28T15:28:49","date_gmt":"2020-08-28T12:28:49","guid":{"rendered":"https:\/\/www.ksttukku.fi\/kauppa\/?post_type=product&#038;p=6348"},"modified":"2020-08-28T15:28:50","modified_gmt":"2020-08-28T12:28:50","slug":"liiketunnistin-ip44","status":"publish","type":"product","link":"https:\/\/www.ksttukku.fi\/kauppa\/tuote\/liiketunnistin-ip44\/","title":{"rendered":"Liiketunnistin IP44"},"content":{"rendered":"<p>Roisketiivis liiketunnistin (IP44) on tarkoitettu ulkok\u00e4ytt\u00f6\u00f6n. K\u00e4ytt\u00f6l\u00e4mp\u00f6tila -20 \u2026 +40\u00b0C.<\/p>\n<p>Toiminta-aika 5 s &#8211; 8 min.<br \/>\nValon s\u00e4\u00e4t\u00f6 10 lux &#8211; 2000 lux<\/p>\n","protected":false},"excerpt":{"rendered":"<p>Roisketiivis liiketunnistin (IP44) on tarkoitettu ulkok\u00e4ytt\u00f6\u00f6n. K\u00e4ytt\u00f6l\u00e4mp\u00f6tila -20 \u2026 +40\u00b0C. Toiminta-aika 5 s &#8211; 8 min. Valon s\u00e4\u00e4t\u00f6 10 lux &#8211; 2000 lux<\/p>\n","protected":false},"featured_media":6349,"comment_status":"closed","ping_status":"closed","template":"","meta":[],"product_brand":[],"product_cat":[361,230],"product_tag":[],"class_list":{"0":"post-6348","1":"product","2":"type-product","3":"status-publish","4":"has-post-thumbnail","6":"product_cat-liiketunnistimet","7":"product_cat-sahkotarvikkeet","9":"first","10":"instock","11":"taxable","12":"shipping-taxable","13":"purchasable","14":"product-type-simple"},"_links":{"self":[{"href":"https:\/\/www.ksttukku.fi\/kauppa\/wp-json\/wp\/v2\/product\/6348","targetHints":{"allow":["GET"]}}],"collection":[{"href":"https:\/\/www.ksttukku.fi\/kauppa\/wp-json\/wp\/v2\/product"}],"about":[{"href":"https:\/\/www.ksttukku.fi\/kauppa\/wp-json\/wp\/v2\/types\/product"}],"replies":[{"embeddable":true,"href":"https:\/\/www.ksttukku.fi\/kauppa\/wp-json\/wp\/v2\/comments?post=6348"}],"wp:featuredmedia":[{"embeddable":true,"href":"https:\/\/www.ksttukku.fi\/kauppa\/wp-json\/wp\/v2\/media\/6349"}],"wp:attachment":[{"href":"https:\/\/www.ksttukku.fi\/kauppa\/wp-json\/wp\/v2\/media?parent=6348"}],"wp:term":[{"taxonomy":"product_brand","embeddable":true,"href":"https:\/\/www.ksttukku.fi\/kauppa\/wp-json\/wp\/v2\/product_brand?post=6348"},{"taxonomy":"product_cat","embeddable":true,"href":"https:\/\/www.ksttukku.fi\/kauppa\/wp-json\/wp\/v2\/product_cat?post=6348"},{"taxonomy":"product_tag","embeddable":true,"href":"https:\/\/www.ksttukku.fi\/kauppa\/wp-json\/wp\/v2\/product_tag?post=6348"}],"curies":[{"name":"wp","href":"https:\/\/api.w.org\/{rel}","templated":true}]}}