{"id":6350,"date":"2020-08-28T16:31:41","date_gmt":"2020-08-28T13:31:41","guid":{"rendered":"https:\/\/www.ksttukku.fi\/kauppa\/?post_type=product&#038;p=6350"},"modified":"2020-08-28T16:31:42","modified_gmt":"2020-08-28T13:31:42","slug":"liiketunnistin","status":"publish","type":"product","link":"https:\/\/www.ksttukku.fi\/kauppa\/tuote\/liiketunnistin\/","title":{"rendered":"Liiketunnistin"},"content":{"rendered":"<p>Liiketunnistin ulkok\u00e4ytt\u00f6\u00f6n. Tunnistuskulma 180 astetta ja tunnistuset\u00e4isyys 12 metri\u00e4. Asennus sein\u00e4\u00e4n noin 2,5 m korkeudelle maasta. Tunnistuksen kesto s\u00e4\u00e4dett\u00e4viss\u00e4 10 sekunnista 4 minuuttiin. Luxohjaustaso s\u00e4\u00e4dett\u00e4viss\u00e4 p\u00e4iv\u00e4nvalosta y\u00f6h\u00f6n.<\/p>\n","protected":false},"excerpt":{"rendered":"<p>Liiketunnistin ulkok\u00e4ytt\u00f6\u00f6n. Tunnistuskulma 180 astetta ja tunnistuset\u00e4isyys 12 metri\u00e4. Asennus sein\u00e4\u00e4n noin 2,5 m korkeudelle maasta. Tunnistuksen kesto s\u00e4\u00e4dett\u00e4viss\u00e4 10 sekunnista 4 minuuttiin. Luxohjaustaso s\u00e4\u00e4dett\u00e4viss\u00e4 p\u00e4iv\u00e4nvalosta y\u00f6h\u00f6n.<\/p>\n","protected":false},"featured_media":6351,"comment_status":"closed","ping_status":"closed","template":"","meta":[],"product_brand":[],"product_cat":[361,230],"product_tag":[],"class_list":{"0":"post-6350","1":"product","2":"type-product","3":"status-publish","4":"has-post-thumbnail","6":"product_cat-liiketunnistimet","7":"product_cat-sahkotarvikkeet","9":"first","10":"instock","11":"taxable","12":"shipping-taxable","13":"purchasable","14":"product-type-simple"},"_links":{"self":[{"href":"https:\/\/www.ksttukku.fi\/kauppa\/wp-json\/wp\/v2\/product\/6350","targetHints":{"allow":["GET"]}}],"collection":[{"href":"https:\/\/www.ksttukku.fi\/kauppa\/wp-json\/wp\/v2\/product"}],"about":[{"href":"https:\/\/www.ksttukku.fi\/kauppa\/wp-json\/wp\/v2\/types\/product"}],"replies":[{"embeddable":true,"href":"https:\/\/www.ksttukku.fi\/kauppa\/wp-json\/wp\/v2\/comments?post=6350"}],"wp:featuredmedia":[{"embeddable":true,"href":"https:\/\/www.ksttukku.fi\/kauppa\/wp-json\/wp\/v2\/media\/6351"}],"wp:attachment":[{"href":"https:\/\/www.ksttukku.fi\/kauppa\/wp-json\/wp\/v2\/media?parent=6350"}],"wp:term":[{"taxonomy":"product_brand","embeddable":true,"href":"https:\/\/www.ksttukku.fi\/kauppa\/wp-json\/wp\/v2\/product_brand?post=6350"},{"taxonomy":"product_cat","embeddable":true,"href":"https:\/\/www.ksttukku.fi\/kauppa\/wp-json\/wp\/v2\/product_cat?post=6350"},{"taxonomy":"product_tag","embeddable":true,"href":"https:\/\/www.ksttukku.fi\/kauppa\/wp-json\/wp\/v2\/product_tag?post=6350"}],"curies":[{"name":"wp","href":"https:\/\/api.w.org\/{rel}","templated":true}]}}