{"id":6358,"date":"2020-08-28T17:29:00","date_gmt":"2020-08-28T14:29:00","guid":{"rendered":"https:\/\/www.ksttukku.fi\/kauppa\/?post_type=product&#038;p=6358"},"modified":"2022-11-21T17:46:25","modified_gmt":"2022-11-21T15:46:25","slug":"pyyhekoukku-base-200-kromi-4-os-tarrakiinnitys","status":"publish","type":"product","link":"https:\/\/www.ksttukku.fi\/kauppa\/tuote\/pyyhekoukku-base-200-kromi-4-os-tarrakiinnitys\/","title":{"rendered":"Pyyhekoukku Base 200 kromi 4-os tarrakiinnitys"},"content":{"rendered":"<p>Kiilt\u00e4v\u00e4n kromin v\u00e4rinen Base 200 -sarjan pyyhekoukku 4- osainen. Koukku asennetaan ilman reikien poraamista liimataustakiinnityksell\u00e4. Hyv\u00e4 tarttuvuus materiaaleihin. Asentaessa t\u00e4rke\u00e4\u00e4 puhdistaa tausta huolellisesti liasta. Leveys 180, korkeus 45 ja syvyys 30 mm. Materiaali ruostumatonta ter\u00e4st\u00e4.<\/p>\n","protected":false},"excerpt":{"rendered":"<p>Kiilt\u00e4v\u00e4n kromin v\u00e4rinen Base 200 -sarjan pyyhekoukku 4- osainen. Koukku asennetaan ilman reikien poraamista liimataustakiinnityksell\u00e4. Hyv\u00e4 tarttuvuus materiaaleihin. Asentaessa t\u00e4rke\u00e4\u00e4 puhdistaa tausta huolellisesti liasta. Leveys 180, korkeus 45 ja syvyys 30 mm. Materiaali ruostumatonta ter\u00e4st\u00e4.<\/p>\n","protected":false},"featured_media":6359,"comment_status":"closed","ping_status":"closed","template":"","meta":[],"product_brand":[],"product_cat":[360],"product_tag":[],"class_list":{"0":"post-6358","1":"product","2":"type-product","3":"status-publish","4":"has-post-thumbnail","6":"product_cat-pyyhekoukut-ja-tarvikkeet","8":"first","9":"instock","10":"taxable","11":"shipping-taxable","12":"purchasable","13":"product-type-simple"},"_links":{"self":[{"href":"https:\/\/www.ksttukku.fi\/kauppa\/wp-json\/wp\/v2\/product\/6358","targetHints":{"allow":["GET"]}}],"collection":[{"href":"https:\/\/www.ksttukku.fi\/kauppa\/wp-json\/wp\/v2\/product"}],"about":[{"href":"https:\/\/www.ksttukku.fi\/kauppa\/wp-json\/wp\/v2\/types\/product"}],"replies":[{"embeddable":true,"href":"https:\/\/www.ksttukku.fi\/kauppa\/wp-json\/wp\/v2\/comments?post=6358"}],"wp:featuredmedia":[{"embeddable":true,"href":"https:\/\/www.ksttukku.fi\/kauppa\/wp-json\/wp\/v2\/media\/6359"}],"wp:attachment":[{"href":"https:\/\/www.ksttukku.fi\/kauppa\/wp-json\/wp\/v2\/media?parent=6358"}],"wp:term":[{"taxonomy":"product_brand","embeddable":true,"href":"https:\/\/www.ksttukku.fi\/kauppa\/wp-json\/wp\/v2\/product_brand?post=6358"},{"taxonomy":"product_cat","embeddable":true,"href":"https:\/\/www.ksttukku.fi\/kauppa\/wp-json\/wp\/v2\/product_cat?post=6358"},{"taxonomy":"product_tag","embeddable":true,"href":"https:\/\/www.ksttukku.fi\/kauppa\/wp-json\/wp\/v2\/product_tag?post=6358"}],"curies":[{"name":"wp","href":"https:\/\/api.w.org\/{rel}","templated":true}]}}