{"id":6362,"date":"2020-08-28T17:42:14","date_gmt":"2020-08-28T14:42:14","guid":{"rendered":"https:\/\/www.ksttukku.fi\/kauppa\/?post_type=product&#038;p=6362"},"modified":"2022-11-21T18:12:05","modified_gmt":"2022-11-21T16:12:05","slug":"wc-paperin-vararullateline-base-200-kromi-tarrakiinnitys","status":"publish","type":"product","link":"https:\/\/www.ksttukku.fi\/kauppa\/tuote\/wc-paperin-vararullateline-base-200-kromi-tarrakiinnitys\/","title":{"rendered":"WC-paperin vararullateline Base 200 kromi tarrakiinnitys"},"content":{"rendered":"<p>Kiilt\u00e4v\u00e4n kromin v\u00e4rinen Base 200 -sarjan wc-paperin vararullateline. Teline asennetaan ilman reikien poraamista liimataustakiinnityksell\u00e4. Hyv\u00e4 tarttuvuus materiaaleihin. Asentaessa t\u00e4rke\u00e4\u00e4 puhdistaa tausta huolellisesti liasta. Leveys 45, korkeus 90 ja syvyys 120 mm. Materiaali ruostumatonta ter\u00e4st\u00e4.<\/p>\n","protected":false},"excerpt":{"rendered":"<p>Kiilt\u00e4v\u00e4n kromin v\u00e4rinen Base 200 -sarjan wc-paperin vararullateline. Teline asennetaan ilman reikien poraamista liimataustakiinnityksell\u00e4. Hyv\u00e4 tarttuvuus materiaaleihin. Asentaessa t\u00e4rke\u00e4\u00e4 puhdistaa tausta huolellisesti liasta. Leveys 45, korkeus 90 ja syvyys 120 mm. Materiaali ruostumatonta ter\u00e4st\u00e4.<\/p>\n","protected":false},"featured_media":6363,"comment_status":"closed","ping_status":"closed","template":"","meta":[],"product_brand":[],"product_cat":[360],"product_tag":[],"class_list":{"0":"post-6362","1":"product","2":"type-product","3":"status-publish","4":"has-post-thumbnail","6":"product_cat-pyyhekoukut-ja-tarvikkeet","8":"first","9":"instock","10":"taxable","11":"shipping-taxable","12":"purchasable","13":"product-type-simple"},"_links":{"self":[{"href":"https:\/\/www.ksttukku.fi\/kauppa\/wp-json\/wp\/v2\/product\/6362","targetHints":{"allow":["GET"]}}],"collection":[{"href":"https:\/\/www.ksttukku.fi\/kauppa\/wp-json\/wp\/v2\/product"}],"about":[{"href":"https:\/\/www.ksttukku.fi\/kauppa\/wp-json\/wp\/v2\/types\/product"}],"replies":[{"embeddable":true,"href":"https:\/\/www.ksttukku.fi\/kauppa\/wp-json\/wp\/v2\/comments?post=6362"}],"wp:featuredmedia":[{"embeddable":true,"href":"https:\/\/www.ksttukku.fi\/kauppa\/wp-json\/wp\/v2\/media\/6363"}],"wp:attachment":[{"href":"https:\/\/www.ksttukku.fi\/kauppa\/wp-json\/wp\/v2\/media?parent=6362"}],"wp:term":[{"taxonomy":"product_brand","embeddable":true,"href":"https:\/\/www.ksttukku.fi\/kauppa\/wp-json\/wp\/v2\/product_brand?post=6362"},{"taxonomy":"product_cat","embeddable":true,"href":"https:\/\/www.ksttukku.fi\/kauppa\/wp-json\/wp\/v2\/product_cat?post=6362"},{"taxonomy":"product_tag","embeddable":true,"href":"https:\/\/www.ksttukku.fi\/kauppa\/wp-json\/wp\/v2\/product_tag?post=6362"}],"curies":[{"name":"wp","href":"https:\/\/api.w.org\/{rel}","templated":true}]}}