{"id":6382,"date":"2020-09-01T12:49:17","date_gmt":"2020-09-01T09:49:17","guid":{"rendered":"https:\/\/www.ksttukku.fi\/kauppa\/?post_type=product&#038;p=6382"},"modified":"2020-09-01T12:49:18","modified_gmt":"2020-09-01T09:49:18","slug":"nuppi-pole-10mm-harjattumessinki","status":"publish","type":"product","link":"https:\/\/www.ksttukku.fi\/kauppa\/tuote\/nuppi-pole-10mm-harjattumessinki\/","title":{"rendered":"Nuppi Pole 10mm harjattumessinki"},"content":{"rendered":"<p>Uutuusvedin Pole on ohut sylinterim\u00e4inen nuppi. Verkkomainen pintakuvio tuo modernin ja teollisen lis\u00e4n kalusteisiin ja takaa samalla t\u00e4ydellisen pidon. Mitat \u00d8 10 x 33 mm. S\u00e4vy harjattu tumma messinki (brushed dark brass). Valmistettu alumiinista.<\/p>\n","protected":false},"excerpt":{"rendered":"<p>Uutuusvedin Pole on ohut sylinterim\u00e4inen nuppi. Verkkomainen pintakuvio tuo modernin ja teollisen lis\u00e4n kalusteisiin ja takaa samalla t\u00e4ydellisen pidon. Mitat \u00d8 10 x 33 mm. S\u00e4vy harjattu tumma messinki (brushed dark brass). Valmistettu alumiinista.<\/p>\n","protected":false},"featured_media":6383,"comment_status":"closed","ping_status":"closed","template":"","meta":[],"product_brand":[],"product_cat":[264,265],"product_tag":[],"class_list":{"0":"post-6382","1":"product","2":"type-product","3":"status-publish","4":"has-post-thumbnail","6":"product_cat-nupit","7":"product_cat-vetimet-ja-nupit","9":"first","10":"instock","11":"taxable","12":"shipping-taxable","13":"purchasable","14":"product-type-simple"},"_links":{"self":[{"href":"https:\/\/www.ksttukku.fi\/kauppa\/wp-json\/wp\/v2\/product\/6382","targetHints":{"allow":["GET"]}}],"collection":[{"href":"https:\/\/www.ksttukku.fi\/kauppa\/wp-json\/wp\/v2\/product"}],"about":[{"href":"https:\/\/www.ksttukku.fi\/kauppa\/wp-json\/wp\/v2\/types\/product"}],"replies":[{"embeddable":true,"href":"https:\/\/www.ksttukku.fi\/kauppa\/wp-json\/wp\/v2\/comments?post=6382"}],"wp:featuredmedia":[{"embeddable":true,"href":"https:\/\/www.ksttukku.fi\/kauppa\/wp-json\/wp\/v2\/media\/6383"}],"wp:attachment":[{"href":"https:\/\/www.ksttukku.fi\/kauppa\/wp-json\/wp\/v2\/media?parent=6382"}],"wp:term":[{"taxonomy":"product_brand","embeddable":true,"href":"https:\/\/www.ksttukku.fi\/kauppa\/wp-json\/wp\/v2\/product_brand?post=6382"},{"taxonomy":"product_cat","embeddable":true,"href":"https:\/\/www.ksttukku.fi\/kauppa\/wp-json\/wp\/v2\/product_cat?post=6382"},{"taxonomy":"product_tag","embeddable":true,"href":"https:\/\/www.ksttukku.fi\/kauppa\/wp-json\/wp\/v2\/product_tag?post=6382"}],"curies":[{"name":"wp","href":"https:\/\/api.w.org\/{rel}","templated":true}]}}