{"id":6456,"date":"2020-09-17T13:49:19","date_gmt":"2020-09-17T10:49:19","guid":{"rendered":"https:\/\/www.ksttukku.fi\/kauppa\/?post_type=product&#038;p=6456"},"modified":"2020-09-22T00:00:11","modified_gmt":"2020-09-21T21:00:11","slug":"ladattava-tyovalaisin-30w-ip44","status":"publish","type":"product","link":"https:\/\/www.ksttukku.fi\/kauppa\/tuote\/ladattava-tyovalaisin-30w-ip44\/","title":{"rendered":"Ladattava ty\u00f6valaisin 30W IP44"},"content":{"rendered":"<p><span id=\"data1\" class=\"pt1\">Teho 30 W.<br \/>\nAkku: 7.4 V, 6600 mAh Li-ion<br \/>\nLatausaika: 4 tuntia<br \/>\nTy\u00f6skentelyaika: 2-5 tuntia<br \/>\nValoteho 70-2200 lm.<br \/>\nHimmennys: 10-100%<br \/>\nV\u00e4ril\u00e4mp\u00f6tila 6000 K.<br \/>\nKotelointiluokka IP44.<br \/>\nValaisukulma 130 astetta.<br \/>\nValonkantama: 15 m<br \/>\nRungon materiaali: PC+PET muovia.<br \/>\nK\u00e4ytt\u00f6ik\u00e4 noin 30 000 tuntia.<br \/>\nTakuu 2 vuotta.<br \/>\nSis\u00e4lt\u00e4\u00e4 latauslaitteen 230 V pistorasiaan &amp; latauslaitteen 12 V tupakansytyttimeen.<\/span><\/p>\n","protected":false},"excerpt":{"rendered":"<p>Hyvin iskuja kest\u00e4v\u00e4 ty\u00f6valaisin kovaan k\u00e4ytt\u00f6\u00f6n! 30 W ladattava LED-ty\u00f6valaisin, katkaisijalla ja himmentimell\u00e4 varustettuna. Valoteho 70-2200 lm.<\/p>\n","protected":false},"featured_media":6457,"comment_status":"closed","ping_status":"closed","template":"","meta":[],"product_brand":[],"product_cat":[305,39],"product_tag":[],"class_list":{"0":"post-6456","1":"product","2":"type-product","3":"status-publish","4":"has-post-thumbnail","6":"product_cat-classic-valonheittimet","7":"product_cat-valonheittimet","9":"first","10":"instock","11":"taxable","12":"shipping-taxable","13":"purchasable","14":"product-type-simple"},"_links":{"self":[{"href":"https:\/\/www.ksttukku.fi\/kauppa\/wp-json\/wp\/v2\/product\/6456","targetHints":{"allow":["GET"]}}],"collection":[{"href":"https:\/\/www.ksttukku.fi\/kauppa\/wp-json\/wp\/v2\/product"}],"about":[{"href":"https:\/\/www.ksttukku.fi\/kauppa\/wp-json\/wp\/v2\/types\/product"}],"replies":[{"embeddable":true,"href":"https:\/\/www.ksttukku.fi\/kauppa\/wp-json\/wp\/v2\/comments?post=6456"}],"wp:featuredmedia":[{"embeddable":true,"href":"https:\/\/www.ksttukku.fi\/kauppa\/wp-json\/wp\/v2\/media\/6457"}],"wp:attachment":[{"href":"https:\/\/www.ksttukku.fi\/kauppa\/wp-json\/wp\/v2\/media?parent=6456"}],"wp:term":[{"taxonomy":"product_brand","embeddable":true,"href":"https:\/\/www.ksttukku.fi\/kauppa\/wp-json\/wp\/v2\/product_brand?post=6456"},{"taxonomy":"product_cat","embeddable":true,"href":"https:\/\/www.ksttukku.fi\/kauppa\/wp-json\/wp\/v2\/product_cat?post=6456"},{"taxonomy":"product_tag","embeddable":true,"href":"https:\/\/www.ksttukku.fi\/kauppa\/wp-json\/wp\/v2\/product_tag?post=6456"}],"curies":[{"name":"wp","href":"https:\/\/api.w.org\/{rel}","templated":true}]}}