{"id":6482,"date":"2020-09-22T17:45:37","date_gmt":"2020-09-22T14:45:37","guid":{"rendered":"https:\/\/www.ksttukku.fi\/kauppa\/?post_type=product&#038;p=6482"},"modified":"2025-10-21T11:52:22","modified_gmt":"2025-10-21T08:52:22","slug":"pispala-pylvasvalaisin-ip44-valkoinen","status":"publish","type":"product","link":"https:\/\/www.ksttukku.fi\/kauppa\/tuote\/pispala-pylvasvalaisin-ip44-valkoinen\/","title":{"rendered":"Pispala pylv\u00e4svalaisin IP44 valkoinen"},"content":{"rendered":"<p><span id=\"data1\" class=\"pt1\">Pispala pylv\u00e4svalaisin.<\/span><\/p>\n<p>Korkeus: 1 m<br \/>\nV\u00e4ri: valkoinen<br \/>\nMateriaali: Ter\u00e4s, polykarbonnaattinen h\u00e4is\u00e4sysuoja<br \/>\nKanta: E27<br \/>\nJ\u00e4nnite :220-240V 50-HZ<br \/>\nTeho: Max. 10W ledlamppu (valonl\u00e4hde ei sis. pakkaukseen)<br \/>\nSuojausluokka:I<br \/>\nKotelointiluokka:IP44<br \/>\nToimitetaan asennusvalmiiksi johdotettuna pylv\u00e4\u00e4n alaosaan. Ruuviliittimet 3 x 2,5 mm2<\/p>\n","protected":false},"excerpt":{"rendered":"<p>Valkoinen PISPALA pylv\u00e4svalaisin soveltuu sek\u00e4 moderniin ett\u00e4 perinteisemp\u00e4\u00e4n pihapiiriin. Valaisimen valo suuntautuu kauniisti alasp\u00e4in valaisten pihapiiri\u00e4. Valaisimen korkeus on 100 cm.<\/p>\n","protected":false},"featured_media":6483,"comment_status":"closed","ping_status":"closed","template":"","meta":[],"product_brand":[],"product_cat":[38,36],"product_tag":[],"class_list":{"0":"post-6482","1":"product","2":"type-product","3":"status-publish","4":"has-post-thumbnail","6":"product_cat-pylvasvalaisimet","7":"product_cat-ulkovalaisimet","9":"first","10":"outofstock","11":"taxable","12":"shipping-taxable","13":"purchasable","14":"product-type-simple"},"_links":{"self":[{"href":"https:\/\/www.ksttukku.fi\/kauppa\/wp-json\/wp\/v2\/product\/6482","targetHints":{"allow":["GET"]}}],"collection":[{"href":"https:\/\/www.ksttukku.fi\/kauppa\/wp-json\/wp\/v2\/product"}],"about":[{"href":"https:\/\/www.ksttukku.fi\/kauppa\/wp-json\/wp\/v2\/types\/product"}],"replies":[{"embeddable":true,"href":"https:\/\/www.ksttukku.fi\/kauppa\/wp-json\/wp\/v2\/comments?post=6482"}],"wp:featuredmedia":[{"embeddable":true,"href":"https:\/\/www.ksttukku.fi\/kauppa\/wp-json\/wp\/v2\/media\/6483"}],"wp:attachment":[{"href":"https:\/\/www.ksttukku.fi\/kauppa\/wp-json\/wp\/v2\/media?parent=6482"}],"wp:term":[{"taxonomy":"product_brand","embeddable":true,"href":"https:\/\/www.ksttukku.fi\/kauppa\/wp-json\/wp\/v2\/product_brand?post=6482"},{"taxonomy":"product_cat","embeddable":true,"href":"https:\/\/www.ksttukku.fi\/kauppa\/wp-json\/wp\/v2\/product_cat?post=6482"},{"taxonomy":"product_tag","embeddable":true,"href":"https:\/\/www.ksttukku.fi\/kauppa\/wp-json\/wp\/v2\/product_tag?post=6482"}],"curies":[{"name":"wp","href":"https:\/\/api.w.org\/{rel}","templated":true}]}}