{"id":6499,"date":"2020-09-25T12:23:07","date_gmt":"2020-09-25T09:23:07","guid":{"rendered":"https:\/\/www.ksttukku.fi\/kauppa\/?post_type=product&#038;p=6499"},"modified":"2020-09-25T12:23:09","modified_gmt":"2020-09-25T09:23:09","slug":"airam-floody-tyovalaisin-20w-ip65","status":"publish","type":"product","link":"https:\/\/www.ksttukku.fi\/kauppa\/tuote\/airam-floody-tyovalaisin-20w-ip65\/","title":{"rendered":"Airam Floody ty\u00f6valaisin 20W IP65"},"content":{"rendered":"<p>Valaisimessa on valmiina 1,5 m liit\u00e4nt\u00e4johto (kumikaapeli) ja SUKO-pistotulppa<\/p>\n<p>Teho: 20 W<\/p>\n<p>Valovirta: 1400 lm<\/p>\n<p>IP-luokitus: IP65<\/p>\n<p>Mitat: 220,5 x 299,5 x 210 (mm)<\/p>\n<p>V\u00e4ril\u00e4mp\u00f6: 4000 K<\/p>\n","protected":false},"excerpt":{"rendered":"<p>Valaisimessa on valmiina 1,5 m liit\u00e4nt\u00e4johto (kumikaapeli) ja SUKO-pistotulppa Teho: 20 W Valovirta: 1400 lm IP-luokitus: IP65 Mitat: 220,5 x 299,5 x 210 (mm) V\u00e4ril\u00e4mp\u00f6: 4000 K<\/p>\n","protected":false},"featured_media":6500,"comment_status":"closed","ping_status":"closed","template":"","meta":[],"product_brand":[],"product_cat":[305,39],"product_tag":[],"class_list":{"0":"post-6499","1":"product","2":"type-product","3":"status-publish","4":"has-post-thumbnail","6":"product_cat-classic-valonheittimet","7":"product_cat-valonheittimet","9":"first","10":"instock","11":"taxable","12":"shipping-taxable","13":"purchasable","14":"product-type-simple"},"_links":{"self":[{"href":"https:\/\/www.ksttukku.fi\/kauppa\/wp-json\/wp\/v2\/product\/6499","targetHints":{"allow":["GET"]}}],"collection":[{"href":"https:\/\/www.ksttukku.fi\/kauppa\/wp-json\/wp\/v2\/product"}],"about":[{"href":"https:\/\/www.ksttukku.fi\/kauppa\/wp-json\/wp\/v2\/types\/product"}],"replies":[{"embeddable":true,"href":"https:\/\/www.ksttukku.fi\/kauppa\/wp-json\/wp\/v2\/comments?post=6499"}],"wp:featuredmedia":[{"embeddable":true,"href":"https:\/\/www.ksttukku.fi\/kauppa\/wp-json\/wp\/v2\/media\/6500"}],"wp:attachment":[{"href":"https:\/\/www.ksttukku.fi\/kauppa\/wp-json\/wp\/v2\/media?parent=6499"}],"wp:term":[{"taxonomy":"product_brand","embeddable":true,"href":"https:\/\/www.ksttukku.fi\/kauppa\/wp-json\/wp\/v2\/product_brand?post=6499"},{"taxonomy":"product_cat","embeddable":true,"href":"https:\/\/www.ksttukku.fi\/kauppa\/wp-json\/wp\/v2\/product_cat?post=6499"},{"taxonomy":"product_tag","embeddable":true,"href":"https:\/\/www.ksttukku.fi\/kauppa\/wp-json\/wp\/v2\/product_tag?post=6499"}],"curies":[{"name":"wp","href":"https:\/\/api.w.org\/{rel}","templated":true}]}}