{"id":6526,"date":"2020-09-29T17:31:08","date_gmt":"2020-09-29T14:31:08","guid":{"rendered":"https:\/\/www.ksttukku.fi\/kauppa\/?post_type=product&#038;p=6526"},"modified":"2024-05-06T15:59:02","modified_gmt":"2024-05-06T12:59:02","slug":"beam-kiskovalaisin-valkoinen-yksivaihe","status":"publish","type":"product","link":"https:\/\/www.ksttukku.fi\/kauppa\/tuote\/beam-kiskovalaisin-valkoinen-yksivaihe\/","title":{"rendered":"Beam kiskovalaisin valkoinen yksivaihe"},"content":{"rendered":"<p>Beam on siro ja ajattomasti muotoiltu kohdevalaisin vaihdettavalle PAR16 GU10 led-lampulle. Beam asennetaan yksi- (1P) tai kolmivaihekiskoon (3P). Valaisimelle soveltuvia k\u00e4ytt\u00f6kohteita ovat julkiset tilat, kuten ravintolat, kahvilat, kampaamot ja muut pienet myym\u00e4l\u00e4t sek\u00e4 asuinrakennukset.<\/p>\n<p>Polykarbonaattirunko.<br \/>\nValkoinen RAL 9016<br \/>\nSuojausluokka I.<br \/>\nBeam 1-P:ss\u00e4 on yksivaihe kosketinkiskoadapteri GP67M. Valaisin soveltuu asennettavaksi Global Base 1-piirikiskoihin. Sopii my\u00f6s Lytespan 1 ja Lytespan LP-kiskoihin.<br \/>\nIP20.<br \/>\nMax. 10W led-lamppu. Lampun pituus: valkoiset mallit max 54 mm, mustat mallit max 57 mm.<br \/>\nOn\/Off. Himmennett\u00e4viss\u00e4 Airam Wireless \u2013sarjan lampuilla.<br \/>\nK\u00e4ytt\u00f6ymp\u00e4rist\u00f6n l\u00e4mp\u00f6tila 0 \u2026 35 \u00b0C.<\/p>\n<ul class=\"data-list itemcard-data-list\">\n<li class=\"data-list__item\"><span class=\"data-list__item__label\">Rakenne<\/span> <span class=\"data-list__item__value\">RUNKO POLYKARBONAATTIA<\/span><\/li>\n<li class=\"data-list__item\"><span class=\"data-list__item__label\">Lampputyyppi<\/span> <span class=\"data-list__item__value\">LED vaihdettava<\/span><\/li>\n<\/ul>\n","protected":false},"excerpt":{"rendered":"<p>Beam on siro ja ajattomasti muotoiltu kohdevalaisin vaihdettavalle PAR16 GU10 led-lampulle. Beam asennetaan yksi- (1P) tai kolmivaihekiskoon (3P). Valaisimelle soveltuvia k\u00e4ytt\u00f6kohteita ovat julkiset tilat, kuten ravintolat, kahvilat, kampaamot ja muut pienet myym\u00e4l\u00e4t sek\u00e4 asuinrakennukset. Polykarbonaattirunko. Valkoinen RAL 9016 Suojausluokka I. Beam 1-P:ss\u00e4 on yksivaihe kosketinkiskoadapteri GP67M. Valaisin soveltuu asennettavaksi Global Base 1-piirikiskoihin. Sopii my\u00f6s Lytespan [&hellip;]<\/p>\n","protected":false},"featured_media":6527,"comment_status":"closed","ping_status":"closed","template":"","meta":[],"product_brand":[],"product_cat":[363],"product_tag":[],"class_list":{"0":"post-6526","1":"product","2":"type-product","3":"status-publish","4":"has-post-thumbnail","6":"product_cat-kiskovalaisimet","8":"first","9":"outofstock","10":"taxable","11":"shipping-taxable","12":"purchasable","13":"product-type-simple"},"_links":{"self":[{"href":"https:\/\/www.ksttukku.fi\/kauppa\/wp-json\/wp\/v2\/product\/6526","targetHints":{"allow":["GET"]}}],"collection":[{"href":"https:\/\/www.ksttukku.fi\/kauppa\/wp-json\/wp\/v2\/product"}],"about":[{"href":"https:\/\/www.ksttukku.fi\/kauppa\/wp-json\/wp\/v2\/types\/product"}],"replies":[{"embeddable":true,"href":"https:\/\/www.ksttukku.fi\/kauppa\/wp-json\/wp\/v2\/comments?post=6526"}],"wp:featuredmedia":[{"embeddable":true,"href":"https:\/\/www.ksttukku.fi\/kauppa\/wp-json\/wp\/v2\/media\/6527"}],"wp:attachment":[{"href":"https:\/\/www.ksttukku.fi\/kauppa\/wp-json\/wp\/v2\/media?parent=6526"}],"wp:term":[{"taxonomy":"product_brand","embeddable":true,"href":"https:\/\/www.ksttukku.fi\/kauppa\/wp-json\/wp\/v2\/product_brand?post=6526"},{"taxonomy":"product_cat","embeddable":true,"href":"https:\/\/www.ksttukku.fi\/kauppa\/wp-json\/wp\/v2\/product_cat?post=6526"},{"taxonomy":"product_tag","embeddable":true,"href":"https:\/\/www.ksttukku.fi\/kauppa\/wp-json\/wp\/v2\/product_tag?post=6526"}],"curies":[{"name":"wp","href":"https:\/\/api.w.org\/{rel}","templated":true}]}}