{"id":6535,"date":"2020-10-01T13:21:13","date_gmt":"2020-10-01T10:21:13","guid":{"rendered":"https:\/\/www.ksttukku.fi\/kauppa\/?post_type=product&#038;p=6535"},"modified":"2020-10-01T13:23:25","modified_gmt":"2020-10-01T10:23:25","slug":"comet-kiskovalaisin","status":"publish","type":"product","link":"https:\/\/www.ksttukku.fi\/kauppa\/tuote\/comet-kiskovalaisin\/","title":{"rendered":"Comet kiskovalaisin"},"content":{"rendered":"<div class=\"product-detail\">\n<div class=\"text\">Comet kiskovalaisin on yksinkertainen, moderni ja kuuluu siten osaksi ajatonta muotoilua. Valkoinen py\u00f6re\u00e4 hienosti suunniteltu metallispotti varjostin on l\u00e4hell\u00e4 t\u00e4ydellist\u00e4 pallon muotoa, mutta se on jaettu taidokkaasti kahteen osaan, joiden v\u00e4lisen aukon l\u00e4pi valo hehkuu. Comet on edullinen ja silti eritt\u00e4in hyvin viimeistelty metallivalaisin. 360 astetta k\u00e4\u00e4ntyv\u00e4 spotti joka on helppo suunnata.<\/div>\n<\/div>\n<div class=\"product-table\">\n<div class=\"row\">\n<div><\/div>\n<div class=\"col-5\">Rungon v\u00e4ri: Valkoinen<\/div>\n<\/div>\n<div class=\"row\">\n<div class=\"col-5\">Kuvun v\u00e4ri: Valkoinen<\/div>\n<div class=\"col-7\">Mitat: 120 x 100 mm<\/div>\n<\/div>\n<div class=\"row\">\n<div class=\"col-5\">Lampunkanta 1 x GU10 (pakkaus ei sis\u00e4ll\u00e4 lamppua)<\/div>\n<\/div>\n<div class=\"row\">\n<div class=\"col-5\"><\/div>\n<\/div>\n<\/div>\n","protected":false},"excerpt":{"rendered":"<p>Comet kiskovalaisin on yksinkertainen, moderni ja kuuluu siten osaksi ajatonta muotoilua. Valkoinen py\u00f6re\u00e4 hienosti suunniteltu metallispotti varjostin on l\u00e4hell\u00e4 t\u00e4ydellist\u00e4 pallon muotoa, mutta se on jaettu taidokkaasti kahteen osaan, joiden v\u00e4lisen aukon l\u00e4pi valo hehkuu. Comet on edullinen ja silti eritt\u00e4in hyvin viimeistelty metallivalaisin. 360 astetta k\u00e4\u00e4ntyv\u00e4 spotti joka on helppo suunnata. Rungon v\u00e4ri: Valkoinen [&hellip;]<\/p>\n","protected":false},"featured_media":6539,"comment_status":"closed","ping_status":"closed","template":"","meta":[],"product_brand":[],"product_cat":[363],"product_tag":[],"class_list":{"0":"post-6535","1":"product","2":"type-product","3":"status-publish","4":"has-post-thumbnail","6":"product_cat-kiskovalaisimet","8":"first","9":"instock","10":"taxable","11":"shipping-taxable","12":"purchasable","13":"product-type-variable"},"_links":{"self":[{"href":"https:\/\/www.ksttukku.fi\/kauppa\/wp-json\/wp\/v2\/product\/6535","targetHints":{"allow":["GET"]}}],"collection":[{"href":"https:\/\/www.ksttukku.fi\/kauppa\/wp-json\/wp\/v2\/product"}],"about":[{"href":"https:\/\/www.ksttukku.fi\/kauppa\/wp-json\/wp\/v2\/types\/product"}],"replies":[{"embeddable":true,"href":"https:\/\/www.ksttukku.fi\/kauppa\/wp-json\/wp\/v2\/comments?post=6535"}],"wp:featuredmedia":[{"embeddable":true,"href":"https:\/\/www.ksttukku.fi\/kauppa\/wp-json\/wp\/v2\/media\/6539"}],"wp:attachment":[{"href":"https:\/\/www.ksttukku.fi\/kauppa\/wp-json\/wp\/v2\/media?parent=6535"}],"wp:term":[{"taxonomy":"product_brand","embeddable":true,"href":"https:\/\/www.ksttukku.fi\/kauppa\/wp-json\/wp\/v2\/product_brand?post=6535"},{"taxonomy":"product_cat","embeddable":true,"href":"https:\/\/www.ksttukku.fi\/kauppa\/wp-json\/wp\/v2\/product_cat?post=6535"},{"taxonomy":"product_tag","embeddable":true,"href":"https:\/\/www.ksttukku.fi\/kauppa\/wp-json\/wp\/v2\/product_tag?post=6535"}],"curies":[{"name":"wp","href":"https:\/\/api.w.org\/{rel}","templated":true}]}}