{"id":6540,"date":"2020-10-01T13:46:11","date_gmt":"2020-10-01T10:46:11","guid":{"rendered":"https:\/\/www.ksttukku.fi\/kauppa\/?post_type=product&#038;p=6540"},"modified":"2020-10-01T13:46:11","modified_gmt":"2020-10-01T10:46:11","slug":"nordic-kiskovalaisin-valkoinen","status":"publish","type":"product","link":"https:\/\/www.ksttukku.fi\/kauppa\/tuote\/nordic-kiskovalaisin-valkoinen\/","title":{"rendered":"Nordic kiskovalaisin valkoinen"},"content":{"rendered":"<div class=\"product-detail\">\n<div class=\"text\">NORDIC kiskovalaisin<\/div>\n<\/div>\n<div class=\"product-table\">\n<div class=\"row\">\n<div class=\"col-5\">Rungon v\u00e4ri: Valkoinen<\/div>\n<\/div>\n<div class=\"row\">\n<div class=\"col-5\">Mitat; 95 x 128 mm<\/div>\n<\/div>\n<div class=\"row\">\n<div class=\"col-5\">Lampunkanta: 1 x GU10 (pakkaus ei sis\u00e4ll\u00e4 lamppua)<\/div>\n<\/div>\n<\/div>\n","protected":false},"excerpt":{"rendered":"<p>NORDIC kiskovalaisin Rungon v\u00e4ri: Valkoinen Mitat; 95 x 128 mm Lampunkanta: 1 x GU10 (pakkaus ei sis\u00e4ll\u00e4 lamppua)<\/p>\n","protected":false},"featured_media":6544,"comment_status":"closed","ping_status":"closed","template":"","meta":[],"product_brand":[],"product_cat":[363],"product_tag":[],"class_list":{"0":"post-6540","1":"product","2":"type-product","3":"status-publish","4":"has-post-thumbnail","6":"product_cat-kiskovalaisimet","8":"first","9":"instock","10":"taxable","11":"shipping-taxable","12":"purchasable","13":"product-type-variable"},"_links":{"self":[{"href":"https:\/\/www.ksttukku.fi\/kauppa\/wp-json\/wp\/v2\/product\/6540","targetHints":{"allow":["GET"]}}],"collection":[{"href":"https:\/\/www.ksttukku.fi\/kauppa\/wp-json\/wp\/v2\/product"}],"about":[{"href":"https:\/\/www.ksttukku.fi\/kauppa\/wp-json\/wp\/v2\/types\/product"}],"replies":[{"embeddable":true,"href":"https:\/\/www.ksttukku.fi\/kauppa\/wp-json\/wp\/v2\/comments?post=6540"}],"wp:featuredmedia":[{"embeddable":true,"href":"https:\/\/www.ksttukku.fi\/kauppa\/wp-json\/wp\/v2\/media\/6544"}],"wp:attachment":[{"href":"https:\/\/www.ksttukku.fi\/kauppa\/wp-json\/wp\/v2\/media?parent=6540"}],"wp:term":[{"taxonomy":"product_brand","embeddable":true,"href":"https:\/\/www.ksttukku.fi\/kauppa\/wp-json\/wp\/v2\/product_brand?post=6540"},{"taxonomy":"product_cat","embeddable":true,"href":"https:\/\/www.ksttukku.fi\/kauppa\/wp-json\/wp\/v2\/product_cat?post=6540"},{"taxonomy":"product_tag","embeddable":true,"href":"https:\/\/www.ksttukku.fi\/kauppa\/wp-json\/wp\/v2\/product_tag?post=6540"}],"curies":[{"name":"wp","href":"https:\/\/api.w.org\/{rel}","templated":true}]}}