{"id":6545,"date":"2020-10-01T13:59:20","date_gmt":"2020-10-01T10:59:20","guid":{"rendered":"https:\/\/www.ksttukku.fi\/kauppa\/?post_type=product&#038;p=6545"},"modified":"2020-10-01T14:00:41","modified_gmt":"2020-10-01T11:00:41","slug":"nordic-kiskovalaisin-musta","status":"publish","type":"product","link":"https:\/\/www.ksttukku.fi\/kauppa\/tuote\/nordic-kiskovalaisin-musta\/","title":{"rendered":"Nordic kiskovalaisin musta"},"content":{"rendered":"<div class=\"product-detail\">\n<div class=\"text\">NORDIC kiskovalaisin<\/div>\n<\/div>\n<div class=\"product-table\">\n<div class=\"row\">\n<div class=\"col-5\">Rungon v\u00e4ri: musta<\/div>\n<\/div>\n<div class=\"row\">\n<div class=\"col-5\">Mitat: 95 x 128 mm<\/div>\n<\/div>\n<div class=\"row\">\n<div class=\"col-5\">Lampunkanta: 1 x GU10 (pakkaus ei sis\u00e4ll\u00e4 lamppua)<\/div>\n<\/div>\n<\/div>\n","protected":false},"excerpt":{"rendered":"<p>NORDIC kiskovalaisin Rungon v\u00e4ri: musta Mitat: 95 x 128 mm Lampunkanta: 1 x GU10 (pakkaus ei sis\u00e4ll\u00e4 lamppua)<\/p>\n","protected":false},"featured_media":6549,"comment_status":"closed","ping_status":"closed","template":"","meta":[],"product_brand":[],"product_cat":[363],"product_tag":[],"class_list":{"0":"post-6545","1":"product","2":"type-product","3":"status-publish","4":"has-post-thumbnail","6":"product_cat-kiskovalaisimet","8":"first","9":"instock","10":"taxable","11":"shipping-taxable","12":"purchasable","13":"product-type-variable"},"_links":{"self":[{"href":"https:\/\/www.ksttukku.fi\/kauppa\/wp-json\/wp\/v2\/product\/6545","targetHints":{"allow":["GET"]}}],"collection":[{"href":"https:\/\/www.ksttukku.fi\/kauppa\/wp-json\/wp\/v2\/product"}],"about":[{"href":"https:\/\/www.ksttukku.fi\/kauppa\/wp-json\/wp\/v2\/types\/product"}],"replies":[{"embeddable":true,"href":"https:\/\/www.ksttukku.fi\/kauppa\/wp-json\/wp\/v2\/comments?post=6545"}],"wp:featuredmedia":[{"embeddable":true,"href":"https:\/\/www.ksttukku.fi\/kauppa\/wp-json\/wp\/v2\/media\/6549"}],"wp:attachment":[{"href":"https:\/\/www.ksttukku.fi\/kauppa\/wp-json\/wp\/v2\/media?parent=6545"}],"wp:term":[{"taxonomy":"product_brand","embeddable":true,"href":"https:\/\/www.ksttukku.fi\/kauppa\/wp-json\/wp\/v2\/product_brand?post=6545"},{"taxonomy":"product_cat","embeddable":true,"href":"https:\/\/www.ksttukku.fi\/kauppa\/wp-json\/wp\/v2\/product_cat?post=6545"},{"taxonomy":"product_tag","embeddable":true,"href":"https:\/\/www.ksttukku.fi\/kauppa\/wp-json\/wp\/v2\/product_tag?post=6545"}],"curies":[{"name":"wp","href":"https:\/\/api.w.org\/{rel}","templated":true}]}}