{"id":6578,"date":"2020-10-12T18:11:58","date_gmt":"2020-10-12T15:11:58","guid":{"rendered":"https:\/\/www.ksttukku.fi\/kauppa\/?post_type=product&#038;p=6578"},"modified":"2022-08-15T13:51:31","modified_gmt":"2022-08-15T10:51:31","slug":"ladattava-taskulamppu-10w-800lm","status":"publish","type":"product","link":"https:\/\/www.ksttukku.fi\/kauppa\/tuote\/ladattava-taskulamppu-10w-800lm\/","title":{"rendered":"Ladattava taskulamppu 10W 800lm"},"content":{"rendered":"<p>Superkirkas alumiinista valmistettu ladattava taskulamppu kuudella toiminnolla yleisk\u00e4ytt\u00f6\u00f6n. Lamppu sopii esimerkiksi pime\u00e4ll\u00e4 ulkoiluun sek\u00e4 retkeilyyn. Kokonsa puolesta lamppu mahtuu hyvin s\u00e4ilytett\u00e4v\u00e4ksi esimerkiksi repussa.<\/p>\n<p>Lataus Micro-USB:ll\u00e4<\/p>\n<p>Polttimo: LED CREE XML-2<\/p>\n<p>Valoteho: 800 lm<\/p>\n<p>Akku: 18650 3,7V 2200mAh<\/p>\n<p>Valon v\u00e4ril\u00e4mp\u00f6tila: 6500 K<\/p>\n<p>Toiminnot: 100%\/ 50% \/ 20% \/ Vilkku \/ SOS \/ OFF<\/p>\n<p>USB-latauskaapeli (sis.)<\/p>\n<p>LED-merkkivalo<\/p>\n<p>Mitat: 36 x 150 mm<\/p>\n","protected":false},"excerpt":{"rendered":"<p>Superkirkas alumiinista valmistettu ladattava taskulamppu kuudella toiminnolla yleisk\u00e4ytt\u00f6\u00f6n. Lamppu sopii esimerkiksi pime\u00e4ll\u00e4 ulkoiluun sek\u00e4 retkeilyyn. Kokonsa puolesta lamppu mahtuu hyvin s\u00e4ilytett\u00e4v\u00e4ksi esimerkiksi repussa. Lataus Micro-USB:ll\u00e4 Polttimo: LED CREE XML-2 Valoteho: 800 lm Akku: 18650 3,7V 2200mAh Valon v\u00e4ril\u00e4mp\u00f6tila: 6500 K Toiminnot: 100%\/ 50% \/ 20% \/ Vilkku \/ SOS \/ OFF USB-latauskaapeli (sis.) LED-merkkivalo Mitat: [&hellip;]<\/p>\n","protected":false},"featured_media":6579,"comment_status":"closed","ping_status":"closed","template":"","meta":[],"product_brand":[],"product_cat":[310,57],"product_tag":[],"class_list":{"0":"post-6578","1":"product","2":"type-product","3":"status-publish","4":"has-post-thumbnail","6":"product_cat-kasivalaisimet","7":"product_cat-retkeily","9":"first","10":"instock","11":"taxable","12":"shipping-taxable","13":"purchasable","14":"product-type-simple"},"_links":{"self":[{"href":"https:\/\/www.ksttukku.fi\/kauppa\/wp-json\/wp\/v2\/product\/6578","targetHints":{"allow":["GET"]}}],"collection":[{"href":"https:\/\/www.ksttukku.fi\/kauppa\/wp-json\/wp\/v2\/product"}],"about":[{"href":"https:\/\/www.ksttukku.fi\/kauppa\/wp-json\/wp\/v2\/types\/product"}],"replies":[{"embeddable":true,"href":"https:\/\/www.ksttukku.fi\/kauppa\/wp-json\/wp\/v2\/comments?post=6578"}],"wp:featuredmedia":[{"embeddable":true,"href":"https:\/\/www.ksttukku.fi\/kauppa\/wp-json\/wp\/v2\/media\/6579"}],"wp:attachment":[{"href":"https:\/\/www.ksttukku.fi\/kauppa\/wp-json\/wp\/v2\/media?parent=6578"}],"wp:term":[{"taxonomy":"product_brand","embeddable":true,"href":"https:\/\/www.ksttukku.fi\/kauppa\/wp-json\/wp\/v2\/product_brand?post=6578"},{"taxonomy":"product_cat","embeddable":true,"href":"https:\/\/www.ksttukku.fi\/kauppa\/wp-json\/wp\/v2\/product_cat?post=6578"},{"taxonomy":"product_tag","embeddable":true,"href":"https:\/\/www.ksttukku.fi\/kauppa\/wp-json\/wp\/v2\/product_tag?post=6578"}],"curies":[{"name":"wp","href":"https:\/\/api.w.org\/{rel}","templated":true}]}}