{"id":6623,"date":"2020-10-26T18:00:08","date_gmt":"2020-10-26T16:00:08","guid":{"rendered":"https:\/\/www.ksttukku.fi\/kauppa\/?post_type=product&#038;p=6623"},"modified":"2024-05-06T15:20:32","modified_gmt":"2024-05-06T12:20:32","slug":"einhell-apukaynnistin-virtalahde-ce-js-8","status":"publish","type":"product","link":"https:\/\/www.ksttukku.fi\/kauppa\/tuote\/einhell-apukaynnistin-virtalahde-ce-js-8\/","title":{"rendered":"Einhell apuk\u00e4ynnistin\/virtal\u00e4hde CE-JS 8"},"content":{"rendered":"<p><span id=\"data1\" class=\"pt1\">Tehokkaassa 3&#215;2500 mAh:n litiumpolymeeriakussa riitt\u00e4\u00e4 virtaa. LED-valot auttavat erilaisissa h\u00e4t\u00e4tilanteissa. Laite soveltuu maksimissaan 3 litran bensiinimoottoreiden apuk\u00e4ynnist\u00e4miseen.<br \/>\nVarustus:<br \/>\ntehokas litiumpolymeeriakku, jossa 3&#215;2500 mAh:n laskennallinen kapasiteetti<br \/>\nlataustilanteenn\u00e4ytt\u00f6 led-merkkivaloilla<br \/>\nLED-ty\u00f6valot (jatkuva valo, vilkkuvalo, SOS-signaali)<br \/>\n12 V\/200A k\u00e4ynnistysapu tyhjille ajoneuvojen akuille<br \/>\nk\u00e4ynnistyskaapeli, jossa t\u00e4yseristetyt napapihdit ja ylikuormitussuoja<br \/>\nmobiili virtal\u00e4hde k\u00e4nnyk\u00f6iden, tablettien, kameroiden ym. lataamiseen<br \/>\nUSB 5 V\/2A -ulostulo ja pikalatausulostulo<br \/>\nUSB-liitosjohto (micro\/mini USB)<br \/>\npikalatausjohto (USB)<br \/>\n230 V verkkolatauslaite<br \/>\nk\u00e4yt\u00e4nn\u00f6llinen salkku s\u00e4ilytykseen.<\/span><\/p>\n<p>Tekniset tiedot:<br \/>\nK\u00e4ynnistysj\u00e4nnite 12 V<br \/>\nHuippuvirta 400 A<br \/>\nK\u00e4ynnistysvirta 200 A 5 sek<br \/>\nUSB-ulostulo 5 V 3 A<br \/>\nUSB-ulostulo 5 V 2 A<br \/>\nLiPo-akku 27,75 Wh<\/p>\n","protected":false},"excerpt":{"rendered":"<p>Einhell CE-JS 8 Jump Start on kompakti ja k\u00e4tev\u00e4 apuk\u00e4ynnistin ja varavirtal\u00e4hde autoon, veneeseen, moottoripy\u00f6r\u00e4\u00e4n tms. Yhdell\u00e4 laitteella voit k\u00e4ynnist\u00e4\u00e4 tyhj\u00e4t akut ja ladata k\u00e4nnyk\u00e4t, tabletit ja kamerat nopeasti. Akun kapasiteetti 3&#215;2500 mAh.<\/p>\n","protected":false},"featured_media":6624,"comment_status":"closed","ping_status":"closed","template":"","meta":[],"product_brand":[],"product_cat":[367],"product_tag":[],"class_list":{"0":"post-6623","1":"product","2":"type-product","3":"status-publish","4":"has-post-thumbnail","6":"product_cat-autotarvikkeet","8":"first","9":"outofstock","10":"taxable","11":"shipping-taxable","12":"purchasable","13":"product-type-simple"},"_links":{"self":[{"href":"https:\/\/www.ksttukku.fi\/kauppa\/wp-json\/wp\/v2\/product\/6623","targetHints":{"allow":["GET"]}}],"collection":[{"href":"https:\/\/www.ksttukku.fi\/kauppa\/wp-json\/wp\/v2\/product"}],"about":[{"href":"https:\/\/www.ksttukku.fi\/kauppa\/wp-json\/wp\/v2\/types\/product"}],"replies":[{"embeddable":true,"href":"https:\/\/www.ksttukku.fi\/kauppa\/wp-json\/wp\/v2\/comments?post=6623"}],"wp:featuredmedia":[{"embeddable":true,"href":"https:\/\/www.ksttukku.fi\/kauppa\/wp-json\/wp\/v2\/media\/6624"}],"wp:attachment":[{"href":"https:\/\/www.ksttukku.fi\/kauppa\/wp-json\/wp\/v2\/media?parent=6623"}],"wp:term":[{"taxonomy":"product_brand","embeddable":true,"href":"https:\/\/www.ksttukku.fi\/kauppa\/wp-json\/wp\/v2\/product_brand?post=6623"},{"taxonomy":"product_cat","embeddable":true,"href":"https:\/\/www.ksttukku.fi\/kauppa\/wp-json\/wp\/v2\/product_cat?post=6623"},{"taxonomy":"product_tag","embeddable":true,"href":"https:\/\/www.ksttukku.fi\/kauppa\/wp-json\/wp\/v2\/product_tag?post=6623"}],"curies":[{"name":"wp","href":"https:\/\/api.w.org\/{rel}","templated":true}]}}