{"id":6625,"date":"2020-10-26T18:17:10","date_gmt":"2020-10-26T16:17:10","guid":{"rendered":"https:\/\/www.ksttukku.fi\/kauppa\/?post_type=product&#038;p=6625"},"modified":"2020-10-26T18:46:48","modified_gmt":"2020-10-26T16:46:48","slug":"lisavalo-ledpaneeli-126w-11340lm-tieliikennehyvaksytty","status":"publish","type":"product","link":"https:\/\/www.ksttukku.fi\/kauppa\/tuote\/lisavalo-ledpaneeli-126w-11340lm-tieliikennehyvaksytty\/","title":{"rendered":"Lis\u00e4valo ledpaneeli 126W 11340lm tieliikennehyv\u00e4ksytty"},"content":{"rendered":"<p><span id=\"data1\" class=\"pt1\">Hyv\u00e4ksynn\u00e4t: CE, IP67, ECE R112, ROHS<br \/>\n<\/span><\/p>\n<p><span id=\"data1\" class=\"pt1\">Teho: 126 W<br \/>\nLinssin l\u00e4mmityselementin teho: 8 W<br \/>\nYhteisteho: 134 W<br \/>\nValoteho: 11340 lm<br \/>\nReferenssiluku: 30<\/span><\/p>\n<p>Ledit: 42 x 3 W CREE<br \/>\nJ\u00e4nnite: 9-32 V<br \/>\nV\u00e4ril\u00e4mp\u00f6tila: 6000 &#8211; 6500 K<br \/>\nValopaneelin pituus: 502 mm<br \/>\nElinik\u00e4 noin 30 000 tuntia<\/p>\n<p>Materiaali: runko pursotettua alumiinia, linssi polykarbonaattia, tukirauta ruostumatonta ter\u00e4st\u00e4.<br \/>\nValaisin on varustettu Deutsch-liittimell\u00e4. Suosittelemme, ett\u00e4 asennat tuotteen lis\u00e4valojen johtosarjaa 41563 k\u00e4ytt\u00e4en.<\/p>\n<p>Asennusrauta ja asennuspultit sis\u00e4ltyv\u00e4t pakkaukseen. Tukiraudassa on siirrett\u00e4v\u00e4t kiinnityspisteet eli se k\u00e4y mink\u00e4 tahansa kilpitelineen kanssa.<\/p>\n","protected":false},"excerpt":{"rendered":"<p>Led-valopaneeli on erinomainen lis\u00e4valo ajoneuvoon. ECE R112-hyv\u00e4ksynn\u00e4n ansiosta valopaneeli soveltuu tieliikennek\u00e4ytt\u00f6\u00f6n! Valopaneelissa on automaattinen linssin l\u00e4mmitys. Valokeila on suunniteltu valaisemaan pitk\u00e4lle eteenp\u00e4in ja tuottamaan hieman hajavaloa sivuille.<\/p>\n","protected":false},"featured_media":6626,"comment_status":"closed","ping_status":"closed","template":"","meta":[],"product_brand":[],"product_cat":[367],"product_tag":[],"class_list":{"0":"post-6625","1":"product","2":"type-product","3":"status-publish","4":"has-post-thumbnail","6":"product_cat-autotarvikkeet","8":"first","9":"instock","10":"taxable","11":"shipping-taxable","12":"purchasable","13":"product-type-simple"},"_links":{"self":[{"href":"https:\/\/www.ksttukku.fi\/kauppa\/wp-json\/wp\/v2\/product\/6625","targetHints":{"allow":["GET"]}}],"collection":[{"href":"https:\/\/www.ksttukku.fi\/kauppa\/wp-json\/wp\/v2\/product"}],"about":[{"href":"https:\/\/www.ksttukku.fi\/kauppa\/wp-json\/wp\/v2\/types\/product"}],"replies":[{"embeddable":true,"href":"https:\/\/www.ksttukku.fi\/kauppa\/wp-json\/wp\/v2\/comments?post=6625"}],"wp:featuredmedia":[{"embeddable":true,"href":"https:\/\/www.ksttukku.fi\/kauppa\/wp-json\/wp\/v2\/media\/6626"}],"wp:attachment":[{"href":"https:\/\/www.ksttukku.fi\/kauppa\/wp-json\/wp\/v2\/media?parent=6625"}],"wp:term":[{"taxonomy":"product_brand","embeddable":true,"href":"https:\/\/www.ksttukku.fi\/kauppa\/wp-json\/wp\/v2\/product_brand?post=6625"},{"taxonomy":"product_cat","embeddable":true,"href":"https:\/\/www.ksttukku.fi\/kauppa\/wp-json\/wp\/v2\/product_cat?post=6625"},{"taxonomy":"product_tag","embeddable":true,"href":"https:\/\/www.ksttukku.fi\/kauppa\/wp-json\/wp\/v2\/product_tag?post=6625"}],"curies":[{"name":"wp","href":"https:\/\/api.w.org\/{rel}","templated":true}]}}