{"id":6627,"date":"2020-10-26T18:28:20","date_gmt":"2020-10-26T16:28:20","guid":{"rendered":"https:\/\/www.ksttukku.fi\/kauppa\/?post_type=product&#038;p=6627"},"modified":"2024-05-06T15:24:45","modified_gmt":"2024-05-06T12:24:45","slug":"einhell-apukaynnistin-virtalahde-ce-js-12","status":"publish","type":"product","link":"https:\/\/www.ksttukku.fi\/kauppa\/tuote\/einhell-apukaynnistin-virtalahde-ce-js-12\/","title":{"rendered":"Einhell apuk\u00e4ynnistin\/virtal\u00e4hde CE-JS 12"},"content":{"rendered":"<p><span id=\"data1\" class=\"pt1\">Tehokkaassa 3&#215;3700 mAh litiumpolymeeriakussa riitt\u00e4\u00e4 virtaa. LED-valot auttavat erilaisissa h\u00e4t\u00e4tilanteissa. Ulostulot 5 V\/2A-USB pikalataus, 12 V\/10A ja 19 V\/3,5A sis\u00e4ltyv\u00e4t toimitukseen, samoin reilusti erilaisia latauskaapeleita ja -p\u00e4it\u00e4 moneen eri k\u00e4ytt\u00f6\u00f6n ja 230 V verkkolaturi. N\u00e4m\u00e4 kaikki k\u00e4yt\u00e4nn\u00f6llisess\u00e4 ja siistiss\u00e4 s\u00e4ilytyssalkussa!<\/span><\/p>\n<p>Varustus:<br \/>\ntehokas LiPo-akku, jossa 3 x 3700 mAh kapasiteetti<br \/>\nlataustilann\u00e4ytt\u00f6 led-merkkivaloilla<br \/>\nLED-ty\u00f6valot (jatkuva valo, vilkkuvalo, SOS-signaali)<br \/>\n12 V\/200 A k\u00e4ynnistysapu tyhjille ajoneuvojen akuille<br \/>\nk\u00e4ynnistysapu maksimissaan 4 litran bensiini- ja 2 litran dieselmoottoreille<br \/>\nk\u00e4ynnistyskaapeli, jossa t\u00e4yseristetyt napapihdit ja ylikuormitussuoja<br \/>\nmobiili virtal\u00e4hde k\u00e4nnyk\u00f6iden, kannettavien, kameroiden ym. lataamiseen<br \/>\nUSB 5 V\/2A ulostulo ja pikalataus<br \/>\n12 V\/10A-ulostulo esim. autokompressorille<br \/>\n19 V\/3,5A- ulostulo esim. kannettavalle tietokoneelle tai Notebook-laitteelle<br \/>\nUSB-liitosjohto (micro\/mini-USB)<br \/>\nliitosjohto sis. 9 erilaista adapteria tableteille yms.<br \/>\n230 V verkkolatauslaite<br \/>\nk\u00e4yt\u00e4nn\u00f6llinen s\u00e4ilytyssalkku<\/p>\n<p>Tekniset tiedot:<br \/>\nLatauslaite\/sis\u00e4\u00e4ntulo: 100 &#8211; 240 V 50-60 Hz<br \/>\nLatauslaite\/ulostulo: 15 V 1000 mA<br \/>\nK\u00e4ynnistysj\u00e4nnite: 12 V<br \/>\nHuippuvirta: 400 A<br \/>\nK\u00e4ynnistysvirta: 200 A &#8211; 5 sek<br \/>\nUSB-ulostulo 5 V\/2 A ja 5 V\/3 A<br \/>\nUlostulo 12 V 10 A<br \/>\nUlostulo 19 V 3,5 A<br \/>\nLiPo-akku (Wh): 41,1<br \/>\nLatausaika: 5 tuntia<\/p>\n<p>&nbsp;<\/p>\n","protected":false},"excerpt":{"rendered":"<p>Einhell Expert CE-JS 12 Jump Start on kompakti ja k\u00e4tev\u00e4 apuk\u00e4ynnistin ja varavirtal\u00e4hde jokaiseen autoon. Yhdell\u00e4 ja samalla laitteella voit k\u00e4ynnist\u00e4\u00e4 auton, kun akut ovat tyhj\u00e4t ja ladata k\u00e4nnyk\u00e4n, kameran, tabletin tai kannettavan tietokoneen.<\/p>\n","protected":false},"featured_media":6628,"comment_status":"closed","ping_status":"closed","template":"","meta":[],"product_brand":[],"product_cat":[367],"product_tag":[],"class_list":{"0":"post-6627","1":"product","2":"type-product","3":"status-publish","4":"has-post-thumbnail","6":"product_cat-autotarvikkeet","8":"first","9":"outofstock","10":"taxable","11":"shipping-taxable","12":"purchasable","13":"product-type-simple"},"_links":{"self":[{"href":"https:\/\/www.ksttukku.fi\/kauppa\/wp-json\/wp\/v2\/product\/6627","targetHints":{"allow":["GET"]}}],"collection":[{"href":"https:\/\/www.ksttukku.fi\/kauppa\/wp-json\/wp\/v2\/product"}],"about":[{"href":"https:\/\/www.ksttukku.fi\/kauppa\/wp-json\/wp\/v2\/types\/product"}],"replies":[{"embeddable":true,"href":"https:\/\/www.ksttukku.fi\/kauppa\/wp-json\/wp\/v2\/comments?post=6627"}],"wp:featuredmedia":[{"embeddable":true,"href":"https:\/\/www.ksttukku.fi\/kauppa\/wp-json\/wp\/v2\/media\/6628"}],"wp:attachment":[{"href":"https:\/\/www.ksttukku.fi\/kauppa\/wp-json\/wp\/v2\/media?parent=6627"}],"wp:term":[{"taxonomy":"product_brand","embeddable":true,"href":"https:\/\/www.ksttukku.fi\/kauppa\/wp-json\/wp\/v2\/product_brand?post=6627"},{"taxonomy":"product_cat","embeddable":true,"href":"https:\/\/www.ksttukku.fi\/kauppa\/wp-json\/wp\/v2\/product_cat?post=6627"},{"taxonomy":"product_tag","embeddable":true,"href":"https:\/\/www.ksttukku.fi\/kauppa\/wp-json\/wp\/v2\/product_tag?post=6627"}],"curies":[{"name":"wp","href":"https:\/\/api.w.org\/{rel}","templated":true}]}}