{"id":6631,"date":"2020-10-26T18:42:36","date_gmt":"2020-10-26T16:42:36","guid":{"rendered":"https:\/\/www.ksttukku.fi\/kauppa\/?post_type=product&#038;p=6631"},"modified":"2020-11-05T17:22:52","modified_gmt":"2020-11-05T15:22:52","slug":"johtosarja-lisavalopaneelille","status":"publish","type":"product","link":"https:\/\/www.ksttukku.fi\/kauppa\/tuote\/johtosarja-lisavalopaneelille\/","title":{"rendered":"Johtosarja lis\u00e4valopaneelille"},"content":{"rendered":"<p><span id=\"data1\" class=\"pt1\">Pakkaus sis\u00e4lt\u00e4\u00e4:<br \/>\nKytkin (ON\/OFF\/DRL)<br \/>\nSulake<br \/>\nRele<br \/>\nJohdot akulle<br \/>\nYksi DT-liitin <\/span><\/p>\n","protected":false},"excerpt":{"rendered":"<p>Johtosarja tieliikennek\u00e4ytt\u00f6\u00f6n suunnitellulle valopaneelille (tuotenumero 41560).<\/p>\n","protected":false},"featured_media":6630,"comment_status":"closed","ping_status":"closed","template":"","meta":[],"product_brand":[],"product_cat":[367],"product_tag":[],"class_list":{"0":"post-6631","1":"product","2":"type-product","3":"status-publish","4":"has-post-thumbnail","6":"product_cat-autotarvikkeet","8":"first","9":"instock","10":"taxable","11":"shipping-taxable","12":"purchasable","13":"product-type-simple"},"_links":{"self":[{"href":"https:\/\/www.ksttukku.fi\/kauppa\/wp-json\/wp\/v2\/product\/6631","targetHints":{"allow":["GET"]}}],"collection":[{"href":"https:\/\/www.ksttukku.fi\/kauppa\/wp-json\/wp\/v2\/product"}],"about":[{"href":"https:\/\/www.ksttukku.fi\/kauppa\/wp-json\/wp\/v2\/types\/product"}],"replies":[{"embeddable":true,"href":"https:\/\/www.ksttukku.fi\/kauppa\/wp-json\/wp\/v2\/comments?post=6631"}],"wp:featuredmedia":[{"embeddable":true,"href":"https:\/\/www.ksttukku.fi\/kauppa\/wp-json\/wp\/v2\/media\/6630"}],"wp:attachment":[{"href":"https:\/\/www.ksttukku.fi\/kauppa\/wp-json\/wp\/v2\/media?parent=6631"}],"wp:term":[{"taxonomy":"product_brand","embeddable":true,"href":"https:\/\/www.ksttukku.fi\/kauppa\/wp-json\/wp\/v2\/product_brand?post=6631"},{"taxonomy":"product_cat","embeddable":true,"href":"https:\/\/www.ksttukku.fi\/kauppa\/wp-json\/wp\/v2\/product_cat?post=6631"},{"taxonomy":"product_tag","embeddable":true,"href":"https:\/\/www.ksttukku.fi\/kauppa\/wp-json\/wp\/v2\/product_tag?post=6631"}],"curies":[{"name":"wp","href":"https:\/\/api.w.org\/{rel}","templated":true}]}}