{"id":6635,"date":"2020-10-27T17:37:31","date_gmt":"2020-10-27T15:37:31","guid":{"rendered":"https:\/\/www.ksttukku.fi\/kauppa\/?post_type=product&#038;p=6635"},"modified":"2026-01-21T16:49:05","modified_gmt":"2026-01-21T14:49:05","slug":"peilikaappi-pk60-ip44-led-valot-ja-pistorasia","status":"publish","type":"product","link":"https:\/\/www.ksttukku.fi\/kauppa\/tuote\/peilikaappi-pk60-ip44-led-valot-ja-pistorasia\/","title":{"rendered":"CREA Peilikaappi 50cm valkoinen, LED-valaisin + pistorasia IP44"},"content":{"rendered":"<p>\u2022 Ovien sis\u00e4puolella on peilit<br \/>\n\u2022 Pehme\u00e4sti sulkeutuvat ovet<br \/>\n\u2022 Kaksoispistorasia IP44<br \/>\n\u2022 30 cm pitk\u00e4 valaisin IP44<br \/>\n\u2022 V\u00e4ril\u00e4mp\u00f6tila 4000 K<br \/>\n\u2022 Valoteho 350 lm<br \/>\n\u2022 S\u00e4\u00e4dett\u00e4v\u00e4t lasihyllyt<br \/>\n\u2022 Leveys: 50 cm<br \/>\n\u2022 Syvyys: 15 cm<br \/>\n\u2022 Korkeus: 70 \/ 74,5* cm<br \/>\n* Korkeus valaisimen kanssa<\/p>\n","protected":false},"excerpt":{"rendered":"<p>\u2022 Ovien sis\u00e4puolella on peilit \u2022 Pehme\u00e4sti sulkeutuvat ovet \u2022 Kaksoispistorasia IP44 \u2022 30 cm pitk\u00e4 valaisin IP44 \u2022 V\u00e4ril\u00e4mp\u00f6tila 4000 K \u2022 Valoteho 350 lm \u2022 S\u00e4\u00e4dett\u00e4v\u00e4t lasihyllyt \u2022 Leveys: 50 cm \u2022 Syvyys: 15 cm \u2022 Korkeus: 70 \/ 74,5* cm * Korkeus valaisimen kanssa<\/p>\n","protected":false},"featured_media":11601,"comment_status":"closed","ping_status":"closed","template":"","meta":[],"product_brand":[],"product_cat":[150,152],"product_tag":[],"class_list":{"0":"post-6635","1":"product","2":"type-product","3":"status-publish","4":"has-post-thumbnail","6":"product_cat-kylpyhuone","7":"product_cat-peilikaapit","9":"first","10":"instock","11":"sale","12":"taxable","13":"shipping-taxable","14":"purchasable","15":"product-type-simple"},"_links":{"self":[{"href":"https:\/\/www.ksttukku.fi\/kauppa\/wp-json\/wp\/v2\/product\/6635","targetHints":{"allow":["GET"]}}],"collection":[{"href":"https:\/\/www.ksttukku.fi\/kauppa\/wp-json\/wp\/v2\/product"}],"about":[{"href":"https:\/\/www.ksttukku.fi\/kauppa\/wp-json\/wp\/v2\/types\/product"}],"replies":[{"embeddable":true,"href":"https:\/\/www.ksttukku.fi\/kauppa\/wp-json\/wp\/v2\/comments?post=6635"}],"wp:featuredmedia":[{"embeddable":true,"href":"https:\/\/www.ksttukku.fi\/kauppa\/wp-json\/wp\/v2\/media\/11601"}],"wp:attachment":[{"href":"https:\/\/www.ksttukku.fi\/kauppa\/wp-json\/wp\/v2\/media?parent=6635"}],"wp:term":[{"taxonomy":"product_brand","embeddable":true,"href":"https:\/\/www.ksttukku.fi\/kauppa\/wp-json\/wp\/v2\/product_brand?post=6635"},{"taxonomy":"product_cat","embeddable":true,"href":"https:\/\/www.ksttukku.fi\/kauppa\/wp-json\/wp\/v2\/product_cat?post=6635"},{"taxonomy":"product_tag","embeddable":true,"href":"https:\/\/www.ksttukku.fi\/kauppa\/wp-json\/wp\/v2\/product_tag?post=6635"}],"curies":[{"name":"wp","href":"https:\/\/api.w.org\/{rel}","templated":true}]}}