{"id":6654,"date":"2020-10-29T17:41:43","date_gmt":"2020-10-29T15:41:43","guid":{"rendered":"https:\/\/www.ksttukku.fi\/kauppa\/?post_type=product&#038;p=6654"},"modified":"2023-11-06T17:22:14","modified_gmt":"2023-11-06T15:22:14","slug":"korkea-kaappi-kk35-valkoinen","status":"publish","type":"product","link":"https:\/\/www.ksttukku.fi\/kauppa\/tuote\/korkea-kaappi-kk35-valkoinen\/","title":{"rendered":"ARTE Korkea s\u00e4ilytyskaappi valkoinen"},"content":{"rendered":"<p>\u2022 Nelj\u00e4 s\u00e4\u00e4dett\u00e4v\u00e4\u00e4 hylly\u00e4<br \/>\n\u2022 Pehme\u00e4sti sulkeutuva ovi<br \/>\n\u2022 Oven viistottu reuna toimii vetimen\u00e4<br \/>\n\u2022 Lis\u00e4varusteena saatavana my\u00f6s erilaisia vetimi\u00e4<br \/>\n\u2022 Koottava, s\u00e4\u00e4dett\u00e4v\u00e4 kiinnitysj\u00e4rjestelm\u00e4<\/p>\n<p>\u2022 Leveys &#8211; 36 cm<br \/>\n\u2022 Syvyys &#8211; 30 cm<br \/>\n\u2022 Korkeus &#8211; 160 cm<\/p>\n","protected":false},"excerpt":{"rendered":"<p>\u2022 Nelj\u00e4 s\u00e4\u00e4dett\u00e4v\u00e4\u00e4 hylly\u00e4 \u2022 Pehme\u00e4sti sulkeutuva ovi \u2022 Oven viistottu reuna toimii vetimen\u00e4 \u2022 Lis\u00e4varusteena saatavana my\u00f6s erilaisia vetimi\u00e4 \u2022 Koottava, s\u00e4\u00e4dett\u00e4v\u00e4 kiinnitysj\u00e4rjestelm\u00e4 \u2022 Leveys &#8211; 36 cm \u2022 Syvyys &#8211; 30 cm \u2022 Korkeus &#8211; 160 cm<\/p>\n","protected":false},"featured_media":11482,"comment_status":"closed","ping_status":"closed","template":"","meta":[],"product_brand":[],"product_cat":[151,150],"product_tag":[],"class_list":{"0":"post-6654","1":"product","2":"type-product","3":"status-publish","4":"has-post-thumbnail","6":"product_cat-kalusteet","7":"product_cat-kylpyhuone","9":"first","10":"instock","11":"taxable","12":"shipping-taxable","13":"purchasable","14":"product-type-simple"},"_links":{"self":[{"href":"https:\/\/www.ksttukku.fi\/kauppa\/wp-json\/wp\/v2\/product\/6654","targetHints":{"allow":["GET"]}}],"collection":[{"href":"https:\/\/www.ksttukku.fi\/kauppa\/wp-json\/wp\/v2\/product"}],"about":[{"href":"https:\/\/www.ksttukku.fi\/kauppa\/wp-json\/wp\/v2\/types\/product"}],"replies":[{"embeddable":true,"href":"https:\/\/www.ksttukku.fi\/kauppa\/wp-json\/wp\/v2\/comments?post=6654"}],"wp:featuredmedia":[{"embeddable":true,"href":"https:\/\/www.ksttukku.fi\/kauppa\/wp-json\/wp\/v2\/media\/11482"}],"wp:attachment":[{"href":"https:\/\/www.ksttukku.fi\/kauppa\/wp-json\/wp\/v2\/media?parent=6654"}],"wp:term":[{"taxonomy":"product_brand","embeddable":true,"href":"https:\/\/www.ksttukku.fi\/kauppa\/wp-json\/wp\/v2\/product_brand?post=6654"},{"taxonomy":"product_cat","embeddable":true,"href":"https:\/\/www.ksttukku.fi\/kauppa\/wp-json\/wp\/v2\/product_cat?post=6654"},{"taxonomy":"product_tag","embeddable":true,"href":"https:\/\/www.ksttukku.fi\/kauppa\/wp-json\/wp\/v2\/product_tag?post=6654"}],"curies":[{"name":"wp","href":"https:\/\/api.w.org\/{rel}","templated":true}]}}