{"id":6669,"date":"2020-10-30T18:05:42","date_gmt":"2020-10-30T16:05:42","guid":{"rendered":"https:\/\/www.ksttukku.fi\/kauppa\/?post_type=product&#038;p=6669"},"modified":"2023-08-01T17:42:52","modified_gmt":"2023-08-01T14:42:52","slug":"avonia-valopeili-pyorea-ip44","status":"publish","type":"product","link":"https:\/\/www.ksttukku.fi\/kauppa\/tuote\/avonia-valopeili-pyorea-ip44\/","title":{"rendered":"Avonia valopeili py\u00f6re\u00e4 IP44"},"content":{"rendered":"<p>Soveltuu kylpyhuoneeseen, eteiseen, meikkipeiliksi, kampaamoon\/parturiin\u2026<br \/>\nValoteho riitt\u00e4\u00e4 suurenkin kylpyhuoneen valaisemiseen.<br \/>\nLED-valonauha kiert\u00e4\u00e4 peilin reunaa lasin alla. Se valaisee sek\u00e4 eteen ett\u00e4 sivuille.<br \/>\nAvoniassa on hipaisukytkin ja sen valoteho on portaattomasti s\u00e4\u00e4dett\u00e4viss\u00e4.<br \/>\nAvoniassa on valmiina 1,7 m s\u00e4hk\u00f6johto ja pistotulppa. Asennus kylpyhuoneeseen<br \/>\ntehd\u00e4\u00e4n kiinte\u00e4n\u00e4.<br \/>\nEritt\u00e4in tukeva alumiinirunko<br \/>\nSuojausluokka IP44.<br \/>\nValon v\u00e4ril\u00e4mp\u00f6tila 4000 K.<\/p>\n","protected":false},"excerpt":{"rendered":"<p>Soveltuu kylpyhuoneeseen, eteiseen, meikkipeiliksi, kampaamoon\/parturiin\u2026 Valoteho riitt\u00e4\u00e4 suurenkin kylpyhuoneen valaisemiseen. LED-valonauha kiert\u00e4\u00e4 peilin reunaa lasin alla. Se valaisee sek\u00e4 eteen ett\u00e4 sivuille. Avoniassa on hipaisukytkin ja sen valoteho on portaattomasti s\u00e4\u00e4dett\u00e4viss\u00e4. Avoniassa on valmiina 1,7 m s\u00e4hk\u00f6johto ja pistotulppa. Asennus kylpyhuoneeseen tehd\u00e4\u00e4n kiinte\u00e4n\u00e4. Eritt\u00e4in tukeva alumiinirunko Suojausluokka IP44. Valon v\u00e4ril\u00e4mp\u00f6tila 4000 K.<\/p>\n","protected":false},"featured_media":6672,"comment_status":"closed","ping_status":"closed","template":"","meta":[],"product_brand":[],"product_cat":[150,237],"product_tag":[],"class_list":{"0":"post-6669","1":"product","2":"type-product","3":"status-publish","4":"has-post-thumbnail","6":"product_cat-kylpyhuone","7":"product_cat-valopeilit","9":"first","10":"instock","11":"sale","12":"taxable","13":"shipping-taxable","14":"purchasable","15":"product-type-variable"},"_links":{"self":[{"href":"https:\/\/www.ksttukku.fi\/kauppa\/wp-json\/wp\/v2\/product\/6669","targetHints":{"allow":["GET"]}}],"collection":[{"href":"https:\/\/www.ksttukku.fi\/kauppa\/wp-json\/wp\/v2\/product"}],"about":[{"href":"https:\/\/www.ksttukku.fi\/kauppa\/wp-json\/wp\/v2\/types\/product"}],"replies":[{"embeddable":true,"href":"https:\/\/www.ksttukku.fi\/kauppa\/wp-json\/wp\/v2\/comments?post=6669"}],"wp:featuredmedia":[{"embeddable":true,"href":"https:\/\/www.ksttukku.fi\/kauppa\/wp-json\/wp\/v2\/media\/6672"}],"wp:attachment":[{"href":"https:\/\/www.ksttukku.fi\/kauppa\/wp-json\/wp\/v2\/media?parent=6669"}],"wp:term":[{"taxonomy":"product_brand","embeddable":true,"href":"https:\/\/www.ksttukku.fi\/kauppa\/wp-json\/wp\/v2\/product_brand?post=6669"},{"taxonomy":"product_cat","embeddable":true,"href":"https:\/\/www.ksttukku.fi\/kauppa\/wp-json\/wp\/v2\/product_cat?post=6669"},{"taxonomy":"product_tag","embeddable":true,"href":"https:\/\/www.ksttukku.fi\/kauppa\/wp-json\/wp\/v2\/product_tag?post=6669"}],"curies":[{"name":"wp","href":"https:\/\/api.w.org\/{rel}","templated":true}]}}