{"id":67,"date":"2017-09-04T17:40:51","date_gmt":"2017-09-04T14:40:51","guid":{"rendered":"http:\/\/www.ksttukku.fi\/kauppa\/?post_type=product&#038;p=67"},"modified":"2017-09-04T17:46:35","modified_gmt":"2017-09-04T14:46:35","slug":"kulmavahti-mattoon-4-kpl","status":"publish","type":"product","link":"https:\/\/www.ksttukku.fi\/kauppa\/tuote\/kulmavahti-mattoon-4-kpl\/","title":{"rendered":"Kulmavahti mattoon 4 kpl"},"content":{"rendered":"<p>Kulmavahti on helppo ja nopea tapa suoristaa kiertyv\u00e4t matonkulmat. Irroitat vain kulmavahdin suojapaperin ja kiinnit\u00e4t kulmavahdin maton kulmaan. Paksumpiin mattoihin voit laittaa kaksi kulmavahtia p\u00e4\u00e4llekk\u00e4in. Kulmavahti on my\u00f6s saksilla muotoiltavissa oikeaan py\u00f6reyteen. Suunniteltu ja valmistettu Suomessa. 4 kpl \/ paketti<\/p>\n","protected":false},"excerpt":{"rendered":"<p>Kulmavahti on helppo ja nopea tapa suoristaa kiertyv\u00e4t matonkulmat. Irroitat vain kulmavahdin suojapaperin ja kiinnit\u00e4t kulmavahdin maton kulmaan. Paksumpiin mattoihin voit laittaa kaksi kulmavahtia p\u00e4\u00e4llekk\u00e4in. Kulmavahti on my\u00f6s saksilla muotoiltavissa oikeaan py\u00f6reyteen. Suunniteltu ja valmistettu Suomessa. 4 kpl \/ paketti<\/p>\n","protected":false},"featured_media":66,"comment_status":"closed","ping_status":"closed","template":"","meta":[],"product_brand":[],"product_cat":[22,29],"product_tag":[],"class_list":{"0":"post-67","1":"product","2":"type-product","3":"status-publish","4":"has-post-thumbnail","6":"product_cat-matot","7":"product_cat-muut-tuotteet","9":"first","10":"instock","11":"taxable","12":"shipping-taxable","13":"purchasable","14":"product-type-simple"},"_links":{"self":[{"href":"https:\/\/www.ksttukku.fi\/kauppa\/wp-json\/wp\/v2\/product\/67","targetHints":{"allow":["GET"]}}],"collection":[{"href":"https:\/\/www.ksttukku.fi\/kauppa\/wp-json\/wp\/v2\/product"}],"about":[{"href":"https:\/\/www.ksttukku.fi\/kauppa\/wp-json\/wp\/v2\/types\/product"}],"replies":[{"embeddable":true,"href":"https:\/\/www.ksttukku.fi\/kauppa\/wp-json\/wp\/v2\/comments?post=67"}],"wp:featuredmedia":[{"embeddable":true,"href":"https:\/\/www.ksttukku.fi\/kauppa\/wp-json\/wp\/v2\/media\/66"}],"wp:attachment":[{"href":"https:\/\/www.ksttukku.fi\/kauppa\/wp-json\/wp\/v2\/media?parent=67"}],"wp:term":[{"taxonomy":"product_brand","embeddable":true,"href":"https:\/\/www.ksttukku.fi\/kauppa\/wp-json\/wp\/v2\/product_brand?post=67"},{"taxonomy":"product_cat","embeddable":true,"href":"https:\/\/www.ksttukku.fi\/kauppa\/wp-json\/wp\/v2\/product_cat?post=67"},{"taxonomy":"product_tag","embeddable":true,"href":"https:\/\/www.ksttukku.fi\/kauppa\/wp-json\/wp\/v2\/product_tag?post=67"}],"curies":[{"name":"wp","href":"https:\/\/api.w.org\/{rel}","templated":true}]}}