{"id":6723,"date":"2020-11-11T17:58:07","date_gmt":"2020-11-11T15:58:07","guid":{"rendered":"https:\/\/www.ksttukku.fi\/kauppa\/?post_type=product&#038;p=6723"},"modified":"2025-07-17T11:58:41","modified_gmt":"2025-07-17T08:58:41","slug":"harstad-kattotuuletinvalaisin-60cm-starlight","status":"publish","type":"product","link":"https:\/\/www.ksttukku.fi\/kauppa\/tuote\/harstad-kattotuuletinvalaisin-60cm-starlight\/","title":{"rendered":"Harstad kattotuuletinvalaisin 60cm starlight"},"content":{"rendered":"<p>Valaisinta ja tuuletinta voi s\u00e4\u00e4t\u00e4\u00e4 mukana tulevalla kauko-ohjaimella<\/p>\n<p>Tuulettimessa kolme nopeutta<\/p>\n<p>Valon v\u00e4ri\u00e4 (v\u00e4ril\u00e4mp\u00f6tilaa kelvinasteina) voi s\u00e4\u00e4t\u00e4\u00e4 portaattomasti.<\/p>\n<p>Y\u00f6valotoiminto, muistitoiminto, ajastintoiminto<\/p>\n<p>V\u00e4ril\u00e4mp\u00f6tila: 2700 &#8211; 6500 K<\/p>\n<p>Teho: 38\u00a0 W<\/p>\n<p>Valovirta: 4400 lm<\/p>\n<p>Mitat: \u2205 600 mm, korkeus 180 mm<\/p>\n<p>T\u00e4htitaivas efekti, kristallireunus<\/p>\n","protected":false},"excerpt":{"rendered":"<p>Toimitusaika noin 1 vk<\/p>\n","protected":false},"featured_media":6724,"comment_status":"closed","ping_status":"closed","template":"","meta":[],"product_brand":[],"product_cat":[175,260],"product_tag":[],"class_list":{"0":"post-6723","1":"product","2":"type-product","3":"status-publish","4":"has-post-thumbnail","6":"product_cat-tuuletinvalaisimet","7":"product_cat-kattotuulettimet","9":"first","10":"instock","11":"taxable","12":"shipping-taxable","13":"purchasable","14":"product-type-simple"},"_links":{"self":[{"href":"https:\/\/www.ksttukku.fi\/kauppa\/wp-json\/wp\/v2\/product\/6723","targetHints":{"allow":["GET"]}}],"collection":[{"href":"https:\/\/www.ksttukku.fi\/kauppa\/wp-json\/wp\/v2\/product"}],"about":[{"href":"https:\/\/www.ksttukku.fi\/kauppa\/wp-json\/wp\/v2\/types\/product"}],"replies":[{"embeddable":true,"href":"https:\/\/www.ksttukku.fi\/kauppa\/wp-json\/wp\/v2\/comments?post=6723"}],"wp:featuredmedia":[{"embeddable":true,"href":"https:\/\/www.ksttukku.fi\/kauppa\/wp-json\/wp\/v2\/media\/6724"}],"wp:attachment":[{"href":"https:\/\/www.ksttukku.fi\/kauppa\/wp-json\/wp\/v2\/media?parent=6723"}],"wp:term":[{"taxonomy":"product_brand","embeddable":true,"href":"https:\/\/www.ksttukku.fi\/kauppa\/wp-json\/wp\/v2\/product_brand?post=6723"},{"taxonomy":"product_cat","embeddable":true,"href":"https:\/\/www.ksttukku.fi\/kauppa\/wp-json\/wp\/v2\/product_cat?post=6723"},{"taxonomy":"product_tag","embeddable":true,"href":"https:\/\/www.ksttukku.fi\/kauppa\/wp-json\/wp\/v2\/product_tag?post=6723"}],"curies":[{"name":"wp","href":"https:\/\/api.w.org\/{rel}","templated":true}]}}