{"id":6806,"date":"2020-11-27T17:46:44","date_gmt":"2020-11-27T15:46:44","guid":{"rendered":"https:\/\/www.ksttukku.fi\/kauppa\/?post_type=product&#038;p=6806"},"modified":"2021-11-30T12:54:25","modified_gmt":"2021-11-30T10:54:25","slug":"joulukuusi-premium-210cm-lumella","status":"publish","type":"product","link":"https:\/\/www.ksttukku.fi\/kauppa\/tuote\/joulukuusi-premium-210cm-lumella\/","title":{"rendered":"Joulukuusi premium 210cm lumella"},"content":{"rendered":"<div class=\"description\">Palamaton. 1209 saranoitua oksaa. Lumiset oksat. Metallijalka. Alaosan leveys noin 125cm.<\/div>\n<div class=\"description\">Upea tuuhea tekokuusi, jossa on lumiset oksat. Eritt\u00e4in n\u00e4ytt\u00e4v\u00e4 koristeiden kanssa. Kaunis ja aidon n\u00e4k\u00f6inen tekokuusi tuo ihanaa joulutunnelmaa vuodesta toiseen, eik\u00e4 se varista neulasia pitkin lattioita tai vaadi hoitoa. Erinomainen valinta sis\u00e4k\u00e4ytt\u00f6\u00f6n allergikoille. Kuusessa on saranoidut oksat ja 1209 oksank\u00e4rke\u00e4. Alaosan leveys t\u00e4ydess\u00e4 mitassaan noin 125 cm, voi olla kapeampi, mik\u00e4li oksat taitetaan sein\u00e4\u00e4 vasten. Mukana metallijalka. Kuusen korkeus 210 cm. Kuusi on valmistettu palamattomasta PVC:st\u00e4.<\/div>\n","protected":false},"excerpt":{"rendered":"<p>Palamaton. 1209 saranoitua oksaa. Lumiset oksat. Metallijalka. Alaosan leveys noin 125cm. Upea tuuhea tekokuusi, jossa on lumiset oksat. Eritt\u00e4in n\u00e4ytt\u00e4v\u00e4 koristeiden kanssa. Kaunis ja aidon n\u00e4k\u00f6inen tekokuusi tuo ihanaa joulutunnelmaa vuodesta toiseen, eik\u00e4 se varista neulasia pitkin lattioita tai vaadi hoitoa. Erinomainen valinta sis\u00e4k\u00e4ytt\u00f6\u00f6n allergikoille. Kuusessa on saranoidut oksat ja 1209 oksank\u00e4rke\u00e4. Alaosan leveys t\u00e4ydess\u00e4 [&hellip;]<\/p>\n","protected":false},"featured_media":6807,"comment_status":"closed","ping_status":"closed","template":"","meta":[],"product_brand":[],"product_cat":[178],"product_tag":[],"class_list":{"0":"post-6806","1":"product","2":"type-product","3":"status-publish","4":"has-post-thumbnail","6":"product_cat-joulukuuset","8":"first","9":"instock","10":"taxable","11":"shipping-taxable","12":"purchasable","13":"product-type-simple"},"_links":{"self":[{"href":"https:\/\/www.ksttukku.fi\/kauppa\/wp-json\/wp\/v2\/product\/6806","targetHints":{"allow":["GET"]}}],"collection":[{"href":"https:\/\/www.ksttukku.fi\/kauppa\/wp-json\/wp\/v2\/product"}],"about":[{"href":"https:\/\/www.ksttukku.fi\/kauppa\/wp-json\/wp\/v2\/types\/product"}],"replies":[{"embeddable":true,"href":"https:\/\/www.ksttukku.fi\/kauppa\/wp-json\/wp\/v2\/comments?post=6806"}],"wp:featuredmedia":[{"embeddable":true,"href":"https:\/\/www.ksttukku.fi\/kauppa\/wp-json\/wp\/v2\/media\/6807"}],"wp:attachment":[{"href":"https:\/\/www.ksttukku.fi\/kauppa\/wp-json\/wp\/v2\/media?parent=6806"}],"wp:term":[{"taxonomy":"product_brand","embeddable":true,"href":"https:\/\/www.ksttukku.fi\/kauppa\/wp-json\/wp\/v2\/product_brand?post=6806"},{"taxonomy":"product_cat","embeddable":true,"href":"https:\/\/www.ksttukku.fi\/kauppa\/wp-json\/wp\/v2\/product_cat?post=6806"},{"taxonomy":"product_tag","embeddable":true,"href":"https:\/\/www.ksttukku.fi\/kauppa\/wp-json\/wp\/v2\/product_tag?post=6806"}],"curies":[{"name":"wp","href":"https:\/\/api.w.org\/{rel}","templated":true}]}}