{"id":6855,"date":"2020-12-10T17:20:50","date_gmt":"2020-12-10T15:20:50","guid":{"rendered":"https:\/\/www.ksttukku.fi\/kauppa\/?post_type=product&#038;p=6855"},"modified":"2022-06-01T10:57:46","modified_gmt":"2022-06-01T07:57:46","slug":"kotimainen-ritilamatto-heta-60cm-tummanharmaa-33e-m","status":"publish","type":"product","link":"https:\/\/www.ksttukku.fi\/kauppa\/tuote\/kotimainen-ritilamatto-heta-60cm-tummanharmaa-33e-m\/","title":{"rendered":"Kotimainen ritil\u00e4matto Heta 60cm tummanharmaa 39\u20ac\/m"},"content":{"rendered":"<p>Kotimaisen Heta-ritil\u00e4maton k\u00e4ytt\u00f6kohteita ovat kaikki vaativatkin kosteat tilat: kylpyhuoneet, uimahallit ja saunatilat. Ritil\u00e4matto v\u00e4hent\u00e4\u00e4 liukastumisen riski\u00e4 niin suihkussa, uima-altaan reunalla kuin pukuhuoneenkin puolella.<\/p>\n<p>PVC:st\u00e4 valmistettu matto on kest\u00e4v\u00e4, helppohoitoinen ja hygieeninen ratkaisu. Heta on tukevampi kuin muut suihkumatot, sen rakenne takaa pitk\u00e4n k\u00e4ytt\u00f6i\u00e4n kovassakin k\u00e4yt\u00f6ss\u00e4.<\/p>\n<p>M\u00e4rk\u00e4tiloihin suunniteltu ritil\u00e4matto soveltuu erinomaisesti my\u00f6s suojamatoksi terassille, ty\u00f6pisteelle lievitt\u00e4m\u00e4\u00e4n seisomaty\u00f6n rasitusta tai vaikkapa venematoksi.<\/p>\n<p>Rakenteensa ansiosta Heta on helppo pit\u00e4\u00e4 puhtaana. Matto voidaan rullata kokoon ja n\u00e4in puhdistaa maton alapuoli ja lattia vaivattomasti. Tukeva, nystyr\u00f6ity ritil\u00e4 on miellytt\u00e4v\u00e4 my\u00f6s paljaille jaloille. Pintakuvioinnin ansiosta se ei ole liukas, ja pehme\u00e4n alalistan ansiosta matto pysyy eritt\u00e4in hyvin paikallaan.<\/p>\n<p>Tekniset tiedot:<\/p>\n<p><strong>Yl\u00e4lista<br \/>\n<\/strong>Kova PVC 4 x 30 mm, martioitu<\/p>\n<p><strong>Alalista<br \/>\n<\/strong>Pehme\u00e4 PVC 5 x 10 mm, musta<\/p>\n<p><strong>Paksuus<br \/>\n<\/strong>10 mm<\/p>\n<p><strong>Paino<br \/>\n<\/strong>5,5 kg\/m\u00b2<\/p>\n<p><strong>Leveys<\/strong><br \/>\n60 cm<\/p>\n","protected":false},"excerpt":{"rendered":"<p>Kotimaisen Heta-ritil\u00e4maton k\u00e4ytt\u00f6kohteita ovat kaikki vaativatkin kosteat tilat: kylpyhuoneet, uimahallit ja saunatilat. Ritil\u00e4matto v\u00e4hent\u00e4\u00e4 liukastumisen riski\u00e4 niin suihkussa, uima-altaan reunalla kuin pukuhuoneenkin puolella. PVC:st\u00e4 valmistettu matto on kest\u00e4v\u00e4, helppohoitoinen ja hygieeninen ratkaisu. Heta on tukevampi kuin muut suihkumatot, sen rakenne takaa pitk\u00e4n k\u00e4ytt\u00f6i\u00e4n kovassakin k\u00e4yt\u00f6ss\u00e4. M\u00e4rk\u00e4tiloihin suunniteltu ritil\u00e4matto soveltuu erinomaisesti my\u00f6s suojamatoksi terassille, ty\u00f6pisteelle lievitt\u00e4m\u00e4\u00e4n [&hellip;]<\/p>\n","protected":false},"featured_media":6856,"comment_status":"closed","ping_status":"closed","template":"","meta":[],"product_brand":[],"product_cat":[81,82],"product_tag":[],"class_list":{"0":"post-6855","1":"product","2":"type-product","3":"status-publish","4":"has-post-thumbnail","6":"product_cat-kosteantilanmatot","7":"product_cat-ritilamatot","9":"first","10":"instock","11":"taxable","12":"shipping-taxable","13":"purchasable","14":"product-type-simple"},"_links":{"self":[{"href":"https:\/\/www.ksttukku.fi\/kauppa\/wp-json\/wp\/v2\/product\/6855","targetHints":{"allow":["GET"]}}],"collection":[{"href":"https:\/\/www.ksttukku.fi\/kauppa\/wp-json\/wp\/v2\/product"}],"about":[{"href":"https:\/\/www.ksttukku.fi\/kauppa\/wp-json\/wp\/v2\/types\/product"}],"replies":[{"embeddable":true,"href":"https:\/\/www.ksttukku.fi\/kauppa\/wp-json\/wp\/v2\/comments?post=6855"}],"wp:featuredmedia":[{"embeddable":true,"href":"https:\/\/www.ksttukku.fi\/kauppa\/wp-json\/wp\/v2\/media\/6856"}],"wp:attachment":[{"href":"https:\/\/www.ksttukku.fi\/kauppa\/wp-json\/wp\/v2\/media?parent=6855"}],"wp:term":[{"taxonomy":"product_brand","embeddable":true,"href":"https:\/\/www.ksttukku.fi\/kauppa\/wp-json\/wp\/v2\/product_brand?post=6855"},{"taxonomy":"product_cat","embeddable":true,"href":"https:\/\/www.ksttukku.fi\/kauppa\/wp-json\/wp\/v2\/product_cat?post=6855"},{"taxonomy":"product_tag","embeddable":true,"href":"https:\/\/www.ksttukku.fi\/kauppa\/wp-json\/wp\/v2\/product_tag?post=6855"}],"curies":[{"name":"wp","href":"https:\/\/api.w.org\/{rel}","templated":true}]}}