{"id":686,"date":"2018-02-22T12:03:46","date_gmt":"2018-02-22T10:03:46","guid":{"rendered":"http:\/\/www.ksttukku.fi\/kauppa\/?post_type=product&#038;p=686"},"modified":"2021-07-21T18:03:03","modified_gmt":"2021-07-21T15:03:03","slug":"tusby-mini-ip23-valkoinen","status":"publish","type":"product","link":"https:\/\/www.ksttukku.fi\/kauppa\/tuote\/tusby-mini-ip23-valkoinen\/","title":{"rendered":"Tusby Mini IP23 valkoinen"},"content":{"rendered":"<p>Tusby Mini on pihapiirivalaisin kolmessa eri v\u00e4riss\u00e4. E27-kanta mahdollistaa erilaisten ledivalonl\u00e4hteiden k\u00e4yt\u00f6n tarpeen mukaan. Valaisimeen on saatavissa sein\u00e4teline, sek\u00e4 1,5 m tai 2 m valaisinpylv\u00e4\u00e4t, joihin saatavissa maatuki.<\/p>\n<p>Valaisimen mitat: 345 x 270 x 345 mm<\/p>\n<p>Valonl\u00e4hde: E27 (ei sis\u00e4lly pakkaukseen)<\/p>\n<p>V\u00e4ri: valkoinen<\/p>\n","protected":false},"excerpt":{"rendered":"<p>Tusby Mini on pihapiirivalaisin kolmessa eri v\u00e4riss\u00e4. E27-kanta mahdollistaa erilaisten ledivalonl\u00e4hteiden k\u00e4yt\u00f6n tarpeen mukaan. Valaisimeen on saatavissa sein\u00e4teline, sek\u00e4 1,5 m tai 2 m valaisinpylv\u00e4\u00e4t, joihin saatavissa maatuki. Valaisimen mitat: 345 x 270 x 345 mm Valonl\u00e4hde: E27 (ei sis\u00e4lly pakkaukseen) V\u00e4ri: valkoinen<\/p>\n","protected":false},"featured_media":697,"comment_status":"closed","ping_status":"closed","template":"","meta":[],"product_brand":[],"product_cat":[60,36],"product_tag":[],"class_list":{"0":"post-686","1":"product","2":"type-product","3":"status-publish","4":"has-post-thumbnail","6":"product_cat-tusby-valaisinsarja","7":"product_cat-ulkovalaisimet","9":"first","10":"outofstock","11":"taxable","12":"shipping-taxable","13":"purchasable","14":"product-type-simple"},"_links":{"self":[{"href":"https:\/\/www.ksttukku.fi\/kauppa\/wp-json\/wp\/v2\/product\/686","targetHints":{"allow":["GET"]}}],"collection":[{"href":"https:\/\/www.ksttukku.fi\/kauppa\/wp-json\/wp\/v2\/product"}],"about":[{"href":"https:\/\/www.ksttukku.fi\/kauppa\/wp-json\/wp\/v2\/types\/product"}],"replies":[{"embeddable":true,"href":"https:\/\/www.ksttukku.fi\/kauppa\/wp-json\/wp\/v2\/comments?post=686"}],"wp:featuredmedia":[{"embeddable":true,"href":"https:\/\/www.ksttukku.fi\/kauppa\/wp-json\/wp\/v2\/media\/697"}],"wp:attachment":[{"href":"https:\/\/www.ksttukku.fi\/kauppa\/wp-json\/wp\/v2\/media?parent=686"}],"wp:term":[{"taxonomy":"product_brand","embeddable":true,"href":"https:\/\/www.ksttukku.fi\/kauppa\/wp-json\/wp\/v2\/product_brand?post=686"},{"taxonomy":"product_cat","embeddable":true,"href":"https:\/\/www.ksttukku.fi\/kauppa\/wp-json\/wp\/v2\/product_cat?post=686"},{"taxonomy":"product_tag","embeddable":true,"href":"https:\/\/www.ksttukku.fi\/kauppa\/wp-json\/wp\/v2\/product_tag?post=686"}],"curies":[{"name":"wp","href":"https:\/\/api.w.org\/{rel}","templated":true}]}}