{"id":6861,"date":"2020-12-11T17:39:27","date_gmt":"2020-12-11T15:39:27","guid":{"rendered":"https:\/\/www.ksttukku.fi\/kauppa\/?post_type=product&#038;p=6861"},"modified":"2020-12-11T17:39:28","modified_gmt":"2020-12-11T15:39:28","slug":"valonsaadin-200w","status":"publish","type":"product","link":"https:\/\/www.ksttukku.fi\/kauppa\/tuote\/valonsaadin-200w\/","title":{"rendered":"Valons\u00e4\u00e4din 200W"},"content":{"rendered":"<p>LED sein\u00e4himmenin 0-200 VA. V\u00e4ri: valkoinen.<br \/>\nMin 1W, max. 200W. 2-suunta, trailing edge (tehdasasetus) \/leading edge.<br \/>\nLed (4-200VA), Hehkulamppu (20-200VA), Halogeeni (20-200VA).<\/p>\n<p>Sopii my\u00f6s 85 mm peitelevyihin.<\/p>\n<p>Mitat: 8.4 cm x 8.4 cm x 4.5 cm<\/p>\n","protected":false},"excerpt":{"rendered":"<p>LED sein\u00e4himmenin 0-200 VA. V\u00e4ri: valkoinen. Min 1W, max. 200W. 2-suunta, trailing edge (tehdasasetus) \/leading edge. Led (4-200VA), Hehkulamppu (20-200VA), Halogeeni (20-200VA). Sopii my\u00f6s 85 mm peitelevyihin. Mitat: 8.4 cm x 8.4 cm x 4.5 cm<\/p>\n","protected":false},"featured_media":6862,"comment_status":"closed","ping_status":"closed","template":"","meta":[],"product_brand":[],"product_cat":[230,308],"product_tag":[],"class_list":{"0":"post-6861","1":"product","2":"type-product","3":"status-publish","4":"has-post-thumbnail","6":"product_cat-sahkotarvikkeet","7":"product_cat-valonsaatimet","9":"first","10":"instock","11":"taxable","12":"shipping-taxable","13":"purchasable","14":"product-type-simple"},"_links":{"self":[{"href":"https:\/\/www.ksttukku.fi\/kauppa\/wp-json\/wp\/v2\/product\/6861","targetHints":{"allow":["GET"]}}],"collection":[{"href":"https:\/\/www.ksttukku.fi\/kauppa\/wp-json\/wp\/v2\/product"}],"about":[{"href":"https:\/\/www.ksttukku.fi\/kauppa\/wp-json\/wp\/v2\/types\/product"}],"replies":[{"embeddable":true,"href":"https:\/\/www.ksttukku.fi\/kauppa\/wp-json\/wp\/v2\/comments?post=6861"}],"wp:featuredmedia":[{"embeddable":true,"href":"https:\/\/www.ksttukku.fi\/kauppa\/wp-json\/wp\/v2\/media\/6862"}],"wp:attachment":[{"href":"https:\/\/www.ksttukku.fi\/kauppa\/wp-json\/wp\/v2\/media?parent=6861"}],"wp:term":[{"taxonomy":"product_brand","embeddable":true,"href":"https:\/\/www.ksttukku.fi\/kauppa\/wp-json\/wp\/v2\/product_brand?post=6861"},{"taxonomy":"product_cat","embeddable":true,"href":"https:\/\/www.ksttukku.fi\/kauppa\/wp-json\/wp\/v2\/product_cat?post=6861"},{"taxonomy":"product_tag","embeddable":true,"href":"https:\/\/www.ksttukku.fi\/kauppa\/wp-json\/wp\/v2\/product_tag?post=6861"}],"curies":[{"name":"wp","href":"https:\/\/api.w.org\/{rel}","templated":true}]}}