{"id":6879,"date":"2020-12-18T13:32:55","date_gmt":"2020-12-18T11:32:55","guid":{"rendered":"https:\/\/www.ksttukku.fi\/kauppa\/?post_type=product&#038;p=6879"},"modified":"2025-11-25T16:05:16","modified_gmt":"2025-11-25T14:05:16","slug":"rgb-led-valonauhasarja-5m-36w-ip65-ip44","status":"publish","type":"product","link":"https:\/\/www.ksttukku.fi\/kauppa\/tuote\/rgb-led-valonauhasarja-5m-36w-ip65-ip44\/","title":{"rendered":"RGB led-valonauhasarja 5m 36W IP65\/IP44"},"content":{"rendered":"<p>Silikoniletkulla suojattu LED-valonauha monipuoliseen valaistukseen. Sopii IP65 luokituksensa ansiosta my\u00f6s terassille ja saunaan, sek\u00e4 kaikkiin muihin kodin tiloihin Helppo asentaa pienehk\u00f6\u00f6n tilaan. Sis\u00e4lt\u00e4\u00e4 pistorasia-adapterin, kaukos\u00e4\u00e4timen, 5m valonauhaa<\/p>\n<p>Teho: 36 W (7,2W\/m)<\/p>\n<p>IP-luokitus: IP65 (adapteri IP44)<\/p>\n<p>&nbsp;<\/p>\n","protected":false},"excerpt":{"rendered":"<p>Silikoniletkulla suojattu LED-valonauha monipuoliseen valaistukseen. Sopii IP65 luokituksensa ansiosta my\u00f6s terassille ja saunaan, sek\u00e4 kaikkiin muihin kodin tiloihin Helppo asentaa pienehk\u00f6\u00f6n tilaan. Sis\u00e4lt\u00e4\u00e4 pistorasia-adapterin, kaukos\u00e4\u00e4timen, 5m valonauhaa Teho: 36 W (7,2W\/m) IP-luokitus: IP65 (adapteri IP44) &nbsp;<\/p>\n","protected":false},"featured_media":6881,"comment_status":"closed","ping_status":"closed","template":"","meta":[],"product_brand":[],"product_cat":[45],"product_tag":[],"class_list":{"0":"post-6879","1":"product","2":"type-product","3":"status-publish","4":"has-post-thumbnail","6":"product_cat-valonauhat","8":"first","9":"instock","10":"taxable","11":"shipping-taxable","12":"purchasable","13":"product-type-simple"},"_links":{"self":[{"href":"https:\/\/www.ksttukku.fi\/kauppa\/wp-json\/wp\/v2\/product\/6879","targetHints":{"allow":["GET"]}}],"collection":[{"href":"https:\/\/www.ksttukku.fi\/kauppa\/wp-json\/wp\/v2\/product"}],"about":[{"href":"https:\/\/www.ksttukku.fi\/kauppa\/wp-json\/wp\/v2\/types\/product"}],"replies":[{"embeddable":true,"href":"https:\/\/www.ksttukku.fi\/kauppa\/wp-json\/wp\/v2\/comments?post=6879"}],"wp:featuredmedia":[{"embeddable":true,"href":"https:\/\/www.ksttukku.fi\/kauppa\/wp-json\/wp\/v2\/media\/6881"}],"wp:attachment":[{"href":"https:\/\/www.ksttukku.fi\/kauppa\/wp-json\/wp\/v2\/media?parent=6879"}],"wp:term":[{"taxonomy":"product_brand","embeddable":true,"href":"https:\/\/www.ksttukku.fi\/kauppa\/wp-json\/wp\/v2\/product_brand?post=6879"},{"taxonomy":"product_cat","embeddable":true,"href":"https:\/\/www.ksttukku.fi\/kauppa\/wp-json\/wp\/v2\/product_cat?post=6879"},{"taxonomy":"product_tag","embeddable":true,"href":"https:\/\/www.ksttukku.fi\/kauppa\/wp-json\/wp\/v2\/product_tag?post=6879"}],"curies":[{"name":"wp","href":"https:\/\/api.w.org\/{rel}","templated":true}]}}