{"id":6888,"date":"2020-12-19T13:08:41","date_gmt":"2020-12-19T11:08:41","guid":{"rendered":"https:\/\/www.ksttukku.fi\/kauppa\/?post_type=product&#038;p=6888"},"modified":"2020-12-19T13:08:41","modified_gmt":"2020-12-19T11:08:41","slug":"trinidad-riippuvalaisin-bambu","status":"publish","type":"product","link":"https:\/\/www.ksttukku.fi\/kauppa\/tuote\/trinidad-riippuvalaisin-bambu\/","title":{"rendered":"Trinidad riippuvalaisin bambu"},"content":{"rendered":"<p>Riippuvalaisin bambua.<br \/>\nIP20, luokka 2. E27, max 25W. Ei sis\u00e4ll\u00e4 valonl\u00e4hdett\u00e4.<br \/>\n200 cm pitk\u00e4 valkoinen johto.<br \/>\nSokeripalaliit\u00e4nt\u00e4.<br \/>\nValkoinen kattokuppi, halkaisija 12,5 cm ja korkeus 8,5 cm.<\/p>\n","protected":false},"excerpt":{"rendered":"<p>Riippuvalaisin bambua. IP20, luokka 2. E27, max 25W. Ei sis\u00e4ll\u00e4 valonl\u00e4hdett\u00e4. 200 cm pitk\u00e4 valkoinen johto. Sokeripalaliit\u00e4nt\u00e4. Valkoinen kattokuppi, halkaisija 12,5 cm ja korkeus 8,5 cm.<\/p>\n","protected":false},"featured_media":6890,"comment_status":"closed","ping_status":"closed","template":"","meta":[],"product_brand":[],"product_cat":[49,35,34],"product_tag":[],"class_list":{"0":"post-6888","1":"product","2":"type-product","3":"status-publish","4":"has-post-thumbnail","6":"product_cat-riippuvalaisimet","7":"product_cat-sisavalaisimet","8":"product_cat-valaisimet","10":"first","11":"instock","12":"taxable","13":"shipping-taxable","14":"purchasable","15":"product-type-simple"},"_links":{"self":[{"href":"https:\/\/www.ksttukku.fi\/kauppa\/wp-json\/wp\/v2\/product\/6888","targetHints":{"allow":["GET"]}}],"collection":[{"href":"https:\/\/www.ksttukku.fi\/kauppa\/wp-json\/wp\/v2\/product"}],"about":[{"href":"https:\/\/www.ksttukku.fi\/kauppa\/wp-json\/wp\/v2\/types\/product"}],"replies":[{"embeddable":true,"href":"https:\/\/www.ksttukku.fi\/kauppa\/wp-json\/wp\/v2\/comments?post=6888"}],"wp:featuredmedia":[{"embeddable":true,"href":"https:\/\/www.ksttukku.fi\/kauppa\/wp-json\/wp\/v2\/media\/6890"}],"wp:attachment":[{"href":"https:\/\/www.ksttukku.fi\/kauppa\/wp-json\/wp\/v2\/media?parent=6888"}],"wp:term":[{"taxonomy":"product_brand","embeddable":true,"href":"https:\/\/www.ksttukku.fi\/kauppa\/wp-json\/wp\/v2\/product_brand?post=6888"},{"taxonomy":"product_cat","embeddable":true,"href":"https:\/\/www.ksttukku.fi\/kauppa\/wp-json\/wp\/v2\/product_cat?post=6888"},{"taxonomy":"product_tag","embeddable":true,"href":"https:\/\/www.ksttukku.fi\/kauppa\/wp-json\/wp\/v2\/product_tag?post=6888"}],"curies":[{"name":"wp","href":"https:\/\/api.w.org\/{rel}","templated":true}]}}