{"id":6916,"date":"2020-12-23T17:18:45","date_gmt":"2020-12-23T15:18:45","guid":{"rendered":"https:\/\/www.ksttukku.fi\/kauppa\/?post_type=product&#038;p=6916"},"modified":"2024-12-04T15:04:32","modified_gmt":"2024-12-04T13:04:32","slug":"akustiikkalevy-9x1220x2440mm-marmori","status":"publish","type":"product","link":"https:\/\/www.ksttukku.fi\/kauppa\/tuote\/akustiikkalevy-9x1220x2440mm-marmori\/","title":{"rendered":"Akustiikkalevy 9x1220x2440mm marmori"},"content":{"rendered":"<p>Akustiikkalevyt on valmistettu polyesterist\u00e4. Levyt ovat kevyit\u00e4 ja helppoja kiinnitt\u00e4\u00e4. Akustiikkalevy erist\u00e4\u00e4 ja vaimentaa \u00e4\u00e4nt\u00e4 tehokkaasti. Pinnaltaan akustiikkalevyt ovat kauniin el\u00e4v\u00e4isi\u00e4. Ne ovat l\u00e4piv\u00e4rj\u00e4ttyj\u00e4 ja paksuudeltaan 9 tai 22 millimetri\u00e4.<\/p>\n<p>Akustiikkalevyj\u00e4 voidaan k\u00e4ytt\u00e4\u00e4 sein\u00e4kkeiss\u00e4, seiniss\u00e4 tai katoissa.<\/p>\n<p>Akustiikkalevyn paloluokka: B-s1, d0 , mik\u00e4 tarkoittaa ett\u00e4 levy\u00e4 voidaan k\u00e4ytt\u00e4\u00e4 esim. kouluissa, p\u00e4iv\u00e4kodeissa ym. julkisissa tiloissa.<\/p>\n<p>Akustiikkalevyj\u00e4 voidaan leikata katkoter\u00e4veitsell\u00e4 tasaista pintaa vasten. Levyj\u00e4 voidaan leikata my\u00f6s viisteeseen, jolloin esimerkiksi sein\u00e4n sis\u00e4nurkkaa p\u00e4\u00e4llystett\u00e4ess\u00e4 levyt asettuu saumattomasti toisiinsa. Leikattuja reunoja voidaan tarvittaessa py\u00f6rist\u00e4\u00e4 esimerkiksi k\u00e4sih\u00f6yl\u00e4ll\u00e4.<\/p>\n<p>Levyjen kiinnitt\u00e4minen tehd\u00e4\u00e4n liimalla. Kiinnitys voidaan varmistaa viimeistelynaulaimella tarvittaessa. Liimana suositellaan k\u00e4ytett\u00e4v\u00e4n suihkutettavaa liimaa, sulateliimaa, valkoista liimaa tai lasiliimaa.<\/p>\n<p>Tuotetiedot:<\/p>\n<p>50 % luonnollinen polyesteri<\/p>\n<p>50 % kierr\u00e4tetty polyesteri<\/p>\n<p>0-0,5 % titaanioksidi<\/p>\n<p>l\u00e4piv\u00e4rj\u00e4tty natriumsulfaatilla ja soodalla<\/p>\n<p>Levyn koko: 1220 x 2440 x 9 mm<\/p>\n<p>Levyn j\u00e4ykkyyden m\u00e4\u00e4rittelee sen tiheys.<\/p>\n","protected":false},"excerpt":{"rendered":"<p>Akustiikkalevyt on valmistettu polyesterist\u00e4. Levyt ovat kevyit\u00e4 ja helppoja kiinnitt\u00e4\u00e4. Akustiikkalevy erist\u00e4\u00e4 ja vaimentaa \u00e4\u00e4nt\u00e4 tehokkaasti. Pinnaltaan akustiikkalevyt ovat kauniin el\u00e4v\u00e4isi\u00e4. Ne ovat l\u00e4piv\u00e4rj\u00e4ttyj\u00e4 ja paksuudeltaan 9 tai 22 millimetri\u00e4. Akustiikkalevyj\u00e4 voidaan k\u00e4ytt\u00e4\u00e4 sein\u00e4kkeiss\u00e4, seiniss\u00e4 tai katoissa. Akustiikkalevyn paloluokka: B-s1, d0 , mik\u00e4 tarkoittaa ett\u00e4 levy\u00e4 voidaan k\u00e4ytt\u00e4\u00e4 esim. kouluissa, p\u00e4iv\u00e4kodeissa ym. julkisissa tiloissa. Akustiikkalevyj\u00e4 [&hellip;]<\/p>\n","protected":false},"featured_media":6908,"comment_status":"closed","ping_status":"closed","template":"","meta":[],"product_brand":[],"product_cat":[358,245],"product_tag":[],"class_list":{"0":"post-6916","1":"product","2":"type-product","3":"status-publish","4":"has-post-thumbnail","6":"product_cat-akustiikkalevyt","7":"product_cat-sisustuslevyt","9":"first","10":"instock","11":"taxable","12":"shipping-taxable","13":"purchasable","14":"product-type-simple"},"_links":{"self":[{"href":"https:\/\/www.ksttukku.fi\/kauppa\/wp-json\/wp\/v2\/product\/6916","targetHints":{"allow":["GET"]}}],"collection":[{"href":"https:\/\/www.ksttukku.fi\/kauppa\/wp-json\/wp\/v2\/product"}],"about":[{"href":"https:\/\/www.ksttukku.fi\/kauppa\/wp-json\/wp\/v2\/types\/product"}],"replies":[{"embeddable":true,"href":"https:\/\/www.ksttukku.fi\/kauppa\/wp-json\/wp\/v2\/comments?post=6916"}],"wp:featuredmedia":[{"embeddable":true,"href":"https:\/\/www.ksttukku.fi\/kauppa\/wp-json\/wp\/v2\/media\/6908"}],"wp:attachment":[{"href":"https:\/\/www.ksttukku.fi\/kauppa\/wp-json\/wp\/v2\/media?parent=6916"}],"wp:term":[{"taxonomy":"product_brand","embeddable":true,"href":"https:\/\/www.ksttukku.fi\/kauppa\/wp-json\/wp\/v2\/product_brand?post=6916"},{"taxonomy":"product_cat","embeddable":true,"href":"https:\/\/www.ksttukku.fi\/kauppa\/wp-json\/wp\/v2\/product_cat?post=6916"},{"taxonomy":"product_tag","embeddable":true,"href":"https:\/\/www.ksttukku.fi\/kauppa\/wp-json\/wp\/v2\/product_tag?post=6916"}],"curies":[{"name":"wp","href":"https:\/\/api.w.org\/{rel}","templated":true}]}}