{"id":6980,"date":"2021-01-08T17:29:58","date_gmt":"2021-01-08T15:29:58","guid":{"rendered":"https:\/\/www.ksttukku.fi\/kauppa\/?post_type=product&#038;p=6980"},"modified":"2021-01-08T17:29:59","modified_gmt":"2021-01-08T15:29:59","slug":"led-teollisuusvalaisin-17-33w-2100-4000lm-1210mm","status":"publish","type":"product","link":"https:\/\/www.ksttukku.fi\/kauppa\/tuote\/led-teollisuusvalaisin-17-33w-2100-4000lm-1210mm\/","title":{"rendered":"LED-teollisuusvalaisin 17\/33W 2100\/4000lm 1210mm"},"content":{"rendered":"<p><span id=\"data1\" class=\"pt1\">Kaksi teho-\/ valotehovalintaa.<\/p>\n<p>Runkomateriaali: muovi<br \/>\nValaisimen v\u00e4ri: matta harmaa<br \/>\nJ\u00e4nnite: 220-240 V ~50\/60 Hz<br \/>\nTeho: 17 W\/ 33 W<br \/>\nValoteho: 2100 lm\/ 4000 lm<br \/>\nV\u00e4ril\u00e4mp\u00f6tila: 4000 K<br \/>\nAvauskulma: 160\u00b0<br \/>\nV\u00e4rintoistoindeksi: &gt;80<br \/>\nTehokerroin: &gt;0.9<br \/>\nIskunkest\u00e4vyys: IK08<br \/>\nTuotten mitat: 1210 x 55 x 55 mm<br \/>\nKotelointiluokka: IP66<br \/>\nK\u00e4ytt\u00f6l\u00e4mp\u00f6tila: -30\u00b0C- +50\u00b0C<br \/>\nSuojausluokka: I<br \/>\nElinik\u00e4: ~50.000 tuntia<br \/>\nP\u00e4\u00e4lle &#8211; pos: ~100.000 kertaa<br \/>\nEi voi himment\u00e4\u00e4 erillisell\u00e4 himmentimell\u00e4.<br \/>\nKetjutettavissa. <\/span><\/p>\n","protected":false},"excerpt":{"rendered":"<p>Megaman TARON teollisuusvalaisin on p\u00f6lytiivis, vedenkest\u00e4v\u00e4 ja v\u00e4rin\u00e4t\u00f6n runkovalaisin, joka sopii esimerkiksi teollisuusk\u00e4ytt\u00f6\u00f6n, maatalouteen tai pys\u00e4k\u00f6intihalleihin. Valittava valoteho (2-portainen) ja nelinapainen l\u00e4pijohdotus tekev\u00e4t TARONista eritt\u00e4in monipuolisen.<\/p>\n","protected":false},"featured_media":6981,"comment_status":"closed","ping_status":"closed","template":"","meta":[],"product_brand":[],"product_cat":[61],"product_tag":[],"class_list":{"0":"post-6980","1":"product","2":"type-product","3":"status-publish","4":"has-post-thumbnail","6":"product_cat-yleisvalaisimet","8":"first","9":"instock","10":"taxable","11":"shipping-taxable","12":"purchasable","13":"product-type-simple"},"_links":{"self":[{"href":"https:\/\/www.ksttukku.fi\/kauppa\/wp-json\/wp\/v2\/product\/6980","targetHints":{"allow":["GET"]}}],"collection":[{"href":"https:\/\/www.ksttukku.fi\/kauppa\/wp-json\/wp\/v2\/product"}],"about":[{"href":"https:\/\/www.ksttukku.fi\/kauppa\/wp-json\/wp\/v2\/types\/product"}],"replies":[{"embeddable":true,"href":"https:\/\/www.ksttukku.fi\/kauppa\/wp-json\/wp\/v2\/comments?post=6980"}],"wp:featuredmedia":[{"embeddable":true,"href":"https:\/\/www.ksttukku.fi\/kauppa\/wp-json\/wp\/v2\/media\/6981"}],"wp:attachment":[{"href":"https:\/\/www.ksttukku.fi\/kauppa\/wp-json\/wp\/v2\/media?parent=6980"}],"wp:term":[{"taxonomy":"product_brand","embeddable":true,"href":"https:\/\/www.ksttukku.fi\/kauppa\/wp-json\/wp\/v2\/product_brand?post=6980"},{"taxonomy":"product_cat","embeddable":true,"href":"https:\/\/www.ksttukku.fi\/kauppa\/wp-json\/wp\/v2\/product_cat?post=6980"},{"taxonomy":"product_tag","embeddable":true,"href":"https:\/\/www.ksttukku.fi\/kauppa\/wp-json\/wp\/v2\/product_tag?post=6980"}],"curies":[{"name":"wp","href":"https:\/\/api.w.org\/{rel}","templated":true}]}}